{"id":7746,"date":"2026-02-23T13:55:13","date_gmt":"2026-02-23T12:55:13","guid":{"rendered":"https:\/\/www.resortvillagemajer.si\/?page_id=7746"},"modified":"2026-03-29T17:10:42","modified_gmt":"2026-03-29T15:10:42","slug":"glamping-resort-village-majer","status":"publish","type":"page","link":"https:\/\/www.resortvillagemajer.si\/hr\/glamping\/","title":{"rendered":"Glamping &#8211; Resort Village Majer"},"content":{"rendered":"[vc_row type=&#8221;in_container&#8221; full_screen_row_position=&#8221;middle&#8221; column_margin=&#8221;default&#8221; column_direction=&#8221;default&#8221; column_direction_tablet=&#8221;default&#8221; column_direction_phone=&#8221;default&#8221; scene_position=&#8221;center&#8221; bottom_padding=&#8221;50&#8243; bottom_padding_phone=&#8221;0&#8243; text_color=&#8221;dark&#8221; text_align=&#8221;left&#8221; row_border_radius=&#8221;none&#8221; row_border_radius_applies=&#8221;bg&#8221; overflow=&#8221;visible&#8221; overlay_strength=&#8221;0.3&#8243; gradient_direction=&#8221;left_to_right&#8221; shape_divider_position=&#8221;bottom&#8221; bg_image_animation=&#8221;none&#8221; shape_type=&#8221;&#8221;][vc_column column_padding=&#8221;no-extra-padding&#8221; column_padding_tablet=&#8221;inherit&#8221; column_padding_phone=&#8221;inherit&#8221; column_padding_position=&#8221;all&#8221; column_element_spacing=&#8221;default&#8221; background_color_opacity=&#8221;1&#8243; background_hover_color_opacity=&#8221;1&#8243; column_shadow=&#8221;none&#8221; column_border_radius=&#8221;none&#8221; column_link_target=&#8221;_self&#8221; column_position=&#8221;default&#8221; gradient_direction=&#8221;left_to_right&#8221; overlay_strength=&#8221;0.3&#8243; width=&#8221;1\/1&#8243; tablet_width_inherit=&#8221;default&#8221; tablet_text_alignment=&#8221;default&#8221; phone_text_alignment=&#8221;default&#8221; animation_type=&#8221;default&#8221; bg_image_animation=&#8221;none&#8221; border_type=&#8221;simple&#8221; column_border_width=&#8221;none&#8221; column_border_style=&#8221;solid&#8221;][vc_column_text]\n<p data-start=\"57\" data-end=\"224\">Vrijeme je da udahnete na druga\u010diji na\u010din, da \u010dujete prirodu umjesto prometa i ve\u010deri provedete u miru koji mo\u017ee ponuditi Bela krajina.<\/p>\n<p data-start=\"226\" data-end=\"932\">U rasko\u0161nim glamping ku\u0107icama o\u010dekuje vas neusporediva udobnost. Mo\u017eete u\u017eivati u spa do\u017eivljaju sa saunama i jacuzzijem, opu\u0161tati se uz masa\u017ee, relaksirati uz vanjski bazen ili se zabaviti u vanjskom fitness parku. Djeca \u0107e odmah otkriti izvanredan poligon za igru, a svi zajedno mo\u017eda i novi izazov na terenu za multi-golf. Ako vam se prispava ve\u010der s degustacijom izvanrednih vina iz Bele krajine, \u010dekamo vas u privatnom vinskom podrumu. Za ve\u0107e skupine dostupna su dru\u017eenja ispod tradicionalnog kozolca. Tako\u0111er je mogu\u0107e iznajmiti obi\u010dna ili elektri\u010dna bicikla za istra\u017eivanje Bele krajine. Sve to upotpunjuje obilje dobre energije zbog koje \u0107ete se ku\u0107i vra\u0107ati lak\u0161im koracima i \u0161irokim osmijehom.<\/p>\n<p data-start=\"934\" data-end=\"1122\">Glamping Posjed Majer je jedinstvena oaza mira s bogatim sadr\u017eajem i u zagrljaju netaknute prirode \u2013 mjesto gdje um odmara, du\u0161a se smiruje, a srce zaigra. U sklopu posjeda prona\u0107i \u0107ete:<\/p>\n<ul>\n<li data-start=\"1126\" data-end=\"1155\">8 rasko\u0161nih glamping ku\u0107ica,<\/li>\n<li data-start=\"1158\" data-end=\"1188\">SPA sa sauno i jacuzzijem,<\/li>\n<li data-start=\"1191\" data-end=\"1211\">prostor za masa\u017ee,<\/li>\n<li data-start=\"1214\" data-end=\"1230\">vanjski bazen,<\/li>\n<li data-start=\"1233\" data-end=\"1256\">vanjski fitness park,<\/li>\n<li data-start=\"1259\" data-end=\"1286\">dje\u010dje igrali\u0161te,<\/li>\n<li data-start=\"1289\" data-end=\"1311\">teren za multi-golf,<\/li>\n<li data-start=\"1314\" data-end=\"1339\">privatni vinski podrum,<\/li>\n<li data-start=\"1342\" data-end=\"1383\">vi\u0161efunkcionalni tradicionalni kozolec.<\/li>\n<\/ul>\n<p data-start=\"1385\" data-end=\"1480\">Toplo preporu\u010dujemo i na\u0161e doru\u010dke, gdje nikada ne nedostaje doma\u0107ih delicija s OPG-a Hlebec.<\/p>\n[\/vc_column_text][vc_gallery type=&#8221;flickity_static_height_style&#8221; images=&#8221;7650,7960,7795,7654,7809,7813,7791,7658,6707,6721,6729,6651&#8243; flickity_spacing=&#8221;default&#8221; flickity_controls=&#8221;pagination&#8221; flickity_overflow=&#8221;hidden&#8221; flickity_wrap_around=&#8221;wrap&#8221; flickity_box_shadow=&#8221;none&#8221; image_loading=&#8221;default&#8221; onclick=&#8221;link_image&#8221; flickity_img_height=&#8221;300&#8243;][\/vc_column][\/vc_row]\n","protected":false},"excerpt":{"rendered":"<p>[vc_row type=&#8221;in_container&#8221; full_screen_row_position=&#8221;middle&#8221; column_margin=&#8221;default&#8221; column_direction=&#8221;default&#8221; column_direction_tablet=&#8221;default&#8221; column_direction_phone=&#8221;default&#8221; scene_position=&#8221;center&#8221; bottom_padding=&#8221;50&#8243; bottom_padding_phone=&#8221;0&#8243; text_color=&#8221;dark&#8221; text_align=&#8221;left&#8221; row_border_radius=&#8221;none&#8221; row_border_radius_applies=&#8221;bg&#8221; overflow=&#8221;visible&#8221; overlay_strength=&#8221;0.3&#8243; gradient_direction=&#8221;left_to_right&#8221; shape_divider_position=&#8221;bottom&#8221; bg_image_animation=&#8221;none&#8221; shape_type=&#8221;&#8221;][vc_column column_padding=&#8221;no-extra-padding&#8221; column_padding_tablet=&#8221;inherit&#8221; column_padding_phone=&#8221;inherit&#8221; column_padding_position=&#8221;all&#8221; column_element_spacing=&#8221;default&#8221; background_color_opacity=&#8221;1&#8243; background_hover_color_opacity=&#8221;1&#8243; column_shadow=&#8221;none&#8221; column_border_radius=&#8221;none&#8221; column_link_target=&#8221;_self&#8221;&#8230;<\/p>\n","protected":false},"author":11,"featured_media":0,"parent":0,"menu_order":1,"comment_status":"closed","ping_status":"closed","template":"","meta":{"footnotes":""},"class_list":["post-7746","page","type-page","status-publish"],"yoast_head":"<!-- This site is optimized with the Yoast SEO plugin v27.2 - https:\/\/yoast.com\/product\/yoast-seo-wordpress\/ -->\n<title>Glamping - Resort Village Majer<\/title>\n<meta name=\"description\" content=\"Idili\u010dni Resort Village Majer ponuja glamping, suite in apartmaje ob Kolpi \u2013 u\u017eitek narave in udobja.\" \/>\n<meta name=\"robots\" content=\"index, follow, max-snippet:-1, max-image-preview:large, max-video-preview:-1\" \/>\n<link rel=\"canonical\" href=\"https:\/\/www.resortvillagemajer.si\/hr\/glamping\/\" \/>\n<meta property=\"og:locale\" content=\"hr_HR\" \/>\n<meta property=\"og:type\" content=\"article\" \/>\n<meta property=\"og:title\" content=\"Glamping - Resort Village Majer\" \/>\n<meta property=\"og:description\" content=\"Idili\u010dni Resort Village Majer ponuja glamping, suite in apartmaje ob Kolpi \u2013 u\u017eitek narave in udobja.\" \/>\n<meta property=\"og:url\" content=\"https:\/\/www.resortvillagemajer.si\/hr\/glamping\/\" \/>\n<meta property=\"og:site_name\" content=\"Resort Village Majer\" \/>\n<meta property=\"article:publisher\" content=\"https:\/\/www.facebook.com\/ResortVillageMajer\" \/>\n<meta property=\"article:modified_time\" content=\"2026-03-29T15:10:42+00:00\" \/>\n<meta property=\"og:image\" content=\"https:\/\/www.resortvillagemajer.si\/wp-content\/uploads\/2021\/03\/logo.230x185.pokoncen.png\" \/>\n\t<meta property=\"og:image:width\" content=\"230\" \/>\n\t<meta property=\"og:image:height\" content=\"185\" \/>\n\t<meta property=\"og:image:type\" content=\"image\/png\" \/>\n<meta name=\"twitter:card\" content=\"summary_large_image\" \/>\n<meta name=\"twitter:label1\" content=\"Procijenjeno vrijeme \u010ditanja\" \/>\n\t<meta name=\"twitter:data1\" content=\"4 minute\" \/>\n<script type=\"application\/ld+json\" class=\"yoast-schema-graph\">{\"@context\":\"https:\/\/schema.org\",\"@graph\":[{\"@type\":\"WebPage\",\"@id\":\"https:\/\/www.resortvillagemajer.si\/hr\/glamping\/\",\"url\":\"https:\/\/www.resortvillagemajer.si\/hr\/glamping\/\",\"name\":\"Glamping - Resort Village Majer\",\"isPartOf\":{\"@id\":\"https:\/\/www.resortvillagemajer.si\/hr\/#website\"},\"datePublished\":\"2026-02-23T12:55:13+00:00\",\"dateModified\":\"2026-03-29T15:10:42+00:00\",\"description\":\"Idili\u010dni Resort Village Majer ponuja glamping, suite in apartmaje ob Kolpi \u2013 u\u017eitek narave in udobja.\",\"breadcrumb\":{\"@id\":\"https:\/\/www.resortvillagemajer.si\/hr\/glamping\/#breadcrumb\"},\"inLanguage\":\"hr\",\"potentialAction\":[{\"@type\":\"ReadAction\",\"target\":[\"https:\/\/www.resortvillagemajer.si\/hr\/glamping\/\"]}]},{\"@type\":\"BreadcrumbList\",\"@id\":\"https:\/\/www.resortvillagemajer.si\/hr\/glamping\/#breadcrumb\",\"itemListElement\":[{\"@type\":\"ListItem\",\"position\":1,\"name\":\"Home\",\"item\":\"https:\/\/www.resortvillagemajer.si\/hr\/\"},{\"@type\":\"ListItem\",\"position\":2,\"name\":\"Glamping &#8211; Resort Village Majer\"}]},{\"@type\":\"WebSite\",\"@id\":\"https:\/\/www.resortvillagemajer.si\/hr\/#website\",\"url\":\"https:\/\/www.resortvillagemajer.si\/hr\/\",\"name\":\"Resort Village Majer\",\"description\":\"Srce Bele krajine\",\"publisher\":{\"@id\":\"https:\/\/www.resortvillagemajer.si\/hr\/#organization\"},\"potentialAction\":[{\"@type\":\"SearchAction\",\"target\":{\"@type\":\"EntryPoint\",\"urlTemplate\":\"https:\/\/www.resortvillagemajer.si\/hr\/?s={search_term_string}\"},\"query-input\":{\"@type\":\"PropertyValueSpecification\",\"valueRequired\":true,\"valueName\":\"search_term_string\"}}],\"inLanguage\":\"hr\"},{\"@type\":\"Organization\",\"@id\":\"https:\/\/www.resortvillagemajer.si\/hr\/#organization\",\"name\":\"Majer Resort Village\",\"url\":\"https:\/\/www.resortvillagemajer.si\/hr\/\",\"logo\":{\"@type\":\"ImageObject\",\"inLanguage\":\"hr\",\"@id\":\"https:\/\/www.resortvillagemajer.si\/hr\/#\/schema\/logo\/image\/\",\"url\":\"https:\/\/www.resortvillagemajer.si\/wp-content\/uploads\/2021\/03\/logo.230x185.pokoncen.png\",\"contentUrl\":\"https:\/\/www.resortvillagemajer.si\/wp-content\/uploads\/2021\/03\/logo.230x185.pokoncen.png\",\"width\":230,\"height\":185,\"caption\":\"Majer Resort Village\"},\"image\":{\"@id\":\"https:\/\/www.resortvillagemajer.si\/hr\/#\/schema\/logo\/image\/\"},\"sameAs\":[\"https:\/\/www.facebook.com\/ResortVillageMajer\",\"https:\/\/www.instagram.com\/ResortVillageMajer\",\"https:\/\/www.tripadvisor.com\/ResortVillageMajer\"]}]}<\/script>\n<!-- \/ Yoast SEO plugin. -->","yoast_head_json":{"title":"Glamping - Resort Village Majer","description":"Idili\u010dni Resort Village Majer ponuja glamping, suite in apartmaje ob Kolpi \u2013 u\u017eitek narave in udobja.","robots":{"index":"index","follow":"follow","max-snippet":"max-snippet:-1","max-image-preview":"max-image-preview:large","max-video-preview":"max-video-preview:-1"},"canonical":"https:\/\/www.resortvillagemajer.si\/hr\/glamping\/","og_locale":"hr_HR","og_type":"article","og_title":"Glamping - Resort Village Majer","og_description":"Idili\u010dni Resort Village Majer ponuja glamping, suite in apartmaje ob Kolpi \u2013 u\u017eitek narave in udobja.","og_url":"https:\/\/www.resortvillagemajer.si\/hr\/glamping\/","og_site_name":"Resort Village Majer","article_publisher":"https:\/\/www.facebook.com\/ResortVillageMajer","article_modified_time":"2026-03-29T15:10:42+00:00","og_image":[{"width":230,"height":185,"url":"https:\/\/www.resortvillagemajer.si\/wp-content\/uploads\/2021\/03\/logo.230x185.pokoncen.png","type":"image\/png"}],"twitter_card":"summary_large_image","twitter_misc":{"Procijenjeno vrijeme \u010ditanja":"4 minute"},"schema":{"@context":"https:\/\/schema.org","@graph":[{"@type":"WebPage","@id":"https:\/\/www.resortvillagemajer.si\/hr\/glamping\/","url":"https:\/\/www.resortvillagemajer.si\/hr\/glamping\/","name":"Glamping - Resort Village Majer","isPartOf":{"@id":"https:\/\/www.resortvillagemajer.si\/hr\/#website"},"datePublished":"2026-02-23T12:55:13+00:00","dateModified":"2026-03-29T15:10:42+00:00","description":"Idili\u010dni Resort Village Majer ponuja glamping, suite in apartmaje ob Kolpi \u2013 u\u017eitek narave in udobja.","breadcrumb":{"@id":"https:\/\/www.resortvillagemajer.si\/hr\/glamping\/#breadcrumb"},"inLanguage":"hr","potentialAction":[{"@type":"ReadAction","target":["https:\/\/www.resortvillagemajer.si\/hr\/glamping\/"]}]},{"@type":"BreadcrumbList","@id":"https:\/\/www.resortvillagemajer.si\/hr\/glamping\/#breadcrumb","itemListElement":[{"@type":"ListItem","position":1,"name":"Home","item":"https:\/\/www.resortvillagemajer.si\/hr\/"},{"@type":"ListItem","position":2,"name":"Glamping &#8211; Resort Village Majer"}]},{"@type":"WebSite","@id":"https:\/\/www.resortvillagemajer.si\/hr\/#website","url":"https:\/\/www.resortvillagemajer.si\/hr\/","name":"Resort Village Majer","description":"Srce Bele krajine","publisher":{"@id":"https:\/\/www.resortvillagemajer.si\/hr\/#organization"},"potentialAction":[{"@type":"SearchAction","target":{"@type":"EntryPoint","urlTemplate":"https:\/\/www.resortvillagemajer.si\/hr\/?s={search_term_string}"},"query-input":{"@type":"PropertyValueSpecification","valueRequired":true,"valueName":"search_term_string"}}],"inLanguage":"hr"},{"@type":"Organization","@id":"https:\/\/www.resortvillagemajer.si\/hr\/#organization","name":"Majer Resort Village","url":"https:\/\/www.resortvillagemajer.si\/hr\/","logo":{"@type":"ImageObject","inLanguage":"hr","@id":"https:\/\/www.resortvillagemajer.si\/hr\/#\/schema\/logo\/image\/","url":"https:\/\/www.resortvillagemajer.si\/wp-content\/uploads\/2021\/03\/logo.230x185.pokoncen.png","contentUrl":"https:\/\/www.resortvillagemajer.si\/wp-content\/uploads\/2021\/03\/logo.230x185.pokoncen.png","width":230,"height":185,"caption":"Majer Resort Village"},"image":{"@id":"https:\/\/www.resortvillagemajer.si\/hr\/#\/schema\/logo\/image\/"},"sameAs":["https:\/\/www.facebook.com\/ResortVillageMajer","https:\/\/www.instagram.com\/ResortVillageMajer","https:\/\/www.tripadvisor.com\/ResortVillageMajer"]}]}},"_links":{"self":[{"href":"https:\/\/www.resortvillagemajer.si\/hr\/wp-json\/wp\/v2\/pages\/7746","targetHints":{"allow":["GET"]}}],"collection":[{"href":"https:\/\/www.resortvillagemajer.si\/hr\/wp-json\/wp\/v2\/pages"}],"about":[{"href":"https:\/\/www.resortvillagemajer.si\/hr\/wp-json\/wp\/v2\/types\/page"}],"author":[{"embeddable":true,"href":"https:\/\/www.resortvillagemajer.si\/hr\/wp-json\/wp\/v2\/users\/11"}],"replies":[{"embeddable":true,"href":"https:\/\/www.resortvillagemajer.si\/hr\/wp-json\/wp\/v2\/comments?post=7746"}],"version-history":[{"count":9,"href":"https:\/\/www.resortvillagemajer.si\/hr\/wp-json\/wp\/v2\/pages\/7746\/revisions"}],"predecessor-version":[{"id":7999,"href":"https:\/\/www.resortvillagemajer.si\/hr\/wp-json\/wp\/v2\/pages\/7746\/revisions\/7999"}],"wp:attachment":[{"href":"https:\/\/www.resortvillagemajer.si\/hr\/wp-json\/wp\/v2\/media?parent=7746"}],"curies":[{"name":"wp","href":"https:\/\/api.w.org\/{rel}","templated":true}]}}