{"id":7118,"date":"2022-08-10T12:58:03","date_gmt":"2022-08-10T10:58:03","guid":{"rendered":"https:\/\/www.resortvillagemajer.si\/pozanimajte-se-o-nasi-ponudbi\/"},"modified":"2025-09-22T17:54:20","modified_gmt":"2025-09-22T15:54:20","slug":"pozanimajte-se-o-nasi-ponudbi","status":"publish","type":"page","link":"https:\/\/www.resortvillagemajer.si\/hr\/prijava\/","title":{"rendered":"Organizacija doga\u0111aja"},"content":{"rendered":"[vc_row type=&#8221;full_width_background&#8221; full_screen_row_position=&#8221;middle&#8221; column_margin=&#8221;default&#8221; column_direction=&#8221;default&#8221; column_direction_tablet=&#8221;default&#8221; column_direction_phone=&#8221;default&#8221; bg_color=&#8221;#ffffff&#8221; scene_position=&#8221;center&#8221; top_padding=&#8221;80&#8243; bottom_padding=&#8221;80&#8243; text_color=&#8221;dark&#8221; text_align=&#8221;left&#8221; row_border_radius=&#8221;none&#8221; row_border_radius_applies=&#8221;bg&#8221; overflow=&#8221;visible&#8221; overlay_strength=&#8221;0.3&#8243; gradient_direction=&#8221;left_to_right&#8221; shape_divider_position=&#8221;bottom&#8221; bg_image_animation=&#8221;none&#8221; shape_type=&#8221;&#8221;][vc_column column_padding=&#8221;no-extra-padding&#8221; column_padding_tablet=&#8221;inherit&#8221; column_padding_phone=&#8221;inherit&#8221; column_padding_position=&#8221;all&#8221; column_element_spacing=&#8221;default&#8221; background_color_opacity=&#8221;1&#8243; background_hover_color_opacity=&#8221;1&#8243; column_shadow=&#8221;none&#8221; column_border_radius=&#8221;none&#8221; column_link_target=&#8221;_self&#8221; column_position=&#8221;default&#8221; gradient_direction=&#8221;left_to_right&#8221; overlay_strength=&#8221;0.3&#8243; width=&#8221;1\/1&#8243; tablet_width_inherit=&#8221;default&#8221; tablet_text_alignment=&#8221;default&#8221; phone_text_alignment=&#8221;default&#8221; animation_type=&#8221;default&#8221; bg_image_animation=&#8221;none&#8221; border_type=&#8221;simple&#8221; column_border_width=&#8221;none&#8221; column_border_style=&#8221;solid&#8221;][vc_custom_heading text=&#8221;Kako vam mo\u017eemo pomo\u0107i?&#8221; font_container=&#8221;tag:h2|text_align:center&#8221; use_theme_fonts=&#8221;yes&#8221;][divider line_type=&#8221;No Line&#8221; custom_height=&#8221;100&#8243;]\n<div class=\"wpcf7 no-js\" id=\"wpcf7-f6095-o1\" lang=\"hr\" dir=\"ltr\" data-wpcf7-id=\"6095\">\n<div class=\"screen-reader-response\"><p role=\"status\" aria-live=\"polite\" aria-atomic=\"true\"><\/p> <ul><\/ul><\/div>\n<form action=\"\/hr\/wp-json\/wp\/v2\/pages\/7118#wpcf7-f6095-o1\" method=\"post\" class=\"wpcf7-form init\" aria-label=\"Contact form\" novalidate=\"novalidate\" data-status=\"init\">\n<fieldset class=\"hidden-fields-container\"><input type=\"hidden\" name=\"_wpcf7\" value=\"6095\" \/><input type=\"hidden\" name=\"_wpcf7_version\" value=\"6.1.5\" \/><input type=\"hidden\" name=\"_wpcf7_locale\" value=\"hr\" \/><input type=\"hidden\" name=\"_wpcf7_unit_tag\" value=\"wpcf7-f6095-o1\" \/><input type=\"hidden\" name=\"_wpcf7_container_post\" value=\"0\" \/><input type=\"hidden\" name=\"_wpcf7_posted_data_hash\" value=\"\" \/>\n<\/fieldset>\n[vc_row_inner][vc_column_inner width=\"1\/1\"]<label>Ime in priimek<span class=\"wpcf7-form-control-wrap\" data-name=\"names\"><input size=\"40\" maxlength=\"400\" class=\"wpcf7-form-control wpcf7-text wpcf7-validates-as-required\" aria-required=\"true\" aria-invalid=\"false\" value=\"\" type=\"text\" name=\"names\" \/><\/span><\/label>[\/vc_column_inner][\/vc_row_inner]\n[vc_row_inner][vc_column_inner width=\"1\/2\"]<label>E-naslov<span class=\"wpcf7-form-control-wrap\" data-name=\"email\"><input size=\"40\" maxlength=\"400\" class=\"wpcf7-form-control wpcf7-email wpcf7-validates-as-required wpcf7-text wpcf7-validates-as-email\" aria-required=\"true\" aria-invalid=\"false\" value=\"\" type=\"email\" name=\"email\" \/><\/span><\/label>[\/vc_column_inner][vc_column_inner width=\"1\/2\"]<label>Telefon<span class=\"wpcf7-form-control-wrap\" data-name=\"tel\"><input size=\"40\" maxlength=\"400\" class=\"wpcf7-form-control wpcf7-tel wpcf7-validates-as-required wpcf7-text wpcf7-validates-as-tel\" aria-required=\"true\" aria-invalid=\"false\" value=\"\" type=\"tel\" name=\"tel\" \/><\/span><\/label>[\/vc_column_inner][\/vc_row_inner]\n[vc_row_inner][vc_column_inner width=\"1\/2\"]<label>Povpra\u0161evanje<span class=\"wpcf7-form-control-wrap\" data-name=\"training\"><select class=\"wpcf7-form-control wpcf7-select wpcf7-validates-as-required\" aria-required=\"true\" aria-invalid=\"false\" multiple=\"multiple\" name=\"training[]\"><option value=\"Trajnostno prilagojen produkt k odli\u010dnosti\">Trajnostno prilagojen produkt k odli\u010dnosti<\/option><option value=\"Izobra\u017eevaja na sede\u017eu va\u0161ega podjetja\">Izobra\u017eevaja na sede\u017eu va\u0161ega podjetja<\/option><option value=\"Team building z nastanitvijo\">Team building z nastanitvijo<\/option><option value=\"Team building belokranjska kultura in do\u017eivetja\">Team building belokranjska kultura in do\u017eivetja<\/option><option value=\"Poslovni dogodki\">Poslovni dogodki<\/option><option value=\"Slovenija in Bela krajina\">Slovenija in Bela krajina<\/option><option value=\"Kulinarika Bele krajine\">Kulinarika Bele krajine<\/option><option value=\"Kako pre\u017eiveti v naravi\">Kako pre\u017eiveti v naravi<\/option><option value=\"Obiranje sadja\">Obiranje sadja<\/option><option value=\"Komuniciranje\">Komuniciranje<\/option><option value=\"Poslovni bonton in olika\">Poslovni bonton in olika<\/option><option value=\"Retorika in javno nastopanje\">Retorika in javno nastopanje<\/option><option value=\"Govorica telesa\">Govorica telesa<\/option><option value=\"Upravljanje s \u010dasom\">Upravljanje s \u010dasom<\/option><option value=\"Ocenjevanje kompetenc in delovne uspe\u0161nosti zaposlenih\">Ocenjevanje kompetenc in delovne uspe\u0161nosti zaposlenih<\/option><option value=\"Uspe\u0161no vodenje poslovnih sestankov\">Uspe\u0161no vodenje poslovnih sestankov<\/option><option value=\"Delegiranje nalog zaposlenim\">Delegiranje nalog zaposlenim<\/option><option value=\"Motivacija zaposlenih in vodenje\">Motivacija zaposlenih in vodenje<\/option><option value=\"Organizacijska klima in zadovoljstvo zaposlenih\">Organizacijska klima in zadovoljstvo zaposlenih<\/option><option value=\"Timsko in individualno delovanje\">Timsko in individualno delovanje<\/option><option value=\"Kako iz u\u010de\u010dega v misle\u010de okolje\">Kako iz u\u010de\u010dega v misle\u010de okolje<\/option><option value=\"Varnost in zdravje na delovnem mestu\">Varnost in zdravje na delovnem mestu<\/option><option value=\"Stres in izgorelost\">Stres in izgorelost<\/option><option value=\"Proizvodnja\">Proizvodnja<\/option><option value=\"Planiranje\">Planiranje<\/option><option value=\"Nabava\">Nabava<\/option><option value=\"Prodaja\">Prodaja<\/option><option value=\"Konflikt na delovnem mestu\">Konflikt na delovnem mestu<\/option><option value=\"Karakterji\">Karakterji<\/option><option value=\"Etika na delovnem mestu\">Etika na delovnem mestu<\/option><option value=\"Mobing na delovnem mestu\">Mobing na delovnem mestu<\/option><option value=\"Vrednote\">Vrednote<\/option><option value=\"Coaching vodenje \u2013 celovit pristop\">Coaching vodenje \u2013 celovit pristop<\/option><option value=\"Vitka proizvodnja\">Vitka proizvodnja<\/option><option value=\"5S sistem\">5S sistem<\/option><option value=\"Pametno na\u010drtovanje procesov in digitalna preobrazba procesne kontrole v podjetjih\">Pametno na\u010drtovanje procesov in digitalna preobrazba procesne kontrole v podjetjih<\/option><option value=\"Spletno piratstvo\">Spletno piratstvo<\/option><option value=\"Splo\u0161no\">Splo\u0161no<\/option><\/select><\/span><\/label>[\/vc_column_inner][vc_column_inner width=\"1\/2\"]<label>\u0160tevilo oseb<span class=\"wpcf7-form-control-wrap\" data-name=\"persons\"><input size=\"40\" maxlength=\"400\" class=\"wpcf7-form-control wpcf7-text\" aria-invalid=\"false\" value=\"\" type=\"text\" name=\"persons\" \/><\/span><\/label>[\/vc_column_inner][\/vc_row_inner]\n[vc_row_inner][vc_column_inner width=\"1\/1\"]<label>Sporo\u010dilo<span class=\"wpcf7-form-control-wrap\" data-name=\"message\"><textarea cols=\"40\" rows=\"10\" maxlength=\"2000\" class=\"wpcf7-form-control wpcf7-textarea\" aria-invalid=\"false\" name=\"message\"><\/textarea><\/span><\/label>[\/vc_column_inner][\/vc_row_inner]\n[vc_row_inner][vc_column_inner width=\"1\/1\"]<input class=\"wpcf7-form-control wpcf7-submit has-spinner\" type=\"submit\" value=\"Prijavi se\" \/>[\/vc_column_inner][\/vc_row_inner]\n<\/p><div class=\"wpcf7-response-output\" aria-hidden=\"true\"><\/div>\n<\/form>\n<\/div>\n[\/vc_column][\/vc_row]\n","protected":false},"excerpt":{"rendered":"<p>[vc_row type=&#8221;full_width_background&#8221; full_screen_row_position=&#8221;middle&#8221; column_margin=&#8221;default&#8221; column_direction=&#8221;default&#8221; column_direction_tablet=&#8221;default&#8221; column_direction_phone=&#8221;default&#8221; bg_color=&#8221;#ffffff&#8221; scene_position=&#8221;center&#8221; top_padding=&#8221;80&#8243; bottom_padding=&#8221;80&#8243; text_color=&#8221;dark&#8221; text_align=&#8221;left&#8221; row_border_radius=&#8221;none&#8221; row_border_radius_applies=&#8221;bg&#8221; overflow=&#8221;visible&#8221; overlay_strength=&#8221;0.3&#8243; gradient_direction=&#8221;left_to_right&#8221; shape_divider_position=&#8221;bottom&#8221; bg_image_animation=&#8221;none&#8221; shape_type=&#8221;&#8221;][vc_column column_padding=&#8221;no-extra-padding&#8221; column_padding_tablet=&#8221;inherit&#8221; column_padding_phone=&#8221;inherit&#8221; column_padding_position=&#8221;all&#8221; column_element_spacing=&#8221;default&#8221; background_color_opacity=&#8221;1&#8243; background_hover_color_opacity=&#8221;1&#8243; column_shadow=&#8221;none&#8221; column_border_radius=&#8221;none&#8221;&#8230;<\/p>\n","protected":false},"author":1,"featured_media":0,"parent":0,"menu_order":0,"comment_status":"closed","ping_status":"closed","template":"","meta":{"footnotes":""},"class_list":["post-7118","page","type-page","status-publish"],"yoast_head":"<!-- This site is optimized with the Yoast SEO plugin v27.2 - https:\/\/yoast.com\/product\/yoast-seo-wordpress\/ -->\n<title>Organizacija doga\u0111aja - Resort Village Majer<\/title>\n<meta name=\"robots\" content=\"index, follow, max-snippet:-1, max-image-preview:large, max-video-preview:-1\" \/>\n<link rel=\"canonical\" href=\"https:\/\/www.resortvillagemajer.si\/hr\/prijava\/\" \/>\n<meta property=\"og:locale\" content=\"hr_HR\" \/>\n<meta property=\"og:type\" content=\"article\" \/>\n<meta property=\"og:title\" content=\"Organizacija doga\u0111aja - Resort Village Majer\" \/>\n<meta property=\"og:description\" content=\"[vc_row type=&#8221;full_width_background&#8221; full_screen_row_position=&#8221;middle&#8221; column_margin=&#8221;default&#8221; column_direction=&#8221;default&#8221; column_direction_tablet=&#8221;default&#8221; column_direction_phone=&#8221;default&#8221; bg_color=&#8221;#ffffff&#8221; scene_position=&#8221;center&#8221; top_padding=&#8221;80&#8243; bottom_padding=&#8221;80&#8243; text_color=&#8221;dark&#8221; text_align=&#8221;left&#8221; row_border_radius=&#8221;none&#8221; row_border_radius_applies=&#8221;bg&#8221; overflow=&#8221;visible&#8221; overlay_strength=&#8221;0.3&#8243; gradient_direction=&#8221;left_to_right&#8221; shape_divider_position=&#8221;bottom&#8221; bg_image_animation=&#8221;none&#8221; shape_type=&#8221;&#8221;][vc_column column_padding=&#8221;no-extra-padding&#8221; column_padding_tablet=&#8221;inherit&#8221; column_padding_phone=&#8221;inherit&#8221; column_padding_position=&#8221;all&#8221; column_element_spacing=&#8221;default&#8221; background_color_opacity=&#8221;1&#8243; background_hover_color_opacity=&#8221;1&#8243; column_shadow=&#8221;none&#8221; column_border_radius=&#8221;none&#8221;...\" \/>\n<meta property=\"og:url\" content=\"https:\/\/www.resortvillagemajer.si\/hr\/prijava\/\" \/>\n<meta property=\"og:site_name\" content=\"Resort Village Majer\" \/>\n<meta property=\"article:publisher\" content=\"https:\/\/www.facebook.com\/ResortVillageMajer\" \/>\n<meta property=\"article:modified_time\" content=\"2025-09-22T15:54:20+00:00\" \/>\n<meta property=\"og:image\" content=\"https:\/\/www.resortvillagemajer.si\/wp-content\/uploads\/2021\/03\/logo.230x185.pokoncen.png\" \/>\n\t<meta property=\"og:image:width\" content=\"230\" \/>\n\t<meta property=\"og:image:height\" content=\"185\" \/>\n\t<meta property=\"og:image:type\" content=\"image\/png\" \/>\n<meta name=\"twitter:card\" content=\"summary_large_image\" \/>\n<meta name=\"twitter:label1\" content=\"Procijenjeno vrijeme \u010ditanja\" \/>\n\t<meta name=\"twitter:data1\" content=\"1 minuta\" \/>\n<script type=\"application\/ld+json\" class=\"yoast-schema-graph\">{\"@context\":\"https:\/\/schema.org\",\"@graph\":[{\"@type\":\"WebPage\",\"@id\":\"https:\/\/www.resortvillagemajer.si\/hr\/prijava\/\",\"url\":\"https:\/\/www.resortvillagemajer.si\/hr\/prijava\/\",\"name\":\"Organizacija doga\u0111aja - Resort Village Majer\",\"isPartOf\":{\"@id\":\"https:\/\/www.resortvillagemajer.si\/hr\/#website\"},\"datePublished\":\"2022-08-10T10:58:03+00:00\",\"dateModified\":\"2025-09-22T15:54:20+00:00\",\"breadcrumb\":{\"@id\":\"https:\/\/www.resortvillagemajer.si\/hr\/prijava\/#breadcrumb\"},\"inLanguage\":\"hr\",\"potentialAction\":[{\"@type\":\"ReadAction\",\"target\":[\"https:\/\/www.resortvillagemajer.si\/hr\/prijava\/\"]}]},{\"@type\":\"BreadcrumbList\",\"@id\":\"https:\/\/www.resortvillagemajer.si\/hr\/prijava\/#breadcrumb\",\"itemListElement\":[{\"@type\":\"ListItem\",\"position\":1,\"name\":\"Home\",\"item\":\"https:\/\/www.resortvillagemajer.si\/hr\/\"},{\"@type\":\"ListItem\",\"position\":2,\"name\":\"Organizacija doga\u0111aja\"}]},{\"@type\":\"WebSite\",\"@id\":\"https:\/\/www.resortvillagemajer.si\/hr\/#website\",\"url\":\"https:\/\/www.resortvillagemajer.si\/hr\/\",\"name\":\"Resort Village Majer\",\"description\":\"Srce Bele krajine\",\"publisher\":{\"@id\":\"https:\/\/www.resortvillagemajer.si\/hr\/#organization\"},\"potentialAction\":[{\"@type\":\"SearchAction\",\"target\":{\"@type\":\"EntryPoint\",\"urlTemplate\":\"https:\/\/www.resortvillagemajer.si\/hr\/?s={search_term_string}\"},\"query-input\":{\"@type\":\"PropertyValueSpecification\",\"valueRequired\":true,\"valueName\":\"search_term_string\"}}],\"inLanguage\":\"hr\"},{\"@type\":\"Organization\",\"@id\":\"https:\/\/www.resortvillagemajer.si\/hr\/#organization\",\"name\":\"Majer Resort Village\",\"url\":\"https:\/\/www.resortvillagemajer.si\/hr\/\",\"logo\":{\"@type\":\"ImageObject\",\"inLanguage\":\"hr\",\"@id\":\"https:\/\/www.resortvillagemajer.si\/hr\/#\/schema\/logo\/image\/\",\"url\":\"https:\/\/www.resortvillagemajer.si\/wp-content\/uploads\/2021\/03\/logo.230x185.pokoncen.png\",\"contentUrl\":\"https:\/\/www.resortvillagemajer.si\/wp-content\/uploads\/2021\/03\/logo.230x185.pokoncen.png\",\"width\":230,\"height\":185,\"caption\":\"Majer Resort Village\"},\"image\":{\"@id\":\"https:\/\/www.resortvillagemajer.si\/hr\/#\/schema\/logo\/image\/\"},\"sameAs\":[\"https:\/\/www.facebook.com\/ResortVillageMajer\",\"https:\/\/www.instagram.com\/ResortVillageMajer\",\"https:\/\/www.tripadvisor.com\/ResortVillageMajer\"]}]}<\/script>\n<!-- \/ Yoast SEO plugin. -->","yoast_head_json":{"title":"Organizacija doga\u0111aja - Resort Village Majer","robots":{"index":"index","follow":"follow","max-snippet":"max-snippet:-1","max-image-preview":"max-image-preview:large","max-video-preview":"max-video-preview:-1"},"canonical":"https:\/\/www.resortvillagemajer.si\/hr\/prijava\/","og_locale":"hr_HR","og_type":"article","og_title":"Organizacija doga\u0111aja - Resort Village Majer","og_description":"[vc_row type=&#8221;full_width_background&#8221; full_screen_row_position=&#8221;middle&#8221; column_margin=&#8221;default&#8221; column_direction=&#8221;default&#8221; column_direction_tablet=&#8221;default&#8221; column_direction_phone=&#8221;default&#8221; bg_color=&#8221;#ffffff&#8221; scene_position=&#8221;center&#8221; top_padding=&#8221;80&#8243; bottom_padding=&#8221;80&#8243; text_color=&#8221;dark&#8221; text_align=&#8221;left&#8221; row_border_radius=&#8221;none&#8221; row_border_radius_applies=&#8221;bg&#8221; overflow=&#8221;visible&#8221; overlay_strength=&#8221;0.3&#8243; gradient_direction=&#8221;left_to_right&#8221; shape_divider_position=&#8221;bottom&#8221; bg_image_animation=&#8221;none&#8221; shape_type=&#8221;&#8221;][vc_column column_padding=&#8221;no-extra-padding&#8221; column_padding_tablet=&#8221;inherit&#8221; column_padding_phone=&#8221;inherit&#8221; column_padding_position=&#8221;all&#8221; column_element_spacing=&#8221;default&#8221; background_color_opacity=&#8221;1&#8243; background_hover_color_opacity=&#8221;1&#8243; column_shadow=&#8221;none&#8221; column_border_radius=&#8221;none&#8221;...","og_url":"https:\/\/www.resortvillagemajer.si\/hr\/prijava\/","og_site_name":"Resort Village Majer","article_publisher":"https:\/\/www.facebook.com\/ResortVillageMajer","article_modified_time":"2025-09-22T15:54:20+00:00","og_image":[{"width":230,"height":185,"url":"https:\/\/www.resortvillagemajer.si\/wp-content\/uploads\/2021\/03\/logo.230x185.pokoncen.png","type":"image\/png"}],"twitter_card":"summary_large_image","twitter_misc":{"Procijenjeno vrijeme \u010ditanja":"1 minuta"},"schema":{"@context":"https:\/\/schema.org","@graph":[{"@type":"WebPage","@id":"https:\/\/www.resortvillagemajer.si\/hr\/prijava\/","url":"https:\/\/www.resortvillagemajer.si\/hr\/prijava\/","name":"Organizacija doga\u0111aja - Resort Village Majer","isPartOf":{"@id":"https:\/\/www.resortvillagemajer.si\/hr\/#website"},"datePublished":"2022-08-10T10:58:03+00:00","dateModified":"2025-09-22T15:54:20+00:00","breadcrumb":{"@id":"https:\/\/www.resortvillagemajer.si\/hr\/prijava\/#breadcrumb"},"inLanguage":"hr","potentialAction":[{"@type":"ReadAction","target":["https:\/\/www.resortvillagemajer.si\/hr\/prijava\/"]}]},{"@type":"BreadcrumbList","@id":"https:\/\/www.resortvillagemajer.si\/hr\/prijava\/#breadcrumb","itemListElement":[{"@type":"ListItem","position":1,"name":"Home","item":"https:\/\/www.resortvillagemajer.si\/hr\/"},{"@type":"ListItem","position":2,"name":"Organizacija doga\u0111aja"}]},{"@type":"WebSite","@id":"https:\/\/www.resortvillagemajer.si\/hr\/#website","url":"https:\/\/www.resortvillagemajer.si\/hr\/","name":"Resort Village Majer","description":"Srce Bele krajine","publisher":{"@id":"https:\/\/www.resortvillagemajer.si\/hr\/#organization"},"potentialAction":[{"@type":"SearchAction","target":{"@type":"EntryPoint","urlTemplate":"https:\/\/www.resortvillagemajer.si\/hr\/?s={search_term_string}"},"query-input":{"@type":"PropertyValueSpecification","valueRequired":true,"valueName":"search_term_string"}}],"inLanguage":"hr"},{"@type":"Organization","@id":"https:\/\/www.resortvillagemajer.si\/hr\/#organization","name":"Majer Resort Village","url":"https:\/\/www.resortvillagemajer.si\/hr\/","logo":{"@type":"ImageObject","inLanguage":"hr","@id":"https:\/\/www.resortvillagemajer.si\/hr\/#\/schema\/logo\/image\/","url":"https:\/\/www.resortvillagemajer.si\/wp-content\/uploads\/2021\/03\/logo.230x185.pokoncen.png","contentUrl":"https:\/\/www.resortvillagemajer.si\/wp-content\/uploads\/2021\/03\/logo.230x185.pokoncen.png","width":230,"height":185,"caption":"Majer Resort Village"},"image":{"@id":"https:\/\/www.resortvillagemajer.si\/hr\/#\/schema\/logo\/image\/"},"sameAs":["https:\/\/www.facebook.com\/ResortVillageMajer","https:\/\/www.instagram.com\/ResortVillageMajer","https:\/\/www.tripadvisor.com\/ResortVillageMajer"]}]}},"_links":{"self":[{"href":"https:\/\/www.resortvillagemajer.si\/hr\/wp-json\/wp\/v2\/pages\/7118","targetHints":{"allow":["GET"]}}],"collection":[{"href":"https:\/\/www.resortvillagemajer.si\/hr\/wp-json\/wp\/v2\/pages"}],"about":[{"href":"https:\/\/www.resortvillagemajer.si\/hr\/wp-json\/wp\/v2\/types\/page"}],"author":[{"embeddable":true,"href":"https:\/\/www.resortvillagemajer.si\/hr\/wp-json\/wp\/v2\/users\/1"}],"replies":[{"embeddable":true,"href":"https:\/\/www.resortvillagemajer.si\/hr\/wp-json\/wp\/v2\/comments?post=7118"}],"version-history":[{"count":3,"href":"https:\/\/www.resortvillagemajer.si\/hr\/wp-json\/wp\/v2\/pages\/7118\/revisions"}],"predecessor-version":[{"id":7121,"href":"https:\/\/www.resortvillagemajer.si\/hr\/wp-json\/wp\/v2\/pages\/7118\/revisions\/7121"}],"wp:attachment":[{"href":"https:\/\/www.resortvillagemajer.si\/hr\/wp-json\/wp\/v2\/media?parent=7118"}],"curies":[{"name":"wp","href":"https:\/\/api.w.org\/{rel}","templated":true}]}}