{"id":6073,"date":"2023-07-21T14:17:44","date_gmt":"2023-07-21T12:17:44","guid":{"rendered":"https:\/\/www.resortvillagemajer.si\/resort-village-majer\/price-iz-proslosti\/kurija-krasinec\/"},"modified":"2023-07-21T14:25:19","modified_gmt":"2023-07-21T12:25:19","slug":"kurija-krasinec","status":"publish","type":"page","link":"https:\/\/www.resortvillagemajer.si\/hr\/hr\/resort-village-majer\/price-iz-proslosti\/kurija-krasinec\/","title":{"rendered":"Kurija Krasinec"},"content":{"rendered":"[vc_row type=&#8221;in_container&#8221; full_screen_row_position=&#8221;middle&#8221; column_margin=&#8221;default&#8221; column_direction=&#8221;default&#8221; column_direction_tablet=&#8221;default&#8221; column_direction_phone=&#8221;default&#8221; scene_position=&#8221;center&#8221; text_color=&#8221;dark&#8221; text_align=&#8221;left&#8221; row_border_radius=&#8221;none&#8221; row_border_radius_applies=&#8221;bg&#8221; overflow=&#8221;visible&#8221; overlay_strength=&#8221;0.3&#8243; gradient_direction=&#8221;left_to_right&#8221; shape_divider_position=&#8221;bottom&#8221; bg_image_animation=&#8221;none&#8221; shape_type=&#8221;&#8221;][vc_column column_padding=&#8221;no-extra-padding&#8221; column_padding_tablet=&#8221;inherit&#8221; column_padding_phone=&#8221;inherit&#8221; column_padding_position=&#8221;all&#8221; column_element_spacing=&#8221;default&#8221; background_color_opacity=&#8221;1&#8243; background_hover_color_opacity=&#8221;1&#8243; column_shadow=&#8221;none&#8221; column_border_radius=&#8221;none&#8221; column_link_target=&#8221;_self&#8221; column_position=&#8221;default&#8221; gradient_direction=&#8221;left_to_right&#8221; overlay_strength=&#8221;0.3&#8243; width=&#8221;1\/1&#8243; tablet_width_inherit=&#8221;default&#8221; tablet_text_alignment=&#8221;default&#8221; phone_text_alignment=&#8221;default&#8221; animation_type=&#8221;default&#8221; bg_image_animation=&#8221;none&#8221; border_type=&#8221;simple&#8221; column_border_width=&#8221;none&#8221; column_border_style=&#8221;solid&#8221;][vc_column_text]Kurija Krasinec sredi\u0161nja je to\u010dka cjelovite, povijesno oboga\u0107ene turisti\u010dke pri\u010de Resort Villagea Majer. Na tlu dvorca, koji je nekada bio dio mo\u0107ne plemi\u0107ke rezidencije, jo\u0161 uvijek stoji zidana zgrada.[\/vc_column_text][\/vc_column][\/vc_row][vc_row type=&#8221;in_container&#8221; full_screen_row_position=&#8221;middle&#8221; column_margin=&#8221;default&#8221; column_direction=&#8221;default&#8221; column_direction_tablet=&#8221;default&#8221; column_direction_phone=&#8221;default&#8221; scene_position=&#8221;center&#8221; text_color=&#8221;dark&#8221; text_align=&#8221;left&#8221; row_border_radius=&#8221;none&#8221; row_border_radius_applies=&#8221;bg&#8221; overflow=&#8221;visible&#8221; overlay_strength=&#8221;0.3&#8243; gradient_direction=&#8221;left_to_right&#8221; shape_divider_position=&#8221;bottom&#8221; bg_image_animation=&#8221;none&#8221; shape_type=&#8221;&#8221;][vc_column column_padding=&#8221;no-extra-padding&#8221; column_padding_tablet=&#8221;inherit&#8221; column_padding_phone=&#8221;inherit&#8221; column_padding_position=&#8221;all&#8221; column_element_spacing=&#8221;default&#8221; background_color_opacity=&#8221;1&#8243; background_hover_color_opacity=&#8221;1&#8243; column_shadow=&#8221;none&#8221; column_border_radius=&#8221;none&#8221; column_link_target=&#8221;_self&#8221; column_position=&#8221;default&#8221; gradient_direction=&#8221;left_to_right&#8221; overlay_strength=&#8221;0.3&#8243; width=&#8221;1\/1&#8243; tablet_width_inherit=&#8221;default&#8221; tablet_text_alignment=&#8221;default&#8221; phone_text_alignment=&#8221;default&#8221; animation_type=&#8221;default&#8221; bg_image_animation=&#8221;none&#8221; border_type=&#8221;simple&#8221; column_border_width=&#8221;none&#8221; column_border_style=&#8221;solid&#8221;][mvc_timeline_father][mvc_timeline_son maintitle=&#8221;Novi vijek&#8221;]<div data-post-id=\"1048\" class=\"insert-page insert-page-1048 \">[vc_row type=&#8221;in_container&#8221; full_screen_row_position=&#8221;middle&#8221; column_margin=&#8221;default&#8221; column_direction=&#8221;default&#8221; column_direction_tablet=&#8221;default&#8221; column_direction_phone=&#8221;default&#8221; scene_position=&#8221;center&#8221; top_padding=&#8221;0&#8243; text_color=&#8221;dark&#8221; text_align=&#8221;left&#8221; row_border_radius=&#8221;none&#8221; row_border_radius_applies=&#8221;bg&#8221; overflow=&#8221;visible&#8221; overlay_strength=&#8221;0.3&#8243; gradient_direction=&#8221;left_to_right&#8221; shape_divider_position=&#8221;bottom&#8221; bg_image_animation=&#8221;none&#8221; shape_type=&#8221;&#8221;][vc_column column_padding=&#8221;no-extra-padding&#8221; column_padding_tablet=&#8221;inherit&#8221; column_padding_phone=&#8221;inherit&#8221; column_padding_position=&#8221;all&#8221; column_element_spacing=&#8221;default&#8221; background_color_opacity=&#8221;1&#8243; background_hover_color_opacity=&#8221;1&#8243; column_shadow=&#8221;none&#8221; column_border_radius=&#8221;none&#8221; column_link_target=&#8221;_self&#8221; column_position=&#8221;default&#8221; gradient_direction=&#8221;left_to_right&#8221; overlay_strength=&#8221;0.3&#8243; width=&#8221;1\/1&#8243; tablet_width_inherit=&#8221;default&#8221; tablet_text_alignment=&#8221;default&#8221; phone_text_alignment=&#8221;default&#8221; animation_type=&#8221;default&#8221; bg_image_animation=&#8221;none&#8221; border_type=&#8221;simple&#8221; column_border_width=&#8221;none&#8221; column_border_style=&#8221;solid&#8221;][vc_gallery type=&#8221;flexslider_style&#8221; images=&#8221;459,452,458&#8243; onclick=&#8221;link_image&#8221;][vc_column_text]Kurija je sagra\u0111ena ve\u0107 prije 1620. godine, iz koje potje\u010du posljednji otkriveni podaci o popisu inventara. Ne zna se tko je sagradio kuriju Krasinec. U izvorima se opisuje kao neutvr\u0111ena ravna zidana gra\u0111evina u vlasni\u0161tvu plemi\u0107a. Sredi\u0161nji podaci o kuriji Krasinec potje\u010du iz Slave vojvodine Kranjske Janeza Vajkarda Valvasora.<br \/>\n<div class=\"show_more\"><div class=\"nectar-cta \" data-color=\"default\" data-using-bg=\"false\" data-style=\"see-through\" data-display=\"inline\" data-alignment=\"left\" data-text-color=\"std\"><h6> <span class=\"text\"> <\/span><span class=\"link_wrap\"><a class=\"link_text jss-ssm-show\">Preberi ve\u010d<span class=\"arrow\"><\/span><\/a><\/span><\/h6><\/div><div class=\"jss-ssm-content\"><\/p>\n<p><em>\u00bbOvaj dvor ili plemi\u0107ko sjedi\u0161te Crassinitz (kranjski Crassiniza, a hrvatski Krasinicha) le\u017ei u Srednjoj Kranjskoj ili u Slovenskoj Marki na lijepom ravnom mjestu, izme\u0111u trgovi\u0161ta i dvorca Pobre\u017eja i Metlike, jednu milju od Pobre\u017eja i dvije od Metlike; do \u010crnomelja je isto toliko, a od Ljubljane dvanaest milja.<br \/>\n<\/em><\/p>\n<p><em>Vrlo je ugodan za promatranje zbog malog \u0161umarka, ali i \u0161armantnog i divnog velikog \u0161umarka koji mu se pribli\u017eava, te rijeke Kupe koja nedaleko \u0161umi svojim srebrnim vodama.<br \/>\n<\/em><\/p>\n<p><em>U neposrednoj blizini kurije nalazi se prekrasan zidani tor za stoku, koji je sagra\u0111en tek 1686. godine, nakon \u0161to je prije toga dvaput izgorio zbog zlo\u010dina\u010dkih namjera ne\u010dasnih ljudi, osobito Vlaha. I zato se ne treba previ\u0161e \u010duditi na ovome mjestu ako vidite crvenog pijetla, ili namjerno zapaljenu vatru, koju su zapalili Turci ili neka druga bagra koja svu imovinu pretvara u hrpu pepela.<br \/>\n<\/em><\/p>\n<p><em>Izme\u0111u dvorca i tora nalazi se i malo jezerce koje s jedne strane pridonosi \u0161armu, a s druge strane kuhinjskom stolu. A da ne bismo zanemarili ne\u0161to \u0161to samom mjestu daje dra\u017e, moramo re\u0107i da usred dvori\u0161ta stoji prekrasna lipa koja prekrasno krasi cijeli prostor i ugodno ga zasjenjuje svojom zelenom kro\u0161njom li\u0161\u0107a. Pa tako treba spomenuti i veliki golubinjak, koji privla\u010di golubove iz luga i zatim ih dostavlja za ra\u017eanj. Naime, trenutni vlasnik Sir Johann Adam, grof od Purgstalla, zapovjednik itd., u \u010dijem je vlasni\u0161tvu posjed, sve je to lijepo dodao i dao sobe iznutra lijepo oslikati u bojama.\u00ab<\/em><\/p>\n<p>Iz Valvasorova prikaza kurije proizlazi da su krajem 17. stolje\u0107a gra\u0111evinski sklop kurije Krasinec obuhva\u0107ale tri zidane jednokatne zgrade, manju zgradu gospodarskog karaktera, golubinjak i veliku lipu u sredini dvori\u0161ta, a sve je bilo ogra\u0111eno niskim zidom.<\/p>\n<p>Prvi poznati vlasnici kurije Krasinec potje\u010du iz roda Purgstall. Povijest roda vrlo je zanimljiva i povezana sa svim klju\u010dnim razdobljima povijesti ovoga kraja. Tijekom 17. stolje\u0107a kurija Krasinec pretvorena je iz gospodarskog marofa u plemi\u0107ku rezidenciju, no nepostojanje oru\u017earnice tipi\u010dne za plemi\u0107e govori da zasigurno nije imala stalnih stanovnika. Purgstallovi su povremeno boravili u Krasincu, osobito kad su se za\u017eeljeli svje\u017eijeg i lak\u0161eg okru\u017eenja od svojih starih dvoraca Krupe, Pobre\u017eja ili Gradca, ili lova u obli\u017enjoj \u0161umi.<\/p>\n<p>Po\u010detkom 18. stolje\u0107a kurija je jo\u0161 bila u vlasni\u0161tvu Purgstallovih, ali je u prvoj polovici stolje\u0107a po\u010dela naglo propadati. Kad je nastala prva topografska karta Kranjske, kurija je ve\u0107 bila ve\u0107im dijelom oronula, zbog \u010dega se na karti ne prikazuje kao dvorska gra\u0111evina. Ostaci stare kurije Krasinec nosili su ledinsko ime Maierhof (Majer) sve do izrade Francisceovog katastra 1823.-1869.<\/p>\n<div class=\"nectar-cta smh\" data-color=\"default\" data-using-bg=\"false\" data-style=\"see-through\" data-display=\"inline\" data-alignment=\"left\" data-text-color=\"std\"><h6> <span class=\"text\"> <\/span><span class=\"link_wrap\"><a class=\"link_text jss-ssm-hide\">Skrij<span class=\"arrow arrowR\"><\/span><\/a><\/span><\/h6><\/div><\/div><\/div>[\/vc_column_text][\/vc_column][\/vc_row]\n<\/div>[\/mvc_timeline_son][mvc_timeline_son maintitle=&#8221;Moderna doba&#8221;]<div data-post-id=\"2629\" class=\"insert-page insert-page-2629 \">[vc_row type=&#8221;in_container&#8221; full_screen_row_position=&#8221;middle&#8221; column_margin=&#8221;default&#8221; column_direction=&#8221;default&#8221; column_direction_tablet=&#8221;default&#8221; column_direction_phone=&#8221;default&#8221; scene_position=&#8221;center&#8221; top_padding=&#8221;0&#8243; text_color=&#8221;dark&#8221; text_align=&#8221;left&#8221; row_border_radius=&#8221;none&#8221; row_border_radius_applies=&#8221;bg&#8221; overflow=&#8221;visible&#8221; overlay_strength=&#8221;0.3&#8243; gradient_direction=&#8221;left_to_right&#8221; shape_divider_position=&#8221;bottom&#8221; bg_image_animation=&#8221;none&#8221; shape_type=&#8221;&#8221;][vc_column column_padding=&#8221;no-extra-padding&#8221; column_padding_tablet=&#8221;inherit&#8221; column_padding_phone=&#8221;inherit&#8221; column_padding_position=&#8221;all&#8221; column_element_spacing=&#8221;default&#8221; background_color_opacity=&#8221;1&#8243; background_hover_color_opacity=&#8221;1&#8243; column_shadow=&#8221;none&#8221; column_border_radius=&#8221;none&#8221; column_link_target=&#8221;_self&#8221; column_position=&#8221;default&#8221; gradient_direction=&#8221;left_to_right&#8221; overlay_strength=&#8221;0.3&#8243; width=&#8221;1\/1&#8243; tablet_width_inherit=&#8221;default&#8221; tablet_text_alignment=&#8221;default&#8221; phone_text_alignment=&#8221;default&#8221; animation_type=&#8221;default&#8221; bg_image_animation=&#8221;none&#8221; border_type=&#8221;simple&#8221; column_border_width=&#8221;none&#8221; column_border_style=&#8221;solid&#8221;][vc_gallery type=&#8221;flexslider_style&#8221; images=&#8221;4677&#8243; onclick=&#8221;link_image&#8221;][vc_column_text]Kurija Krasinec tijekom vremena zamijenila je mnoge ruke i vi\u0161e vlasnika. Tijekom posljednjeg stolje\u0107a i pol bila je u rukama nekoliko obitelji srodnoga podrijetla. Pravo zna\u010denje ove \u010dasne i stare gra\u0111evine otkrilo se tijekom vlasni\u0161tva obitelji Hlebec koja je uredila Resort Village Majer i istaknula iznimnu tradiciju te povijest ovoga mjesta.[\/vc_column_text][\/vc_column][\/vc_row]\n<\/div>[\/mvc_timeline_son][\/mvc_timeline_father][\/vc_column][\/vc_row]\n","protected":false},"excerpt":{"rendered":"<p>Lorem ipsum dolor sit amet, consectetur adipiscing elit. Nulla malesuada pulvinar nisl sed condimentum. Curabitur facilisis est mauris, a hendrerit magna condimentum quis. Cras augue dolor, laoreet non auctor quis, luctus nec lectus. Donec quis dolor sed enim consequat sollicitudin. Interdum et malesuada fames ac ante ipsum primis in faucibus. Vivamus rhoncus nibh a velit pellentesque pulvinar. Phasellus maximus varius risus non pellentesque. Nullam eu eros iaculis, convallis odio a, vulputate nisl. Fusce semper ligula mi, quis bibendum leo imperdiet at. Quisque metus dolor, posuere eget elit eget, eleifend tempor purus. Pellentesque lobortis dapibus diam, sit amet commodo nisl iaculis ut. Aliquam ac libero ipsum. Suspendisse porttitor dignissim turpis quis mollis. Sed vitae nulla congue, vestibulum magna quis, lacinia orci. Morbi eget malesuada metus, ac auctor nisi.<\/p>\n","protected":false},"author":1,"featured_media":0,"parent":5911,"menu_order":3,"comment_status":"closed","ping_status":"closed","template":"","meta":{"footnotes":""},"class_list":["post-6073","page","type-page","status-publish"],"yoast_head":"<!-- This site is optimized with the Yoast SEO plugin v27.2 - https:\/\/yoast.com\/product\/yoast-seo-wordpress\/ -->\n<title>Kurija Krasinec - Resort Village Majer<\/title>\n<meta name=\"robots\" content=\"index, follow, max-snippet:-1, max-image-preview:large, max-video-preview:-1\" \/>\n<link rel=\"canonical\" href=\"https:\/\/www.resortvillagemajer.si\/hr\/hr\/resort-village-majer\/price-iz-proslosti\/kurija-krasinec\/\" \/>\n<meta property=\"og:locale\" content=\"hr_HR\" \/>\n<meta property=\"og:type\" content=\"article\" \/>\n<meta property=\"og:title\" content=\"Kurija Krasinec - Resort Village Majer\" \/>\n<meta property=\"og:description\" content=\"Lorem ipsum dolor sit amet, consectetur adipiscing elit. Nulla malesuada pulvinar nisl sed condimentum. Curabitur facilisis est mauris, a hendrerit magna condimentum quis. Cras augue dolor, laoreet non auctor quis, luctus nec lectus. Donec quis dolor sed enim consequat sollicitudin. Interdum et malesuada fames ac ante ipsum primis in faucibus. Vivamus rhoncus nibh a velit pellentesque pulvinar. Phasellus maximus varius risus non pellentesque. Nullam eu eros iaculis, convallis odio a, vulputate nisl. Fusce semper ligula mi, quis bibendum leo imperdiet at. Quisque metus dolor, posuere eget elit eget, eleifend tempor purus. Pellentesque lobortis dapibus diam, sit amet commodo nisl iaculis ut. Aliquam ac libero ipsum. Suspendisse porttitor dignissim turpis quis mollis. Sed vitae nulla congue, vestibulum magna quis, lacinia orci. Morbi eget malesuada metus, ac auctor nisi.\" \/>\n<meta property=\"og:url\" content=\"https:\/\/www.resortvillagemajer.si\/hr\/hr\/resort-village-majer\/price-iz-proslosti\/kurija-krasinec\/\" \/>\n<meta property=\"og:site_name\" content=\"Resort Village Majer\" \/>\n<meta property=\"article:publisher\" content=\"https:\/\/www.facebook.com\/ResortVillageMajer\" \/>\n<meta property=\"article:modified_time\" content=\"2023-07-21T12:25:19+00:00\" \/>\n<meta property=\"og:image\" content=\"https:\/\/www.resortvillagemajer.si\/wp-content\/uploads\/2021\/03\/logo.230x185.pokoncen.png\" \/>\n\t<meta property=\"og:image:width\" content=\"230\" \/>\n\t<meta property=\"og:image:height\" content=\"185\" \/>\n\t<meta property=\"og:image:type\" content=\"image\/png\" \/>\n<meta name=\"twitter:card\" content=\"summary_large_image\" \/>\n<meta name=\"twitter:label1\" content=\"Procijenjeno vrijeme \u010ditanja\" \/>\n\t<meta name=\"twitter:data1\" content=\"2 minute\" \/>\n<script type=\"application\/ld+json\" class=\"yoast-schema-graph\">{\"@context\":\"https:\/\/schema.org\",\"@graph\":[{\"@type\":\"WebPage\",\"@id\":\"https:\/\/www.resortvillagemajer.si\/hr\/hr\/resort-village-majer\/price-iz-proslosti\/kurija-krasinec\/\",\"url\":\"https:\/\/www.resortvillagemajer.si\/hr\/hr\/resort-village-majer\/price-iz-proslosti\/kurija-krasinec\/\",\"name\":\"Kurija Krasinec - Resort Village Majer\",\"isPartOf\":{\"@id\":\"https:\/\/www.resortvillagemajer.si\/hr\/#website\"},\"datePublished\":\"2023-07-21T12:17:44+00:00\",\"dateModified\":\"2023-07-21T12:25:19+00:00\",\"breadcrumb\":{\"@id\":\"https:\/\/www.resortvillagemajer.si\/hr\/hr\/resort-village-majer\/price-iz-proslosti\/kurija-krasinec\/#breadcrumb\"},\"inLanguage\":\"hr\",\"potentialAction\":[{\"@type\":\"ReadAction\",\"target\":[\"https:\/\/www.resortvillagemajer.si\/hr\/hr\/resort-village-majer\/price-iz-proslosti\/kurija-krasinec\/\"]}]},{\"@type\":\"BreadcrumbList\",\"@id\":\"https:\/\/www.resortvillagemajer.si\/hr\/hr\/resort-village-majer\/price-iz-proslosti\/kurija-krasinec\/#breadcrumb\",\"itemListElement\":[{\"@type\":\"ListItem\",\"position\":1,\"name\":\"Home\",\"item\":\"https:\/\/www.resortvillagemajer.si\/hr\/\"},{\"@type\":\"ListItem\",\"position\":2,\"name\":\"Poklon bon\",\"item\":\"https:\/\/www.resortvillagemajer.si\/hr\/poklon-bon\/\"},{\"@type\":\"ListItem\",\"position\":3,\"name\":\"Pri\u010de iz pro\u0161losti\",\"item\":\"https:\/\/www.resortvillagemajer.si\/hr\/resort-village-majer\/zgodbe-preteklosti\/\"},{\"@type\":\"ListItem\",\"position\":4,\"name\":\"Kurija Krasinec\"}]},{\"@type\":\"WebSite\",\"@id\":\"https:\/\/www.resortvillagemajer.si\/hr\/#website\",\"url\":\"https:\/\/www.resortvillagemajer.si\/hr\/\",\"name\":\"Resort Village Majer\",\"description\":\"Srce Bele krajine\",\"publisher\":{\"@id\":\"https:\/\/www.resortvillagemajer.si\/hr\/#organization\"},\"potentialAction\":[{\"@type\":\"SearchAction\",\"target\":{\"@type\":\"EntryPoint\",\"urlTemplate\":\"https:\/\/www.resortvillagemajer.si\/hr\/?s={search_term_string}\"},\"query-input\":{\"@type\":\"PropertyValueSpecification\",\"valueRequired\":true,\"valueName\":\"search_term_string\"}}],\"inLanguage\":\"hr\"},{\"@type\":\"Organization\",\"@id\":\"https:\/\/www.resortvillagemajer.si\/hr\/#organization\",\"name\":\"Majer Resort Village\",\"url\":\"https:\/\/www.resortvillagemajer.si\/hr\/\",\"logo\":{\"@type\":\"ImageObject\",\"inLanguage\":\"hr\",\"@id\":\"https:\/\/www.resortvillagemajer.si\/hr\/#\/schema\/logo\/image\/\",\"url\":\"https:\/\/www.resortvillagemajer.si\/wp-content\/uploads\/2021\/03\/logo.230x185.pokoncen.png\",\"contentUrl\":\"https:\/\/www.resortvillagemajer.si\/wp-content\/uploads\/2021\/03\/logo.230x185.pokoncen.png\",\"width\":230,\"height\":185,\"caption\":\"Majer Resort Village\"},\"image\":{\"@id\":\"https:\/\/www.resortvillagemajer.si\/hr\/#\/schema\/logo\/image\/\"},\"sameAs\":[\"https:\/\/www.facebook.com\/ResortVillageMajer\",\"https:\/\/www.instagram.com\/ResortVillageMajer\",\"https:\/\/www.tripadvisor.com\/ResortVillageMajer\"]}]}<\/script>\n<!-- \/ Yoast SEO plugin. -->","yoast_head_json":{"title":"Kurija Krasinec - Resort Village Majer","robots":{"index":"index","follow":"follow","max-snippet":"max-snippet:-1","max-image-preview":"max-image-preview:large","max-video-preview":"max-video-preview:-1"},"canonical":"https:\/\/www.resortvillagemajer.si\/hr\/hr\/resort-village-majer\/price-iz-proslosti\/kurija-krasinec\/","og_locale":"hr_HR","og_type":"article","og_title":"Kurija Krasinec - Resort Village Majer","og_description":"Lorem ipsum dolor sit amet, consectetur adipiscing elit. Nulla malesuada pulvinar nisl sed condimentum. Curabitur facilisis est mauris, a hendrerit magna condimentum quis. Cras augue dolor, laoreet non auctor quis, luctus nec lectus. Donec quis dolor sed enim consequat sollicitudin. Interdum et malesuada fames ac ante ipsum primis in faucibus. Vivamus rhoncus nibh a velit pellentesque pulvinar. Phasellus maximus varius risus non pellentesque. Nullam eu eros iaculis, convallis odio a, vulputate nisl. Fusce semper ligula mi, quis bibendum leo imperdiet at. Quisque metus dolor, posuere eget elit eget, eleifend tempor purus. Pellentesque lobortis dapibus diam, sit amet commodo nisl iaculis ut. Aliquam ac libero ipsum. Suspendisse porttitor dignissim turpis quis mollis. Sed vitae nulla congue, vestibulum magna quis, lacinia orci. Morbi eget malesuada metus, ac auctor nisi.","og_url":"https:\/\/www.resortvillagemajer.si\/hr\/hr\/resort-village-majer\/price-iz-proslosti\/kurija-krasinec\/","og_site_name":"Resort Village Majer","article_publisher":"https:\/\/www.facebook.com\/ResortVillageMajer","article_modified_time":"2023-07-21T12:25:19+00:00","og_image":[{"width":230,"height":185,"url":"https:\/\/www.resortvillagemajer.si\/wp-content\/uploads\/2021\/03\/logo.230x185.pokoncen.png","type":"image\/png"}],"twitter_card":"summary_large_image","twitter_misc":{"Procijenjeno vrijeme \u010ditanja":"2 minute"},"schema":{"@context":"https:\/\/schema.org","@graph":[{"@type":"WebPage","@id":"https:\/\/www.resortvillagemajer.si\/hr\/hr\/resort-village-majer\/price-iz-proslosti\/kurija-krasinec\/","url":"https:\/\/www.resortvillagemajer.si\/hr\/hr\/resort-village-majer\/price-iz-proslosti\/kurija-krasinec\/","name":"Kurija Krasinec - Resort Village Majer","isPartOf":{"@id":"https:\/\/www.resortvillagemajer.si\/hr\/#website"},"datePublished":"2023-07-21T12:17:44+00:00","dateModified":"2023-07-21T12:25:19+00:00","breadcrumb":{"@id":"https:\/\/www.resortvillagemajer.si\/hr\/hr\/resort-village-majer\/price-iz-proslosti\/kurija-krasinec\/#breadcrumb"},"inLanguage":"hr","potentialAction":[{"@type":"ReadAction","target":["https:\/\/www.resortvillagemajer.si\/hr\/hr\/resort-village-majer\/price-iz-proslosti\/kurija-krasinec\/"]}]},{"@type":"BreadcrumbList","@id":"https:\/\/www.resortvillagemajer.si\/hr\/hr\/resort-village-majer\/price-iz-proslosti\/kurija-krasinec\/#breadcrumb","itemListElement":[{"@type":"ListItem","position":1,"name":"Home","item":"https:\/\/www.resortvillagemajer.si\/hr\/"},{"@type":"ListItem","position":2,"name":"Poklon bon","item":"https:\/\/www.resortvillagemajer.si\/hr\/poklon-bon\/"},{"@type":"ListItem","position":3,"name":"Pri\u010de iz pro\u0161losti","item":"https:\/\/www.resortvillagemajer.si\/hr\/resort-village-majer\/zgodbe-preteklosti\/"},{"@type":"ListItem","position":4,"name":"Kurija Krasinec"}]},{"@type":"WebSite","@id":"https:\/\/www.resortvillagemajer.si\/hr\/#website","url":"https:\/\/www.resortvillagemajer.si\/hr\/","name":"Resort Village Majer","description":"Srce Bele krajine","publisher":{"@id":"https:\/\/www.resortvillagemajer.si\/hr\/#organization"},"potentialAction":[{"@type":"SearchAction","target":{"@type":"EntryPoint","urlTemplate":"https:\/\/www.resortvillagemajer.si\/hr\/?s={search_term_string}"},"query-input":{"@type":"PropertyValueSpecification","valueRequired":true,"valueName":"search_term_string"}}],"inLanguage":"hr"},{"@type":"Organization","@id":"https:\/\/www.resortvillagemajer.si\/hr\/#organization","name":"Majer Resort Village","url":"https:\/\/www.resortvillagemajer.si\/hr\/","logo":{"@type":"ImageObject","inLanguage":"hr","@id":"https:\/\/www.resortvillagemajer.si\/hr\/#\/schema\/logo\/image\/","url":"https:\/\/www.resortvillagemajer.si\/wp-content\/uploads\/2021\/03\/logo.230x185.pokoncen.png","contentUrl":"https:\/\/www.resortvillagemajer.si\/wp-content\/uploads\/2021\/03\/logo.230x185.pokoncen.png","width":230,"height":185,"caption":"Majer Resort Village"},"image":{"@id":"https:\/\/www.resortvillagemajer.si\/hr\/#\/schema\/logo\/image\/"},"sameAs":["https:\/\/www.facebook.com\/ResortVillageMajer","https:\/\/www.instagram.com\/ResortVillageMajer","https:\/\/www.tripadvisor.com\/ResortVillageMajer"]}]}},"_links":{"self":[{"href":"https:\/\/www.resortvillagemajer.si\/hr\/wp-json\/wp\/v2\/pages\/6073","targetHints":{"allow":["GET"]}}],"collection":[{"href":"https:\/\/www.resortvillagemajer.si\/hr\/wp-json\/wp\/v2\/pages"}],"about":[{"href":"https:\/\/www.resortvillagemajer.si\/hr\/wp-json\/wp\/v2\/types\/page"}],"author":[{"embeddable":true,"href":"https:\/\/www.resortvillagemajer.si\/hr\/wp-json\/wp\/v2\/users\/1"}],"replies":[{"embeddable":true,"href":"https:\/\/www.resortvillagemajer.si\/hr\/wp-json\/wp\/v2\/comments?post=6073"}],"version-history":[{"count":5,"href":"https:\/\/www.resortvillagemajer.si\/hr\/wp-json\/wp\/v2\/pages\/6073\/revisions"}],"predecessor-version":[{"id":6084,"href":"https:\/\/www.resortvillagemajer.si\/hr\/wp-json\/wp\/v2\/pages\/6073\/revisions\/6084"}],"up":[{"embeddable":true,"href":"https:\/\/www.resortvillagemajer.si\/hr\/wp-json\/wp\/v2\/pages\/5911"}],"wp:attachment":[{"href":"https:\/\/www.resortvillagemajer.si\/hr\/wp-json\/wp\/v2\/media?parent=6073"}],"curies":[{"name":"wp","href":"https:\/\/api.w.org\/{rel}","templated":true}]}}