{"id":6059,"date":"2023-07-21T14:13:39","date_gmt":"2023-07-21T12:13:39","guid":{"rendered":"https:\/\/www.resortvillagemajer.si\/resort-village-majer\/price-iz-proslosti\/krasinec\/"},"modified":"2023-07-21T14:14:15","modified_gmt":"2023-07-21T12:14:15","slug":"krasinec","status":"publish","type":"page","link":"https:\/\/www.resortvillagemajer.si\/hr\/resort-village-majer\/price-iz-proslosti\/krasinec\/","title":{"rendered":"Krasinec"},"content":{"rendered":"[vc_row type=&#8221;in_container&#8221; full_screen_row_position=&#8221;middle&#8221; column_margin=&#8221;default&#8221; column_direction=&#8221;default&#8221; column_direction_tablet=&#8221;default&#8221; column_direction_phone=&#8221;default&#8221; scene_position=&#8221;center&#8221; text_color=&#8221;dark&#8221; text_align=&#8221;left&#8221; row_border_radius=&#8221;none&#8221; row_border_radius_applies=&#8221;bg&#8221; overlay_strength=&#8221;0.3&#8243; gradient_direction=&#8221;left_to_right&#8221; shape_divider_position=&#8221;bottom&#8221; bg_image_animation=&#8221;none&#8221; shape_type=&#8221;&#8221;][vc_column column_padding=&#8221;no-extra-padding&#8221; column_padding_tablet=&#8221;inherit&#8221; column_padding_phone=&#8221;inherit&#8221; column_padding_position=&#8221;all&#8221; background_color_opacity=&#8221;1&#8243; background_hover_color_opacity=&#8221;1&#8243; column_shadow=&#8221;none&#8221; column_border_radius=&#8221;none&#8221; column_link_target=&#8221;_self&#8221; gradient_direction=&#8221;left_to_right&#8221; overlay_strength=&#8221;0.3&#8243; width=&#8221;1\/1&#8243; tablet_width_inherit=&#8221;default&#8221; tablet_text_alignment=&#8221;default&#8221; phone_text_alignment=&#8221;default&#8221; column_border_width=&#8221;none&#8221; column_border_style=&#8221;solid&#8221; bg_image_animation=&#8221;none&#8221;][vc_column_text]Krasinec je naselje nedaleko rijeke Kupe, izme\u0111u Podzemlja i Griblja. Nalazi se na starom kulturnom tlu, u sjeni Ku\u010dara, udaljenog svega dva i pol kilometra, gdje je ve\u0107 u prapovijesti bilo va\u017eno naselje koje je kontroliralo podru\u010dje obli\u017enjih poljoprivrednih povr\u0161ina i promet uz rijeku Kupu.[\/vc_column_text][\/vc_column][\/vc_row][vc_row type=&#8221;in_container&#8221; full_screen_row_position=&#8221;middle&#8221; column_margin=&#8221;default&#8221; column_direction=&#8221;default&#8221; column_direction_tablet=&#8221;default&#8221; column_direction_phone=&#8221;default&#8221; scene_position=&#8221;center&#8221; bottom_padding_tablet=&#8221;20&#8243; text_color=&#8221;dark&#8221; text_align=&#8221;left&#8221; row_border_radius=&#8221;none&#8221; row_border_radius_applies=&#8221;bg&#8221; overlay_strength=&#8221;0.3&#8243; gradient_direction=&#8221;left_to_right&#8221; shape_divider_position=&#8221;bottom&#8221; bg_image_animation=&#8221;none&#8221; shape_type=&#8221;&#8221;][vc_column column_padding=&#8221;no-extra-padding&#8221; column_padding_tablet=&#8221;inherit&#8221; column_padding_phone=&#8221;inherit&#8221; column_padding_position=&#8221;all&#8221; background_color_opacity=&#8221;1&#8243; background_hover_color_opacity=&#8221;1&#8243; column_shadow=&#8221;none&#8221; column_border_radius=&#8221;none&#8221; column_link_target=&#8221;_self&#8221; gradient_direction=&#8221;left_to_right&#8221; overlay_strength=&#8221;0.3&#8243; width=&#8221;1\/1&#8243; tablet_width_inherit=&#8221;default&#8221; tablet_text_alignment=&#8221;default&#8221; phone_text_alignment=&#8221;default&#8221; column_border_width=&#8221;none&#8221; column_border_style=&#8221;solid&#8221; bg_image_animation=&#8221;none&#8221;][mvc_timeline_father][mvc_timeline_son maintitle=&#8221;Klasi\u010dna antika&#8221;]<div data-post-id=\"1032\" class=\"insert-page insert-page-1032 \">[vc_row type=&#8221;in_container&#8221; full_screen_row_position=&#8221;middle&#8221; column_margin=&#8221;default&#8221; column_direction=&#8221;default&#8221; column_direction_tablet=&#8221;default&#8221; column_direction_phone=&#8221;default&#8221; scene_position=&#8221;center&#8221; text_color=&#8221;dark&#8221; text_align=&#8221;left&#8221; row_border_radius=&#8221;none&#8221; row_border_radius_applies=&#8221;bg&#8221; overlay_strength=&#8221;0.3&#8243; gradient_direction=&#8221;left_to_right&#8221; shape_divider_position=&#8221;bottom&#8221; bg_image_animation=&#8221;none&#8221; shape_type=&#8221;&#8221;][vc_column column_padding=&#8221;no-extra-padding&#8221; column_padding_tablet=&#8221;inherit&#8221; column_padding_phone=&#8221;inherit&#8221; column_padding_position=&#8221;all&#8221; background_color_opacity=&#8221;1&#8243; background_hover_color_opacity=&#8221;1&#8243; column_shadow=&#8221;none&#8221; column_border_radius=&#8221;none&#8221; column_link_target=&#8221;_self&#8221; gradient_direction=&#8221;left_to_right&#8221; overlay_strength=&#8221;0.3&#8243; width=&#8221;1\/1&#8243; tablet_width_inherit=&#8221;default&#8221; tablet_text_alignment=&#8221;default&#8221; phone_text_alignment=&#8221;default&#8221; column_border_width=&#8221;none&#8221; column_border_style=&#8221;solid&#8221; bg_image_animation=&#8221;none&#8221;][vc_column_text]Najranije naseljenje na u\u017eem podru\u010dju dana\u0161njeg sela Krasinec zapa\u017eamo u rimsko doba (izme\u0111u 1. i 6. stolje\u0107a). Anti\u010dko groblje, manje od pola kilometra jugoisto\u010dno od dana\u0161njeg sela, na ledini zvanoj Na vrhu, gdje su otkriveni anti\u010dki ravni paljevinski grobovi s dodacima, govori o stanovni\u0161tvu iz rimskog doba. Mora da su tamo\u0161nji drevni stanovnici vjerovali u prijelaz na drugi svijet kroz vatru i stoga su kremirali svoje pokojnike. Pepeo pokojnika, zajedno s manjim i ve\u0107im glinenim posudama i pokojnikovim nakitom, pokapan je u ravno groblje, a grob je pokriven kamenom plo\u010dom. Anti\u010dko selo kod Krasinca po svoj prilici bilo je manje i usko povezano s obli\u017enjim selima na Bor\u0161tu i Cerkvi\u0161\u010du, kao i s ve\u0107im selom na Otoku, gdje su otkriveni ostaci zidanih zgrada. U kasnoanti\u010dkom razdoblju ova su sela morala biti usko povezana s dobro utvr\u0111enim naseljem u Ku\u010daru, koje je napu\u0161teno po\u010detkom 6. stolje\u0107a.[\/vc_column_text][\/vc_column][\/vc_row]\n<\/div>[\/mvc_timeline_son][mvc_timeline_son maintitle=&#8221;Novi vijek&#8221;]<div data-post-id=\"1034\" class=\"insert-page insert-page-1034 \">[vc_row type=&#8221;in_container&#8221; full_screen_row_position=&#8221;middle&#8221; column_margin=&#8221;default&#8221; column_direction=&#8221;default&#8221; column_direction_tablet=&#8221;default&#8221; column_direction_phone=&#8221;default&#8221; scene_position=&#8221;center&#8221; text_color=&#8221;dark&#8221; text_align=&#8221;left&#8221; row_border_radius=&#8221;none&#8221; row_border_radius_applies=&#8221;bg&#8221; overflow=&#8221;visible&#8221; overlay_strength=&#8221;0.3&#8243; gradient_direction=&#8221;left_to_right&#8221; shape_divider_position=&#8221;bottom&#8221; bg_image_animation=&#8221;none&#8221; shape_type=&#8221;&#8221;][vc_column column_padding=&#8221;no-extra-padding&#8221; column_padding_tablet=&#8221;inherit&#8221; column_padding_phone=&#8221;inherit&#8221; column_padding_position=&#8221;all&#8221; column_element_spacing=&#8221;default&#8221; background_color_opacity=&#8221;1&#8243; background_hover_color_opacity=&#8221;1&#8243; column_shadow=&#8221;none&#8221; column_border_radius=&#8221;none&#8221; column_link_target=&#8221;_self&#8221; column_position=&#8221;default&#8221; gradient_direction=&#8221;left_to_right&#8221; overlay_strength=&#8221;0.3&#8243; width=&#8221;1\/1&#8243; tablet_width_inherit=&#8221;default&#8221; tablet_text_alignment=&#8221;default&#8221; phone_text_alignment=&#8221;default&#8221; animation_type=&#8221;default&#8221; bg_image_animation=&#8221;none&#8221; border_type=&#8221;simple&#8221; column_border_width=&#8221;none&#8221; column_border_style=&#8221;solid&#8221;][vc_gallery type=&#8221;flexslider_style&#8221; images=&#8221;454,453&#8243; onclick=&#8221;link_image&#8221;][vc_column_text]Nastanak sela datira u ne\u0161to kasnije razdoblje naseljavanja ruralnog podru\u010dja Bele krajine, tj. u 15. ili 16. stolje\u0107e. U sjevernom dijelu sela nalazio se mlin koji je pokretala rijeka Kupa, a na ju\u017enom dijelu crkva Sv. Antona s grobljem. Mlin u Krasincu (1674.) pripadao je dvorcu i vlastelinstvu Vinica, a najvjerojatnije je istom gospodaru pripadalo i preostalo selo. Mlin s \u010detiri kota\u010da bio je jedan od srednje velikih mlinova Bele krajine, najve\u0107i su imali po \u0161est kota\u010da.<br \/>\n<div class=\"show_more\"><div class=\"nectar-cta \" data-color=\"default\" data-using-bg=\"false\" data-style=\"see-through\" data-display=\"inline\" data-alignment=\"left\" data-text-color=\"std\"><h6> <span class=\"text\"> <\/span><span class=\"link_wrap\"><a class=\"link_text jss-ssm-show\">Preberi ve\u010d<span class=\"arrow\"><\/span><\/a><\/span><\/h6><\/div><div class=\"jss-ssm-content\"><\/p>\n<p>Tijekom 19. stolje\u0107a selo je brzo raslo i 1880. godine imalo je 48 ku\u0107a s 323 stanovnika. Trideset godina kasnije Krasinec je imao 54 ku\u0107e, ali samo 279 stanovnika. Pad broja stanovnika u posljednjim desetlje\u0107ima 19. stolje\u0107a moramo povezati s iseljavanjem u Ameriku i druge dijelove svijeta, \u0161to je bilo karakteristi\u010dno za tada\u0161nju Belu krajinu. Do po\u010detka 20. stolje\u0107a Krasinec se razvijao kao zbijeno selo \u010dije je stanovni\u0161tvo bilo ruralno, bavilo se poljoprivredom, posebice uzgojem povr\u0107a, vinogradarstvom i sto\u010darstvom.<\/p>\n<p>Mje\u0161tani su imali vinograde na ne\u0161to udaljenijem brdu Ple\u0161ivica iznad Adle\u0161i\u010da. Za gospodarstvo sela posebno je bila va\u017ena prodaja raznog povr\u0107a, posebice luka i ljekovite biljke mirisne metvice (Mentha pulegium), kao i prodaja peradi i jaja. Trgovali su na sajmovima u Metliki i \u010crnomelju, a robu su dopremali i malo dalje, u Ko\u010devje ili u Karlovac i Ogulin u Hrvatskoj.<\/p>\n<div class=\"nectar-cta smh\" data-color=\"default\" data-using-bg=\"false\" data-style=\"see-through\" data-display=\"inline\" data-alignment=\"left\" data-text-color=\"std\"><h6> <span class=\"text\"> <\/span><span class=\"link_wrap\"><a class=\"link_text jss-ssm-hide\">Skrij<span class=\"arrow arrowR\"><\/span><\/a><\/span><\/h6><\/div><\/div><\/div>[\/vc_column_text][\/vc_column][\/vc_row]\n<\/div>[\/mvc_timeline_son][\/mvc_timeline_father][\/vc_column][\/vc_row]\n","protected":false},"excerpt":{"rendered":"<p>Lorem ipsum dolor sit amet, consectetur adipiscing elit. Nulla malesuada pulvinar nisl sed condimentum. Curabitur facilisis est mauris, a hendrerit magna condimentum quis. Cras augue dolor, laoreet non auctor quis, luctus nec lectus. Donec quis dolor sed enim consequat sollicitudin. Interdum et malesuada fames ac ante ipsum primis in faucibus. Vivamus rhoncus nibh a velit pellentesque pulvinar. Phasellus maximus varius risus non pellentesque. Nullam eu eros iaculis, convallis odio a, vulputate nisl. Fusce semper ligula mi, quis bibendum leo imperdiet at. Quisque metus dolor, posuere eget elit eget, eleifend tempor purus. Pellentesque lobortis dapibus diam, sit amet commodo nisl iaculis ut. Aliquam ac libero ipsum. Suspendisse porttitor dignissim turpis quis mollis. Sed vitae nulla congue, vestibulum magna quis, lacinia orci. Morbi eget malesuada metus, ac auctor nisi.<\/p>\n","protected":false},"author":1,"featured_media":0,"parent":5911,"menu_order":2,"comment_status":"closed","ping_status":"closed","template":"","meta":{"footnotes":""},"class_list":["post-6059","page","type-page","status-publish"],"yoast_head":"<!-- This site is optimized with the Yoast SEO plugin v27.2 - https:\/\/yoast.com\/product\/yoast-seo-wordpress\/ -->\n<title>Krasinec - Resort Village Majer<\/title>\n<meta name=\"robots\" content=\"index, follow, max-snippet:-1, max-image-preview:large, max-video-preview:-1\" \/>\n<link rel=\"canonical\" href=\"https:\/\/www.resortvillagemajer.si\/hr\/resort-village-majer\/price-iz-proslosti\/krasinec\/\" \/>\n<meta property=\"og:locale\" content=\"hr_HR\" \/>\n<meta property=\"og:type\" content=\"article\" \/>\n<meta property=\"og:title\" content=\"Krasinec - Resort Village Majer\" \/>\n<meta property=\"og:description\" content=\"Lorem ipsum dolor sit amet, consectetur adipiscing elit. Nulla malesuada pulvinar nisl sed condimentum. Curabitur facilisis est mauris, a hendrerit magna condimentum quis. Cras augue dolor, laoreet non auctor quis, luctus nec lectus. Donec quis dolor sed enim consequat sollicitudin. Interdum et malesuada fames ac ante ipsum primis in faucibus. Vivamus rhoncus nibh a velit pellentesque pulvinar. Phasellus maximus varius risus non pellentesque. Nullam eu eros iaculis, convallis odio a, vulputate nisl. Fusce semper ligula mi, quis bibendum leo imperdiet at. Quisque metus dolor, posuere eget elit eget, eleifend tempor purus. Pellentesque lobortis dapibus diam, sit amet commodo nisl iaculis ut. Aliquam ac libero ipsum. Suspendisse porttitor dignissim turpis quis mollis. Sed vitae nulla congue, vestibulum magna quis, lacinia orci. Morbi eget malesuada metus, ac auctor nisi.\" \/>\n<meta property=\"og:url\" content=\"https:\/\/www.resortvillagemajer.si\/hr\/resort-village-majer\/price-iz-proslosti\/krasinec\/\" \/>\n<meta property=\"og:site_name\" content=\"Resort Village Majer\" \/>\n<meta property=\"article:publisher\" content=\"https:\/\/www.facebook.com\/ResortVillageMajer\" \/>\n<meta property=\"article:modified_time\" content=\"2023-07-21T12:14:15+00:00\" \/>\n<meta property=\"og:image\" content=\"https:\/\/www.resortvillagemajer.si\/wp-content\/uploads\/2021\/03\/logo.230x185.pokoncen.png\" \/>\n\t<meta property=\"og:image:width\" content=\"230\" \/>\n\t<meta property=\"og:image:height\" content=\"185\" \/>\n\t<meta property=\"og:image:type\" content=\"image\/png\" \/>\n<meta name=\"twitter:card\" content=\"summary_large_image\" \/>\n<meta name=\"twitter:label1\" content=\"Procijenjeno vrijeme \u010ditanja\" \/>\n\t<meta name=\"twitter:data1\" content=\"2 minute\" \/>\n<script type=\"application\/ld+json\" class=\"yoast-schema-graph\">{\"@context\":\"https:\/\/schema.org\",\"@graph\":[{\"@type\":\"WebPage\",\"@id\":\"https:\/\/www.resortvillagemajer.si\/hr\/resort-village-majer\/price-iz-proslosti\/krasinec\/\",\"url\":\"https:\/\/www.resortvillagemajer.si\/hr\/resort-village-majer\/price-iz-proslosti\/krasinec\/\",\"name\":\"Krasinec - Resort Village Majer\",\"isPartOf\":{\"@id\":\"https:\/\/www.resortvillagemajer.si\/hr\/#website\"},\"datePublished\":\"2023-07-21T12:13:39+00:00\",\"dateModified\":\"2023-07-21T12:14:15+00:00\",\"breadcrumb\":{\"@id\":\"https:\/\/www.resortvillagemajer.si\/hr\/resort-village-majer\/price-iz-proslosti\/krasinec\/#breadcrumb\"},\"inLanguage\":\"hr\",\"potentialAction\":[{\"@type\":\"ReadAction\",\"target\":[\"https:\/\/www.resortvillagemajer.si\/hr\/resort-village-majer\/price-iz-proslosti\/krasinec\/\"]}]},{\"@type\":\"BreadcrumbList\",\"@id\":\"https:\/\/www.resortvillagemajer.si\/hr\/resort-village-majer\/price-iz-proslosti\/krasinec\/#breadcrumb\",\"itemListElement\":[{\"@type\":\"ListItem\",\"position\":1,\"name\":\"Home\",\"item\":\"https:\/\/www.resortvillagemajer.si\/hr\/\"},{\"@type\":\"ListItem\",\"position\":2,\"name\":\"Poklon bon\",\"item\":\"https:\/\/www.resortvillagemajer.si\/hr\/poklon-bon\/\"},{\"@type\":\"ListItem\",\"position\":3,\"name\":\"Pri\u010de iz pro\u0161losti\",\"item\":\"https:\/\/www.resortvillagemajer.si\/hr\/resort-village-majer\/zgodbe-preteklosti\/\"},{\"@type\":\"ListItem\",\"position\":4,\"name\":\"Krasinec\"}]},{\"@type\":\"WebSite\",\"@id\":\"https:\/\/www.resortvillagemajer.si\/hr\/#website\",\"url\":\"https:\/\/www.resortvillagemajer.si\/hr\/\",\"name\":\"Resort Village Majer\",\"description\":\"Srce Bele krajine\",\"publisher\":{\"@id\":\"https:\/\/www.resortvillagemajer.si\/hr\/#organization\"},\"potentialAction\":[{\"@type\":\"SearchAction\",\"target\":{\"@type\":\"EntryPoint\",\"urlTemplate\":\"https:\/\/www.resortvillagemajer.si\/hr\/?s={search_term_string}\"},\"query-input\":{\"@type\":\"PropertyValueSpecification\",\"valueRequired\":true,\"valueName\":\"search_term_string\"}}],\"inLanguage\":\"hr\"},{\"@type\":\"Organization\",\"@id\":\"https:\/\/www.resortvillagemajer.si\/hr\/#organization\",\"name\":\"Majer Resort Village\",\"url\":\"https:\/\/www.resortvillagemajer.si\/hr\/\",\"logo\":{\"@type\":\"ImageObject\",\"inLanguage\":\"hr\",\"@id\":\"https:\/\/www.resortvillagemajer.si\/hr\/#\/schema\/logo\/image\/\",\"url\":\"https:\/\/www.resortvillagemajer.si\/wp-content\/uploads\/2021\/03\/logo.230x185.pokoncen.png\",\"contentUrl\":\"https:\/\/www.resortvillagemajer.si\/wp-content\/uploads\/2021\/03\/logo.230x185.pokoncen.png\",\"width\":230,\"height\":185,\"caption\":\"Majer Resort Village\"},\"image\":{\"@id\":\"https:\/\/www.resortvillagemajer.si\/hr\/#\/schema\/logo\/image\/\"},\"sameAs\":[\"https:\/\/www.facebook.com\/ResortVillageMajer\",\"https:\/\/www.instagram.com\/ResortVillageMajer\",\"https:\/\/www.tripadvisor.com\/ResortVillageMajer\"]}]}<\/script>\n<!-- \/ Yoast SEO plugin. -->","yoast_head_json":{"title":"Krasinec - Resort Village Majer","robots":{"index":"index","follow":"follow","max-snippet":"max-snippet:-1","max-image-preview":"max-image-preview:large","max-video-preview":"max-video-preview:-1"},"canonical":"https:\/\/www.resortvillagemajer.si\/hr\/resort-village-majer\/price-iz-proslosti\/krasinec\/","og_locale":"hr_HR","og_type":"article","og_title":"Krasinec - Resort Village Majer","og_description":"Lorem ipsum dolor sit amet, consectetur adipiscing elit. Nulla malesuada pulvinar nisl sed condimentum. Curabitur facilisis est mauris, a hendrerit magna condimentum quis. Cras augue dolor, laoreet non auctor quis, luctus nec lectus. Donec quis dolor sed enim consequat sollicitudin. Interdum et malesuada fames ac ante ipsum primis in faucibus. Vivamus rhoncus nibh a velit pellentesque pulvinar. Phasellus maximus varius risus non pellentesque. Nullam eu eros iaculis, convallis odio a, vulputate nisl. Fusce semper ligula mi, quis bibendum leo imperdiet at. Quisque metus dolor, posuere eget elit eget, eleifend tempor purus. Pellentesque lobortis dapibus diam, sit amet commodo nisl iaculis ut. Aliquam ac libero ipsum. Suspendisse porttitor dignissim turpis quis mollis. Sed vitae nulla congue, vestibulum magna quis, lacinia orci. Morbi eget malesuada metus, ac auctor nisi.","og_url":"https:\/\/www.resortvillagemajer.si\/hr\/resort-village-majer\/price-iz-proslosti\/krasinec\/","og_site_name":"Resort Village Majer","article_publisher":"https:\/\/www.facebook.com\/ResortVillageMajer","article_modified_time":"2023-07-21T12:14:15+00:00","og_image":[{"width":230,"height":185,"url":"https:\/\/www.resortvillagemajer.si\/wp-content\/uploads\/2021\/03\/logo.230x185.pokoncen.png","type":"image\/png"}],"twitter_card":"summary_large_image","twitter_misc":{"Procijenjeno vrijeme \u010ditanja":"2 minute"},"schema":{"@context":"https:\/\/schema.org","@graph":[{"@type":"WebPage","@id":"https:\/\/www.resortvillagemajer.si\/hr\/resort-village-majer\/price-iz-proslosti\/krasinec\/","url":"https:\/\/www.resortvillagemajer.si\/hr\/resort-village-majer\/price-iz-proslosti\/krasinec\/","name":"Krasinec - Resort Village Majer","isPartOf":{"@id":"https:\/\/www.resortvillagemajer.si\/hr\/#website"},"datePublished":"2023-07-21T12:13:39+00:00","dateModified":"2023-07-21T12:14:15+00:00","breadcrumb":{"@id":"https:\/\/www.resortvillagemajer.si\/hr\/resort-village-majer\/price-iz-proslosti\/krasinec\/#breadcrumb"},"inLanguage":"hr","potentialAction":[{"@type":"ReadAction","target":["https:\/\/www.resortvillagemajer.si\/hr\/resort-village-majer\/price-iz-proslosti\/krasinec\/"]}]},{"@type":"BreadcrumbList","@id":"https:\/\/www.resortvillagemajer.si\/hr\/resort-village-majer\/price-iz-proslosti\/krasinec\/#breadcrumb","itemListElement":[{"@type":"ListItem","position":1,"name":"Home","item":"https:\/\/www.resortvillagemajer.si\/hr\/"},{"@type":"ListItem","position":2,"name":"Poklon bon","item":"https:\/\/www.resortvillagemajer.si\/hr\/poklon-bon\/"},{"@type":"ListItem","position":3,"name":"Pri\u010de iz pro\u0161losti","item":"https:\/\/www.resortvillagemajer.si\/hr\/resort-village-majer\/zgodbe-preteklosti\/"},{"@type":"ListItem","position":4,"name":"Krasinec"}]},{"@type":"WebSite","@id":"https:\/\/www.resortvillagemajer.si\/hr\/#website","url":"https:\/\/www.resortvillagemajer.si\/hr\/","name":"Resort Village Majer","description":"Srce Bele krajine","publisher":{"@id":"https:\/\/www.resortvillagemajer.si\/hr\/#organization"},"potentialAction":[{"@type":"SearchAction","target":{"@type":"EntryPoint","urlTemplate":"https:\/\/www.resortvillagemajer.si\/hr\/?s={search_term_string}"},"query-input":{"@type":"PropertyValueSpecification","valueRequired":true,"valueName":"search_term_string"}}],"inLanguage":"hr"},{"@type":"Organization","@id":"https:\/\/www.resortvillagemajer.si\/hr\/#organization","name":"Majer Resort Village","url":"https:\/\/www.resortvillagemajer.si\/hr\/","logo":{"@type":"ImageObject","inLanguage":"hr","@id":"https:\/\/www.resortvillagemajer.si\/hr\/#\/schema\/logo\/image\/","url":"https:\/\/www.resortvillagemajer.si\/wp-content\/uploads\/2021\/03\/logo.230x185.pokoncen.png","contentUrl":"https:\/\/www.resortvillagemajer.si\/wp-content\/uploads\/2021\/03\/logo.230x185.pokoncen.png","width":230,"height":185,"caption":"Majer Resort Village"},"image":{"@id":"https:\/\/www.resortvillagemajer.si\/hr\/#\/schema\/logo\/image\/"},"sameAs":["https:\/\/www.facebook.com\/ResortVillageMajer","https:\/\/www.instagram.com\/ResortVillageMajer","https:\/\/www.tripadvisor.com\/ResortVillageMajer"]}]}},"_links":{"self":[{"href":"https:\/\/www.resortvillagemajer.si\/hr\/wp-json\/wp\/v2\/pages\/6059","targetHints":{"allow":["GET"]}}],"collection":[{"href":"https:\/\/www.resortvillagemajer.si\/hr\/wp-json\/wp\/v2\/pages"}],"about":[{"href":"https:\/\/www.resortvillagemajer.si\/hr\/wp-json\/wp\/v2\/types\/page"}],"author":[{"embeddable":true,"href":"https:\/\/www.resortvillagemajer.si\/hr\/wp-json\/wp\/v2\/users\/1"}],"replies":[{"embeddable":true,"href":"https:\/\/www.resortvillagemajer.si\/hr\/wp-json\/wp\/v2\/comments?post=6059"}],"version-history":[{"count":5,"href":"https:\/\/www.resortvillagemajer.si\/hr\/wp-json\/wp\/v2\/pages\/6059\/revisions"}],"predecessor-version":[{"id":6067,"href":"https:\/\/www.resortvillagemajer.si\/hr\/wp-json\/wp\/v2\/pages\/6059\/revisions\/6067"}],"up":[{"embeddable":true,"href":"https:\/\/www.resortvillagemajer.si\/hr\/wp-json\/wp\/v2\/pages\/5911"}],"wp:attachment":[{"href":"https:\/\/www.resortvillagemajer.si\/hr\/wp-json\/wp\/v2\/media?parent=6059"}],"curies":[{"name":"wp","href":"https:\/\/api.w.org\/{rel}","templated":true}]}}