{"id":5498,"date":"2022-11-28T14:11:08","date_gmt":"2022-11-28T13:11:08","guid":{"rendered":"https:\/\/www.resortvillagemajer.si\/aktivnosti\/"},"modified":"2026-04-23T14:31:39","modified_gmt":"2026-04-23T12:31:39","slug":"resort-village-majer-3","status":"publish","type":"page","link":"https:\/\/www.resortvillagemajer.si\/hr\/https\/wwwresortvillagemajersi\/hr\/aktivnosti\/","title":{"rendered":"Doga\u0111aji i aktivnosti u prirodi"},"content":{"rendered":"[vc_row type=&#8221;full_width_background&#8221; full_screen_row_position=&#8221;middle&#8221; column_margin=&#8221;90px&#8221; equal_height=&#8221;yes&#8221; content_placement=&#8221;middle&#8221; column_direction=&#8221;default&#8221; column_direction_tablet=&#8221;default&#8221; column_direction_phone=&#8221;default&#8221; scene_position=&#8221;center&#8221; top_padding=&#8221;80&#8243; bottom_padding=&#8221;60&#8243; top_padding_phone=&#8221;45&#8243; bottom_padding_phone=&#8221;10&#8243; text_color=&#8221;dark&#8221; text_align=&#8221;left&#8221; row_border_radius=&#8221;none&#8221; row_border_radius_applies=&#8221;bg&#8221; overflow=&#8221;visible&#8221; enable_gradient=&#8221;true&#8221; advanced_gradient_angle=&#8221;0&#8243; overlay_strength=&#8221;0.3&#8243; gradient_direction=&#8221;left_to_right&#8221; shape_divider_position=&#8221;bottom&#8221; bg_image_animation=&#8221;none&#8221; shape_type=&#8221;&#8221; gradient_type=&#8221;default&#8221;][vc_column column_padding=&#8221;no-extra-padding&#8221; column_padding_tablet=&#8221;inherit&#8221; column_padding_phone=&#8221;inherit&#8221; column_padding_position=&#8221;all&#8221; column_element_spacing=&#8221;default&#8221; background_color_opacity=&#8221;1&#8243; background_hover_color_opacity=&#8221;1&#8243; column_shadow=&#8221;none&#8221; column_border_radius=&#8221;none&#8221; column_link_target=&#8221;_self&#8221; column_position=&#8221;default&#8221; gradient_direction=&#8221;left_to_right&#8221; overlay_strength=&#8221;0.3&#8243; width=&#8221;1\/1&#8243; tablet_width_inherit=&#8221;default&#8221; tablet_text_alignment=&#8221;default&#8221; phone_text_alignment=&#8221;default&#8221; animation_type=&#8221;default&#8221; bg_image_animation=&#8221;none&#8221; border_type=&#8221;simple&#8221; column_border_width=&#8221;none&#8221; column_border_style=&#8221;solid&#8221;][vc_column_text]Bela krajina ima iznimno kulturno naslje\u0111e. Ovdje ve\u0107 stolje\u0107ima zajedno \u017eive razli\u010dite etni\u010dke skupine, \u0161to je ostavilo sna\u017ean trag na ovom dijelu Slovenije. Do danas su se tako sa\u010duvali i izvorna glazba, plesovi, narodne no\u0161nje i rukotvorine. Turisti\u010dku ponudu Bele krajine upotpunjuju prirodne vrijednosti s rijekom Kolpom i kr\u0161kim posebnostima. Ovdje ste i zato da upoznate lokalne posebnosti, do\u017eivite jedinstvene kulturne doga\u0111aje ili pak otkrijete Belu krajinu kao izvrsnu destinaciju za sportske aktivnosti.<\/p>\n<p>Osim doga\u0111aja i radionica koje vam mo\u017eemo organizirati kod nas, rado \u0107emo vas upoznati i s ostalim mogu\u0107nostima u okolici.<\/p>\n<p><strong>KATALOG AKTIVNOSTI U BELOJ KRAJINI<\/strong>[\/vc_column_text][divider line_type=&#8221;No Line&#8221; custom_height=&#8221;25&#8243;]<div class=\"nectar-fancy-ul\" data-list-icon=\"icon-salient-thin-line\" data-animation=\"false\" data-animation-delay=\"0\" data-color=\"accent-color\" data-spacing=\"default\" data-alignment=\"left\"> <strong>ORGANIZIRANI DOGA\u0110AJI \/ RESORT VILLAGE MAJER<\/strong><\/p>\n<ul>\n<li>Piknik u prirodi;<\/li>\n<li>Pe\u010denje belokranjske poga\u010de;<\/li>\n<li>Izrada belokranjskih pisanica;<\/li>\n<li>Degustacija vina i ulja;<\/li>\n<li>Priprema doma\u0107ih jela;<\/li>\n<li>Berba vo\u0107a;<\/li>\n<\/ul>\n<p><strong>SPORTSKE AKTIVNOSTI \/ RESORT VILLAGE MAJER<\/strong><\/p>\n<ul>\n<li data-start=\"102\" data-end=\"144\">Dje\u010dje igrali\u0161te i vanjski fitness park;<\/li>\n<li data-start=\"147\" data-end=\"163\">Vanjski bazen;<\/li>\n<li data-start=\"166\" data-end=\"219\">Igrali\u0161te za nogometni golf, disk golf i park golf;<\/li>\n<li data-start=\"222\" data-end=\"278\">Najam opreme za nogometni golf, disk golf i park golf;<\/li>\n<li data-start=\"281\" data-end=\"300\">Najam e-bicikala;<\/li>\n<li data-start=\"303\" data-end=\"328\">Najam klasi\u010dnih bicikala.<\/li>\n<\/ul>\n<p><strong>LOKALNI DOGA\u0110AJI<\/strong><\/p>\n<ul>\n<li>Radionice seoskih poslova i rukotvorina;<\/li>\n<li>Kulturno-gastronomska iskustva;<\/li>\n<li>Vo\u0111eni obilasci lokalnih znamenitosti;<\/li>\n<li>Posjet aktualnim lokalnim doga\u0111anjima;<\/li>\n<\/ul>\n<p><strong>SPORTSKE AKTIVNOSTI \/ BELA KRAJINA<\/strong><\/p>\n<ul>\n<li>Aktivnosti na rijeci Kolpi;<\/li>\n<\/ul>\n<p>Kolpa, vrlo \u010dista i topla rijeka, ne nudi samo ljetno kupanje i opu\u0161tanje na slikovitim zelenim obalama s ure\u0111enim kupali\u0161tima. Njome se od prolje\u0107a do jeseni mo\u017eete zaputiti kajakom, kanuom ili SUP-om. Dan mo\u017eete obogatiti i uvijek zabavnim raftingom. Tijekom vo\u017enje gumenjakom naizgled mirne vode pokazat \u0107e i svoju divlju stranu.<\/p>\n<ul>\n<li>Biciklizam;<\/li>\n<li>Pje\u0161a\u010denje;<\/li>\n<\/ul>\n<p>Na\u0161 resort idealno je polazi\u0161te za istra\u017eivanje Bele Krajine, gdje se skriva bezbroj skrivenih kutaka te prirodnih i kulturnih znamenitosti. Ni\u0161ta nije ljep\u0161e nego otkrivati ih biciklom ili pje\u0161ice.<\/p>\n<ul>\n<li>Penjanje;<\/li>\n<li>Jahanje;<\/li>\n<\/ul>\n<p> <\/div>[vc_gallery type=&#8221;flickity_static_height_style&#8221; images=&#8221;6503,6495,6479,6447,6427,6439,6225,6190,6385,6588,6600,6604,6612,6616,6620,6624,8130,8134,8138,8126,8122,8118,8112,8142,8146&#8243; flickity_spacing=&#8221;default&#8221; flickity_controls=&#8221;pagination&#8221; flickity_overflow=&#8221;hidden&#8221; flickity_wrap_around=&#8221;wrap&#8221; flickity_box_shadow=&#8221;none&#8221; image_loading=&#8221;default&#8221; onclick=&#8221;link_image&#8221; flickity_img_height=&#8221;300&#8243;][\/vc_column][\/vc_row]\n","protected":false},"excerpt":{"rendered":"<p>[vc_row type=&#8221;full_width_background&#8221; full_screen_row_position=&#8221;middle&#8221; column_margin=&#8221;90px&#8221; equal_height=&#8221;yes&#8221; content_placement=&#8221;middle&#8221; column_direction=&#8221;default&#8221; column_direction_tablet=&#8221;default&#8221; column_direction_phone=&#8221;default&#8221; scene_position=&#8221;center&#8221; top_padding=&#8221;80&#8243; bottom_padding=&#8221;60&#8243; top_padding_phone=&#8221;45&#8243; bottom_padding_phone=&#8221;10&#8243; text_color=&#8221;dark&#8221; text_align=&#8221;left&#8221; row_border_radius=&#8221;none&#8221; row_border_radius_applies=&#8221;bg&#8221; overflow=&#8221;visible&#8221; enable_gradient=&#8221;true&#8221; advanced_gradient_angle=&#8221;0&#8243; overlay_strength=&#8221;0.3&#8243; gradient_direction=&#8221;left_to_right&#8221; shape_divider_position=&#8221;bottom&#8221; bg_image_animation=&#8221;none&#8221; shape_type=&#8221;&#8221; gradient_type=&#8221;default&#8221;][vc_column column_padding=&#8221;no-extra-padding&#8221; column_padding_tablet=&#8221;inherit&#8221; column_padding_phone=&#8221;inherit&#8221;&#8230;<\/p>\n","protected":false},"author":1,"featured_media":0,"parent":0,"menu_order":3,"comment_status":"closed","ping_status":"closed","template":"","meta":{"footnotes":""},"class_list":["post-5498","page","type-page","status-publish"],"yoast_head":"<!-- This site is optimized with the Yoast SEO plugin v27.2 - https:\/\/yoast.com\/product\/yoast-seo-wordpress\/ -->\n<title>Doga\u0111aji i aktivnosti u prirodi - Resort Village Majer<\/title>\n<meta name=\"robots\" content=\"index, follow, max-snippet:-1, max-image-preview:large, max-video-preview:-1\" \/>\n<link rel=\"canonical\" href=\"https:\/\/www.resortvillagemajer.si\/hr\/https\/wwwresortvillagemajersi\/hr\/aktivnosti\/\" \/>\n<meta property=\"og:locale\" content=\"hr_HR\" \/>\n<meta property=\"og:type\" content=\"article\" \/>\n<meta property=\"og:title\" content=\"Doga\u0111aji i aktivnosti u prirodi - Resort Village Majer\" \/>\n<meta property=\"og:description\" content=\"[vc_row type=&#8221;full_width_background&#8221; full_screen_row_position=&#8221;middle&#8221; column_margin=&#8221;90px&#8221; equal_height=&#8221;yes&#8221; content_placement=&#8221;middle&#8221; column_direction=&#8221;default&#8221; column_direction_tablet=&#8221;default&#8221; column_direction_phone=&#8221;default&#8221; scene_position=&#8221;center&#8221; top_padding=&#8221;80&#8243; bottom_padding=&#8221;60&#8243; top_padding_phone=&#8221;45&#8243; bottom_padding_phone=&#8221;10&#8243; text_color=&#8221;dark&#8221; text_align=&#8221;left&#8221; row_border_radius=&#8221;none&#8221; row_border_radius_applies=&#8221;bg&#8221; overflow=&#8221;visible&#8221; enable_gradient=&#8221;true&#8221; advanced_gradient_angle=&#8221;0&#8243; overlay_strength=&#8221;0.3&#8243; gradient_direction=&#8221;left_to_right&#8221; shape_divider_position=&#8221;bottom&#8221; bg_image_animation=&#8221;none&#8221; shape_type=&#8221;&#8221; gradient_type=&#8221;default&#8221;][vc_column column_padding=&#8221;no-extra-padding&#8221; column_padding_tablet=&#8221;inherit&#8221; column_padding_phone=&#8221;inherit&#8221;...\" \/>\n<meta property=\"og:url\" content=\"https:\/\/www.resortvillagemajer.si\/hr\/https\/wwwresortvillagemajersi\/hr\/aktivnosti\/\" \/>\n<meta property=\"og:site_name\" content=\"Resort Village Majer\" \/>\n<meta property=\"article:publisher\" content=\"https:\/\/www.facebook.com\/ResortVillageMajer\" \/>\n<meta property=\"article:modified_time\" content=\"2026-04-23T12:31:39+00:00\" \/>\n<meta property=\"og:image\" content=\"https:\/\/www.resortvillagemajer.si\/wp-content\/uploads\/2021\/03\/logo.230x185.pokoncen.png\" \/>\n\t<meta property=\"og:image:width\" content=\"230\" \/>\n\t<meta property=\"og:image:height\" content=\"185\" \/>\n\t<meta property=\"og:image:type\" content=\"image\/png\" \/>\n<meta name=\"twitter:card\" content=\"summary_large_image\" \/>\n<meta name=\"twitter:label1\" content=\"Procijenjeno vrijeme \u010ditanja\" \/>\n\t<meta name=\"twitter:data1\" content=\"7 minuta\" \/>\n<script type=\"application\/ld+json\" class=\"yoast-schema-graph\">{\"@context\":\"https:\/\/schema.org\",\"@graph\":[{\"@type\":\"WebPage\",\"@id\":\"https:\/\/www.resortvillagemajer.si\/hr\/https\/wwwresortvillagemajersi\/hr\/aktivnosti\/\",\"url\":\"https:\/\/www.resortvillagemajer.si\/hr\/https\/wwwresortvillagemajersi\/hr\/aktivnosti\/\",\"name\":\"Doga\u0111aji i aktivnosti u prirodi - Resort Village Majer\",\"isPartOf\":{\"@id\":\"https:\/\/www.resortvillagemajer.si\/hr\/#website\"},\"datePublished\":\"2022-11-28T13:11:08+00:00\",\"dateModified\":\"2026-04-23T12:31:39+00:00\",\"breadcrumb\":{\"@id\":\"https:\/\/www.resortvillagemajer.si\/hr\/https\/wwwresortvillagemajersi\/hr\/aktivnosti\/#breadcrumb\"},\"inLanguage\":\"hr\",\"potentialAction\":[{\"@type\":\"ReadAction\",\"target\":[\"https:\/\/www.resortvillagemajer.si\/hr\/https\/wwwresortvillagemajersi\/hr\/aktivnosti\/\"]}]},{\"@type\":\"BreadcrumbList\",\"@id\":\"https:\/\/www.resortvillagemajer.si\/hr\/https\/wwwresortvillagemajersi\/hr\/aktivnosti\/#breadcrumb\",\"itemListElement\":[{\"@type\":\"ListItem\",\"position\":1,\"name\":\"Home\",\"item\":\"https:\/\/www.resortvillagemajer.si\/hr\/\"},{\"@type\":\"ListItem\",\"position\":2,\"name\":\"Doga\u0111aji i aktivnosti u prirodi\"}]},{\"@type\":\"WebSite\",\"@id\":\"https:\/\/www.resortvillagemajer.si\/hr\/#website\",\"url\":\"https:\/\/www.resortvillagemajer.si\/hr\/\",\"name\":\"Resort Village Majer\",\"description\":\"Srce Bele krajine\",\"publisher\":{\"@id\":\"https:\/\/www.resortvillagemajer.si\/hr\/#organization\"},\"potentialAction\":[{\"@type\":\"SearchAction\",\"target\":{\"@type\":\"EntryPoint\",\"urlTemplate\":\"https:\/\/www.resortvillagemajer.si\/hr\/?s={search_term_string}\"},\"query-input\":{\"@type\":\"PropertyValueSpecification\",\"valueRequired\":true,\"valueName\":\"search_term_string\"}}],\"inLanguage\":\"hr\"},{\"@type\":\"Organization\",\"@id\":\"https:\/\/www.resortvillagemajer.si\/hr\/#organization\",\"name\":\"Majer Resort Village\",\"url\":\"https:\/\/www.resortvillagemajer.si\/hr\/\",\"logo\":{\"@type\":\"ImageObject\",\"inLanguage\":\"hr\",\"@id\":\"https:\/\/www.resortvillagemajer.si\/hr\/#\/schema\/logo\/image\/\",\"url\":\"https:\/\/www.resortvillagemajer.si\/wp-content\/uploads\/2021\/03\/logo.230x185.pokoncen.png\",\"contentUrl\":\"https:\/\/www.resortvillagemajer.si\/wp-content\/uploads\/2021\/03\/logo.230x185.pokoncen.png\",\"width\":230,\"height\":185,\"caption\":\"Majer Resort Village\"},\"image\":{\"@id\":\"https:\/\/www.resortvillagemajer.si\/hr\/#\/schema\/logo\/image\/\"},\"sameAs\":[\"https:\/\/www.facebook.com\/ResortVillageMajer\",\"https:\/\/www.instagram.com\/ResortVillageMajer\",\"https:\/\/www.tripadvisor.com\/ResortVillageMajer\"]}]}<\/script>\n<!-- \/ Yoast SEO plugin. -->","yoast_head_json":{"title":"Doga\u0111aji i aktivnosti u prirodi - Resort Village Majer","robots":{"index":"index","follow":"follow","max-snippet":"max-snippet:-1","max-image-preview":"max-image-preview:large","max-video-preview":"max-video-preview:-1"},"canonical":"https:\/\/www.resortvillagemajer.si\/hr\/https\/wwwresortvillagemajersi\/hr\/aktivnosti\/","og_locale":"hr_HR","og_type":"article","og_title":"Doga\u0111aji i aktivnosti u prirodi - Resort Village Majer","og_description":"[vc_row type=&#8221;full_width_background&#8221; full_screen_row_position=&#8221;middle&#8221; column_margin=&#8221;90px&#8221; equal_height=&#8221;yes&#8221; content_placement=&#8221;middle&#8221; column_direction=&#8221;default&#8221; column_direction_tablet=&#8221;default&#8221; column_direction_phone=&#8221;default&#8221; scene_position=&#8221;center&#8221; top_padding=&#8221;80&#8243; bottom_padding=&#8221;60&#8243; top_padding_phone=&#8221;45&#8243; bottom_padding_phone=&#8221;10&#8243; text_color=&#8221;dark&#8221; text_align=&#8221;left&#8221; row_border_radius=&#8221;none&#8221; row_border_radius_applies=&#8221;bg&#8221; overflow=&#8221;visible&#8221; enable_gradient=&#8221;true&#8221; advanced_gradient_angle=&#8221;0&#8243; overlay_strength=&#8221;0.3&#8243; gradient_direction=&#8221;left_to_right&#8221; shape_divider_position=&#8221;bottom&#8221; bg_image_animation=&#8221;none&#8221; shape_type=&#8221;&#8221; gradient_type=&#8221;default&#8221;][vc_column column_padding=&#8221;no-extra-padding&#8221; column_padding_tablet=&#8221;inherit&#8221; column_padding_phone=&#8221;inherit&#8221;...","og_url":"https:\/\/www.resortvillagemajer.si\/hr\/https\/wwwresortvillagemajersi\/hr\/aktivnosti\/","og_site_name":"Resort Village Majer","article_publisher":"https:\/\/www.facebook.com\/ResortVillageMajer","article_modified_time":"2026-04-23T12:31:39+00:00","og_image":[{"width":230,"height":185,"url":"https:\/\/www.resortvillagemajer.si\/wp-content\/uploads\/2021\/03\/logo.230x185.pokoncen.png","type":"image\/png"}],"twitter_card":"summary_large_image","twitter_misc":{"Procijenjeno vrijeme \u010ditanja":"7 minuta"},"schema":{"@context":"https:\/\/schema.org","@graph":[{"@type":"WebPage","@id":"https:\/\/www.resortvillagemajer.si\/hr\/https\/wwwresortvillagemajersi\/hr\/aktivnosti\/","url":"https:\/\/www.resortvillagemajer.si\/hr\/https\/wwwresortvillagemajersi\/hr\/aktivnosti\/","name":"Doga\u0111aji i aktivnosti u prirodi - Resort Village Majer","isPartOf":{"@id":"https:\/\/www.resortvillagemajer.si\/hr\/#website"},"datePublished":"2022-11-28T13:11:08+00:00","dateModified":"2026-04-23T12:31:39+00:00","breadcrumb":{"@id":"https:\/\/www.resortvillagemajer.si\/hr\/https\/wwwresortvillagemajersi\/hr\/aktivnosti\/#breadcrumb"},"inLanguage":"hr","potentialAction":[{"@type":"ReadAction","target":["https:\/\/www.resortvillagemajer.si\/hr\/https\/wwwresortvillagemajersi\/hr\/aktivnosti\/"]}]},{"@type":"BreadcrumbList","@id":"https:\/\/www.resortvillagemajer.si\/hr\/https\/wwwresortvillagemajersi\/hr\/aktivnosti\/#breadcrumb","itemListElement":[{"@type":"ListItem","position":1,"name":"Home","item":"https:\/\/www.resortvillagemajer.si\/hr\/"},{"@type":"ListItem","position":2,"name":"Doga\u0111aji i aktivnosti u prirodi"}]},{"@type":"WebSite","@id":"https:\/\/www.resortvillagemajer.si\/hr\/#website","url":"https:\/\/www.resortvillagemajer.si\/hr\/","name":"Resort Village Majer","description":"Srce Bele krajine","publisher":{"@id":"https:\/\/www.resortvillagemajer.si\/hr\/#organization"},"potentialAction":[{"@type":"SearchAction","target":{"@type":"EntryPoint","urlTemplate":"https:\/\/www.resortvillagemajer.si\/hr\/?s={search_term_string}"},"query-input":{"@type":"PropertyValueSpecification","valueRequired":true,"valueName":"search_term_string"}}],"inLanguage":"hr"},{"@type":"Organization","@id":"https:\/\/www.resortvillagemajer.si\/hr\/#organization","name":"Majer Resort Village","url":"https:\/\/www.resortvillagemajer.si\/hr\/","logo":{"@type":"ImageObject","inLanguage":"hr","@id":"https:\/\/www.resortvillagemajer.si\/hr\/#\/schema\/logo\/image\/","url":"https:\/\/www.resortvillagemajer.si\/wp-content\/uploads\/2021\/03\/logo.230x185.pokoncen.png","contentUrl":"https:\/\/www.resortvillagemajer.si\/wp-content\/uploads\/2021\/03\/logo.230x185.pokoncen.png","width":230,"height":185,"caption":"Majer Resort Village"},"image":{"@id":"https:\/\/www.resortvillagemajer.si\/hr\/#\/schema\/logo\/image\/"},"sameAs":["https:\/\/www.facebook.com\/ResortVillageMajer","https:\/\/www.instagram.com\/ResortVillageMajer","https:\/\/www.tripadvisor.com\/ResortVillageMajer"]}]}},"_links":{"self":[{"href":"https:\/\/www.resortvillagemajer.si\/hr\/wp-json\/wp\/v2\/pages\/5498","targetHints":{"allow":["GET"]}}],"collection":[{"href":"https:\/\/www.resortvillagemajer.si\/hr\/wp-json\/wp\/v2\/pages"}],"about":[{"href":"https:\/\/www.resortvillagemajer.si\/hr\/wp-json\/wp\/v2\/types\/page"}],"author":[{"embeddable":true,"href":"https:\/\/www.resortvillagemajer.si\/hr\/wp-json\/wp\/v2\/users\/1"}],"replies":[{"embeddable":true,"href":"https:\/\/www.resortvillagemajer.si\/hr\/wp-json\/wp\/v2\/comments?post=5498"}],"version-history":[{"count":18,"href":"https:\/\/www.resortvillagemajer.si\/hr\/wp-json\/wp\/v2\/pages\/5498\/revisions"}],"predecessor-version":[{"id":8152,"href":"https:\/\/www.resortvillagemajer.si\/hr\/wp-json\/wp\/v2\/pages\/5498\/revisions\/8152"}],"wp:attachment":[{"href":"https:\/\/www.resortvillagemajer.si\/hr\/wp-json\/wp\/v2\/media?parent=5498"}],"curies":[{"name":"wp","href":"https:\/\/api.w.org\/{rel}","templated":true}]}}