{"id":2822,"date":"2021-04-22T21:20:07","date_gmt":"2021-04-22T19:20:07","guid":{"rendered":"http:\/\/demo.resortvillagemajer.si\/?page_id=2822"},"modified":"2022-08-10T12:17:33","modified_gmt":"2022-08-10T10:17:33","slug":"krasinec","status":"publish","type":"page","link":"https:\/\/www.resortvillagemajer.si\/en\/resort-village-majer\/stories-of-the-past\/krasinec\/","title":{"rendered":"Krasinec"},"content":{"rendered":"[vc_row type=&#8221;in_container&#8221; full_screen_row_position=&#8221;middle&#8221; column_margin=&#8221;default&#8221; column_direction=&#8221;default&#8221; column_direction_tablet=&#8221;default&#8221; column_direction_phone=&#8221;default&#8221; scene_position=&#8221;center&#8221; text_color=&#8221;dark&#8221; text_align=&#8221;left&#8221; row_border_radius=&#8221;none&#8221; row_border_radius_applies=&#8221;bg&#8221; overflow=&#8221;visible&#8221; overlay_strength=&#8221;0.3&#8243; gradient_direction=&#8221;left_to_right&#8221; shape_divider_position=&#8221;bottom&#8221; bg_image_animation=&#8221;none&#8221; shape_type=&#8221;&#8221;][vc_column column_padding=&#8221;no-extra-padding&#8221; column_padding_tablet=&#8221;inherit&#8221; column_padding_phone=&#8221;inherit&#8221; column_padding_position=&#8221;all&#8221; column_element_spacing=&#8221;default&#8221; background_color_opacity=&#8221;1&#8243; background_hover_color_opacity=&#8221;1&#8243; column_shadow=&#8221;none&#8221; column_border_radius=&#8221;none&#8221; column_link_target=&#8221;_self&#8221; column_position=&#8221;default&#8221; gradient_direction=&#8221;left_to_right&#8221; overlay_strength=&#8221;0.3&#8243; width=&#8221;1\/1&#8243; tablet_width_inherit=&#8221;default&#8221; tablet_text_alignment=&#8221;default&#8221; phone_text_alignment=&#8221;default&#8221; animation_type=&#8221;default&#8221; bg_image_animation=&#8221;none&#8221; border_type=&#8221;simple&#8221; column_border_width=&#8221;none&#8221; column_border_style=&#8221;solid&#8221;][vc_column_text]Krasinec is a village near the Kolpa River, located between the villages of Podzemelj and Griblje. The village was built on ancient ground around two and a half kilometres from the Ku\u010dar inselberg. The Ku\u010dar hillfort was an important prehistoric settlement that managed the agricultural land around it and transport on the Kolpa River. [\/vc_column_text][\/vc_column][\/vc_row][vc_row type=&#8221;in_container&#8221; full_screen_row_position=&#8221;middle&#8221; column_margin=&#8221;default&#8221; column_direction=&#8221;default&#8221; column_direction_tablet=&#8221;default&#8221; column_direction_phone=&#8221;default&#8221; scene_position=&#8221;center&#8221; bottom_padding_tablet=&#8221;20&#8243; text_color=&#8221;dark&#8221; text_align=&#8221;left&#8221; row_border_radius=&#8221;none&#8221; row_border_radius_applies=&#8221;bg&#8221; overflow=&#8221;visible&#8221; overlay_strength=&#8221;0.3&#8243; gradient_direction=&#8221;left_to_right&#8221; shape_divider_position=&#8221;bottom&#8221; bg_image_animation=&#8221;none&#8221; shape_type=&#8221;&#8221;][vc_column column_padding=&#8221;no-extra-padding&#8221; column_padding_tablet=&#8221;inherit&#8221; column_padding_phone=&#8221;inherit&#8221; column_padding_position=&#8221;all&#8221; column_element_spacing=&#8221;default&#8221; background_color_opacity=&#8221;1&#8243; background_hover_color_opacity=&#8221;1&#8243; column_shadow=&#8221;none&#8221; column_border_radius=&#8221;none&#8221; column_link_target=&#8221;_self&#8221; column_position=&#8221;default&#8221; gradient_direction=&#8221;left_to_right&#8221; overlay_strength=&#8221;0.3&#8243; width=&#8221;1\/1&#8243; tablet_width_inherit=&#8221;default&#8221; tablet_text_alignment=&#8221;default&#8221; phone_text_alignment=&#8221;default&#8221; animation_type=&#8221;default&#8221; bg_image_animation=&#8221;none&#8221; border_type=&#8221;simple&#8221; column_border_width=&#8221;none&#8221; column_border_style=&#8221;solid&#8221;][mvc_timeline_father][mvc_timeline_son maintitle=&#8221;Classical Antiquity&#8221;]<div data-post-id=\"2866\" class=\"insert-page insert-page-2866 \">[vc_row type=&#8221;in_container&#8221; full_screen_row_position=&#8221;middle&#8221; column_margin=&#8221;default&#8221; column_direction=&#8221;default&#8221; column_direction_tablet=&#8221;default&#8221; column_direction_phone=&#8221;default&#8221; scene_position=&#8221;center&#8221; text_color=&#8221;dark&#8221; text_align=&#8221;left&#8221; row_border_radius=&#8221;none&#8221; row_border_radius_applies=&#8221;bg&#8221; overflow=&#8221;visible&#8221; overlay_strength=&#8221;0.3&#8243; gradient_direction=&#8221;left_to_right&#8221; shape_divider_position=&#8221;bottom&#8221; bg_image_animation=&#8221;none&#8221; shape_type=&#8221;&#8221;][vc_column column_padding=&#8221;no-extra-padding&#8221; column_padding_tablet=&#8221;inherit&#8221; column_padding_phone=&#8221;inherit&#8221; column_padding_position=&#8221;all&#8221; column_element_spacing=&#8221;default&#8221; background_color_opacity=&#8221;1&#8243; background_hover_color_opacity=&#8221;1&#8243; column_shadow=&#8221;none&#8221; column_border_radius=&#8221;none&#8221; column_link_target=&#8221;_self&#8221; column_position=&#8221;default&#8221; gradient_direction=&#8221;left_to_right&#8221; overlay_strength=&#8221;0.3&#8243; width=&#8221;1\/1&#8243; tablet_width_inherit=&#8221;default&#8221; tablet_text_alignment=&#8221;default&#8221; phone_text_alignment=&#8221;default&#8221; animation_type=&#8221;default&#8221; bg_image_animation=&#8221;none&#8221; border_type=&#8221;simple&#8221; column_border_width=&#8221;none&#8221; column_border_style=&#8221;solid&#8221;][vc_column_text]The earliest settlement in the narrower area of today&#8217;s Krasinec village belongs in the Roman era (1st\u20136th century AD). The ancient cemetery, less than half a kilometer southeast from today&#8217;s village, in the wasteland called Na vrhu, ancient plain (flat) burnt graves with accessories were discovered, which speak of the earliest inhabitants. They must have believed in the transition to the other world through fire and therefore cremated their dead. The ashes of the deceased, together with smaller and larger clay vessels and the deceased&#8217;s jewelry, were buried in a flat cemetery and the grave was usually covered with a stone slab. The ancient village near Krasinec was closely connected with the nearby villages of Bor\u0161t and Cerkvi\u0161\u010de, as well as with a larger village on Otok, where the remains of brick buildings were discovered. In the Late Antiquity period, these villages must have been closely connected to the well-fortified settlement on Ku\u010dar hill, which was abandoned by the beginning of the 6th century.[\/vc_column_text][\/vc_column][\/vc_row]\n<\/div>[\/mvc_timeline_son][mvc_timeline_son maintitle=&#8221;Modern Period&#8221;]<div data-post-id=\"2948\" class=\"insert-page insert-page-2948 \">[vc_row type=&#8221;in_container&#8221; full_screen_row_position=&#8221;middle&#8221; column_margin=&#8221;default&#8221; column_direction=&#8221;default&#8221; column_direction_tablet=&#8221;default&#8221; column_direction_phone=&#8221;default&#8221; scene_position=&#8221;center&#8221; text_color=&#8221;dark&#8221; text_align=&#8221;left&#8221; row_border_radius=&#8221;none&#8221; row_border_radius_applies=&#8221;bg&#8221; overflow=&#8221;visible&#8221; overlay_strength=&#8221;0.3&#8243; gradient_direction=&#8221;left_to_right&#8221; shape_divider_position=&#8221;bottom&#8221; bg_image_animation=&#8221;none&#8221; shape_type=&#8221;&#8221;][vc_column column_padding=&#8221;no-extra-padding&#8221; column_padding_tablet=&#8221;inherit&#8221; column_padding_phone=&#8221;inherit&#8221; column_padding_position=&#8221;all&#8221; column_element_spacing=&#8221;default&#8221; background_color_opacity=&#8221;1&#8243; background_hover_color_opacity=&#8221;1&#8243; column_shadow=&#8221;none&#8221; column_border_radius=&#8221;none&#8221; column_link_target=&#8221;_self&#8221; column_position=&#8221;default&#8221; gradient_direction=&#8221;left_to_right&#8221; overlay_strength=&#8221;0.3&#8243; width=&#8221;1\/1&#8243; tablet_width_inherit=&#8221;default&#8221; tablet_text_alignment=&#8221;default&#8221; phone_text_alignment=&#8221;default&#8221; animation_type=&#8221;default&#8221; bg_image_animation=&#8221;none&#8221; border_type=&#8221;simple&#8221; column_border_width=&#8221;none&#8221; column_border_style=&#8221;solid&#8221;][vc_gallery type=&#8221;flexslider_style&#8221; images=&#8221;454,453&#8243; onclick=&#8221;link_image&#8221;][vc_column_text]The earliest settlement in the narrower area of today&#8217;s Krasinec village belongs in the Roman era (1st\u20136th century AD). The ancient cemetery, less than half a kilometer southeast from today&#8217;s village, in the wasteland called Na vrhu, ancient plain (flat) burnt graves with accessories were discovered, which speak of the earliest inhabitants. They must have believed in the transition to the other world through fire and therefore cremated their dead. The ashes of the deceased, together with smaller and larger clay vessels and the deceased&#8217;s jewelry, were buried in a flat cemetery and the grave was usually covered with a stone slab. The ancient village near Krasinec was closely connected with the nearby villages of Bor\u0161t and Cerkvi\u0161\u010de, as well as with a larger village on Otok, where the remains of brick buildings were discovered. In the Late Antiquity period, these villages must have been closely connected to the well-fortified settlement on Ku\u010dar hill, which was abandoned by the beginning of the 6th century.[\/vc_column_text][\/vc_column][\/vc_row]\n<\/div>[\/mvc_timeline_son][\/mvc_timeline_father][\/vc_column][\/vc_row]\n","protected":false},"excerpt":{"rendered":"<p>Lorem ipsum dolor sit amet, consectetur adipiscing elit. Nulla malesuada pulvinar nisl sed condimentum. Curabitur facilisis est mauris, a hendrerit magna condimentum quis. Cras augue dolor, laoreet non auctor quis, luctus nec lectus. Donec quis dolor sed enim consequat sollicitudin. Interdum et malesuada fames ac ante ipsum primis in faucibus. Vivamus rhoncus nibh a velit pellentesque pulvinar. Phasellus maximus varius risus non pellentesque. Nullam eu eros iaculis, convallis odio a, vulputate nisl. Fusce semper ligula mi, quis bibendum leo imperdiet at. Quisque metus dolor, posuere eget elit eget, eleifend tempor purus. Pellentesque lobortis dapibus diam, sit amet commodo nisl iaculis ut. Aliquam ac libero ipsum. Suspendisse porttitor dignissim turpis quis mollis. Sed vitae nulla congue, vestibulum magna quis, lacinia orci. Morbi eget malesuada metus, ac auctor nisi.<\/p>\n","protected":false},"author":1,"featured_media":0,"parent":2768,"menu_order":2,"comment_status":"closed","ping_status":"closed","template":"","meta":{"footnotes":""},"class_list":["post-2822","page","type-page","status-publish"],"yoast_head":"<!-- This site is optimized with the Yoast SEO plugin v27.2 - https:\/\/yoast.com\/product\/yoast-seo-wordpress\/ -->\n<title>Krasinec - Resort Village Majer<\/title>\n<meta name=\"robots\" content=\"index, follow, max-snippet:-1, max-image-preview:large, max-video-preview:-1\" \/>\n<link rel=\"canonical\" href=\"https:\/\/www.resortvillagemajer.si\/en\/resort-village-majer\/stories-of-the-past\/krasinec\/\" \/>\n<meta property=\"og:locale\" content=\"en_US\" \/>\n<meta property=\"og:type\" content=\"article\" \/>\n<meta property=\"og:title\" content=\"Krasinec - Resort Village Majer\" \/>\n<meta property=\"og:description\" content=\"Lorem ipsum dolor sit amet, consectetur adipiscing elit. Nulla malesuada pulvinar nisl sed condimentum. Curabitur facilisis est mauris, a hendrerit magna condimentum quis. Cras augue dolor, laoreet non auctor quis, luctus nec lectus. Donec quis dolor sed enim consequat sollicitudin. Interdum et malesuada fames ac ante ipsum primis in faucibus. Vivamus rhoncus nibh a velit pellentesque pulvinar. Phasellus maximus varius risus non pellentesque. Nullam eu eros iaculis, convallis odio a, vulputate nisl. Fusce semper ligula mi, quis bibendum leo imperdiet at. Quisque metus dolor, posuere eget elit eget, eleifend tempor purus. Pellentesque lobortis dapibus diam, sit amet commodo nisl iaculis ut. Aliquam ac libero ipsum. Suspendisse porttitor dignissim turpis quis mollis. Sed vitae nulla congue, vestibulum magna quis, lacinia orci. Morbi eget malesuada metus, ac auctor nisi.\" \/>\n<meta property=\"og:url\" content=\"https:\/\/www.resortvillagemajer.si\/en\/resort-village-majer\/stories-of-the-past\/krasinec\/\" \/>\n<meta property=\"og:site_name\" content=\"Resort Village Majer\" \/>\n<meta property=\"article:publisher\" content=\"https:\/\/www.facebook.com\/ResortVillageMajer\" \/>\n<meta property=\"article:modified_time\" content=\"2022-08-10T10:17:33+00:00\" \/>\n<meta property=\"og:image\" content=\"https:\/\/www.resortvillagemajer.si\/wp-content\/uploads\/2021\/03\/logo.230x185.pokoncen.png\" \/>\n\t<meta property=\"og:image:width\" content=\"230\" \/>\n\t<meta property=\"og:image:height\" content=\"185\" \/>\n\t<meta property=\"og:image:type\" content=\"image\/png\" \/>\n<meta name=\"twitter:card\" content=\"summary_large_image\" \/>\n<meta name=\"twitter:label1\" content=\"Est. reading time\" \/>\n\t<meta name=\"twitter:data1\" content=\"1 minute\" \/>\n<script type=\"application\/ld+json\" class=\"yoast-schema-graph\">{\"@context\":\"https:\/\/schema.org\",\"@graph\":[{\"@type\":\"WebPage\",\"@id\":\"https:\/\/www.resortvillagemajer.si\/en\/resort-village-majer\/stories-of-the-past\/krasinec\/\",\"url\":\"https:\/\/www.resortvillagemajer.si\/en\/resort-village-majer\/stories-of-the-past\/krasinec\/\",\"name\":\"Krasinec - Resort Village Majer\",\"isPartOf\":{\"@id\":\"https:\/\/www.resortvillagemajer.si\/en\/#website\"},\"datePublished\":\"2021-04-22T19:20:07+00:00\",\"dateModified\":\"2022-08-10T10:17:33+00:00\",\"breadcrumb\":{\"@id\":\"https:\/\/www.resortvillagemajer.si\/en\/resort-village-majer\/stories-of-the-past\/krasinec\/#breadcrumb\"},\"inLanguage\":\"en-US\",\"potentialAction\":[{\"@type\":\"ReadAction\",\"target\":[\"https:\/\/www.resortvillagemajer.si\/en\/resort-village-majer\/stories-of-the-past\/krasinec\/\"]}]},{\"@type\":\"BreadcrumbList\",\"@id\":\"https:\/\/www.resortvillagemajer.si\/en\/resort-village-majer\/stories-of-the-past\/krasinec\/#breadcrumb\",\"itemListElement\":[{\"@type\":\"ListItem\",\"position\":1,\"name\":\"Home\",\"item\":\"https:\/\/www.resortvillagemajer.si\/en\/\"},{\"@type\":\"ListItem\",\"position\":2,\"name\":\"Gift voucher\",\"item\":\"https:\/\/www.resortvillagemajer.si\/en\/gift-voucher\/\"},{\"@type\":\"ListItem\",\"position\":3,\"name\":\"Stories of the past\",\"item\":\"https:\/\/www.resortvillagemajer.si\/en\/majer-resort-village\/stories-of-the-past\/\"},{\"@type\":\"ListItem\",\"position\":4,\"name\":\"Krasinec\"}]},{\"@type\":\"WebSite\",\"@id\":\"https:\/\/www.resortvillagemajer.si\/en\/#website\",\"url\":\"https:\/\/www.resortvillagemajer.si\/en\/\",\"name\":\"Resort Village Majer\",\"description\":\"Srce Bele krajine\",\"publisher\":{\"@id\":\"https:\/\/www.resortvillagemajer.si\/en\/#organization\"},\"potentialAction\":[{\"@type\":\"SearchAction\",\"target\":{\"@type\":\"EntryPoint\",\"urlTemplate\":\"https:\/\/www.resortvillagemajer.si\/en\/?s={search_term_string}\"},\"query-input\":{\"@type\":\"PropertyValueSpecification\",\"valueRequired\":true,\"valueName\":\"search_term_string\"}}],\"inLanguage\":\"en-US\"},{\"@type\":\"Organization\",\"@id\":\"https:\/\/www.resortvillagemajer.si\/en\/#organization\",\"name\":\"Majer Resort Village\",\"url\":\"https:\/\/www.resortvillagemajer.si\/en\/\",\"logo\":{\"@type\":\"ImageObject\",\"inLanguage\":\"en-US\",\"@id\":\"https:\/\/www.resortvillagemajer.si\/en\/#\/schema\/logo\/image\/\",\"url\":\"https:\/\/www.resortvillagemajer.si\/wp-content\/uploads\/2021\/03\/logo.230x185.pokoncen.png\",\"contentUrl\":\"https:\/\/www.resortvillagemajer.si\/wp-content\/uploads\/2021\/03\/logo.230x185.pokoncen.png\",\"width\":230,\"height\":185,\"caption\":\"Majer Resort Village\"},\"image\":{\"@id\":\"https:\/\/www.resortvillagemajer.si\/en\/#\/schema\/logo\/image\/\"},\"sameAs\":[\"https:\/\/www.facebook.com\/ResortVillageMajer\",\"https:\/\/www.instagram.com\/ResortVillageMajer\",\"https:\/\/www.tripadvisor.com\/ResortVillageMajer\"]}]}<\/script>\n<!-- \/ Yoast SEO plugin. -->","yoast_head_json":{"title":"Krasinec - Resort Village Majer","robots":{"index":"index","follow":"follow","max-snippet":"max-snippet:-1","max-image-preview":"max-image-preview:large","max-video-preview":"max-video-preview:-1"},"canonical":"https:\/\/www.resortvillagemajer.si\/en\/resort-village-majer\/stories-of-the-past\/krasinec\/","og_locale":"en_US","og_type":"article","og_title":"Krasinec - Resort Village Majer","og_description":"Lorem ipsum dolor sit amet, consectetur adipiscing elit. Nulla malesuada pulvinar nisl sed condimentum. Curabitur facilisis est mauris, a hendrerit magna condimentum quis. Cras augue dolor, laoreet non auctor quis, luctus nec lectus. Donec quis dolor sed enim consequat sollicitudin. Interdum et malesuada fames ac ante ipsum primis in faucibus. Vivamus rhoncus nibh a velit pellentesque pulvinar. Phasellus maximus varius risus non pellentesque. Nullam eu eros iaculis, convallis odio a, vulputate nisl. Fusce semper ligula mi, quis bibendum leo imperdiet at. Quisque metus dolor, posuere eget elit eget, eleifend tempor purus. Pellentesque lobortis dapibus diam, sit amet commodo nisl iaculis ut. Aliquam ac libero ipsum. Suspendisse porttitor dignissim turpis quis mollis. Sed vitae nulla congue, vestibulum magna quis, lacinia orci. Morbi eget malesuada metus, ac auctor nisi.","og_url":"https:\/\/www.resortvillagemajer.si\/en\/resort-village-majer\/stories-of-the-past\/krasinec\/","og_site_name":"Resort Village Majer","article_publisher":"https:\/\/www.facebook.com\/ResortVillageMajer","article_modified_time":"2022-08-10T10:17:33+00:00","og_image":[{"width":230,"height":185,"url":"https:\/\/www.resortvillagemajer.si\/wp-content\/uploads\/2021\/03\/logo.230x185.pokoncen.png","type":"image\/png"}],"twitter_card":"summary_large_image","twitter_misc":{"Est. reading time":"1 minute"},"schema":{"@context":"https:\/\/schema.org","@graph":[{"@type":"WebPage","@id":"https:\/\/www.resortvillagemajer.si\/en\/resort-village-majer\/stories-of-the-past\/krasinec\/","url":"https:\/\/www.resortvillagemajer.si\/en\/resort-village-majer\/stories-of-the-past\/krasinec\/","name":"Krasinec - Resort Village Majer","isPartOf":{"@id":"https:\/\/www.resortvillagemajer.si\/en\/#website"},"datePublished":"2021-04-22T19:20:07+00:00","dateModified":"2022-08-10T10:17:33+00:00","breadcrumb":{"@id":"https:\/\/www.resortvillagemajer.si\/en\/resort-village-majer\/stories-of-the-past\/krasinec\/#breadcrumb"},"inLanguage":"en-US","potentialAction":[{"@type":"ReadAction","target":["https:\/\/www.resortvillagemajer.si\/en\/resort-village-majer\/stories-of-the-past\/krasinec\/"]}]},{"@type":"BreadcrumbList","@id":"https:\/\/www.resortvillagemajer.si\/en\/resort-village-majer\/stories-of-the-past\/krasinec\/#breadcrumb","itemListElement":[{"@type":"ListItem","position":1,"name":"Home","item":"https:\/\/www.resortvillagemajer.si\/en\/"},{"@type":"ListItem","position":2,"name":"Gift voucher","item":"https:\/\/www.resortvillagemajer.si\/en\/gift-voucher\/"},{"@type":"ListItem","position":3,"name":"Stories of the past","item":"https:\/\/www.resortvillagemajer.si\/en\/majer-resort-village\/stories-of-the-past\/"},{"@type":"ListItem","position":4,"name":"Krasinec"}]},{"@type":"WebSite","@id":"https:\/\/www.resortvillagemajer.si\/en\/#website","url":"https:\/\/www.resortvillagemajer.si\/en\/","name":"Resort Village Majer","description":"Srce Bele krajine","publisher":{"@id":"https:\/\/www.resortvillagemajer.si\/en\/#organization"},"potentialAction":[{"@type":"SearchAction","target":{"@type":"EntryPoint","urlTemplate":"https:\/\/www.resortvillagemajer.si\/en\/?s={search_term_string}"},"query-input":{"@type":"PropertyValueSpecification","valueRequired":true,"valueName":"search_term_string"}}],"inLanguage":"en-US"},{"@type":"Organization","@id":"https:\/\/www.resortvillagemajer.si\/en\/#organization","name":"Majer Resort Village","url":"https:\/\/www.resortvillagemajer.si\/en\/","logo":{"@type":"ImageObject","inLanguage":"en-US","@id":"https:\/\/www.resortvillagemajer.si\/en\/#\/schema\/logo\/image\/","url":"https:\/\/www.resortvillagemajer.si\/wp-content\/uploads\/2021\/03\/logo.230x185.pokoncen.png","contentUrl":"https:\/\/www.resortvillagemajer.si\/wp-content\/uploads\/2021\/03\/logo.230x185.pokoncen.png","width":230,"height":185,"caption":"Majer Resort Village"},"image":{"@id":"https:\/\/www.resortvillagemajer.si\/en\/#\/schema\/logo\/image\/"},"sameAs":["https:\/\/www.facebook.com\/ResortVillageMajer","https:\/\/www.instagram.com\/ResortVillageMajer","https:\/\/www.tripadvisor.com\/ResortVillageMajer"]}]}},"_links":{"self":[{"href":"https:\/\/www.resortvillagemajer.si\/en\/wp-json\/wp\/v2\/pages\/2822","targetHints":{"allow":["GET"]}}],"collection":[{"href":"https:\/\/www.resortvillagemajer.si\/en\/wp-json\/wp\/v2\/pages"}],"about":[{"href":"https:\/\/www.resortvillagemajer.si\/en\/wp-json\/wp\/v2\/types\/page"}],"author":[{"embeddable":true,"href":"https:\/\/www.resortvillagemajer.si\/en\/wp-json\/wp\/v2\/users\/1"}],"replies":[{"embeddable":true,"href":"https:\/\/www.resortvillagemajer.si\/en\/wp-json\/wp\/v2\/comments?post=2822"}],"version-history":[{"count":6,"href":"https:\/\/www.resortvillagemajer.si\/en\/wp-json\/wp\/v2\/pages\/2822\/revisions"}],"predecessor-version":[{"id":3797,"href":"https:\/\/www.resortvillagemajer.si\/en\/wp-json\/wp\/v2\/pages\/2822\/revisions\/3797"}],"up":[{"embeddable":true,"href":"https:\/\/www.resortvillagemajer.si\/en\/wp-json\/wp\/v2\/pages\/2768"}],"wp:attachment":[{"href":"https:\/\/www.resortvillagemajer.si\/en\/wp-json\/wp\/v2\/media?parent=2822"}],"curies":[{"name":"wp","href":"https:\/\/api.w.org\/{rel}","templated":true}]}}