{"id":7745,"date":"2026-02-23T14:04:09","date_gmt":"2026-02-23T13:04:09","guid":{"rendered":"https:\/\/www.resortvillagemajer.si\/?page_id=7745"},"modified":"2026-03-29T17:12:03","modified_gmt":"2026-03-29T15:12:03","slug":"glamping-resort-village-majer","status":"publish","type":"page","link":"https:\/\/www.resortvillagemajer.si\/de\/glamping\/","title":{"rendered":"Glamping &#8211; Resort Village Majer"},"content":{"rendered":"[vc_row type=&#8220;in_container&#8220; full_screen_row_position=&#8220;middle&#8220; column_margin=&#8220;default&#8220; column_direction=&#8220;default&#8220; column_direction_tablet=&#8220;default&#8220; column_direction_phone=&#8220;default&#8220; scene_position=&#8220;center&#8220; bottom_padding=&#8220;50&#8243; bottom_padding_phone=&#8220;0&#8243; text_color=&#8220;dark&#8220; text_align=&#8220;left&#8220; row_border_radius=&#8220;none&#8220; row_border_radius_applies=&#8220;bg&#8220; overflow=&#8220;visible&#8220; overlay_strength=&#8220;0.3&#8243; gradient_direction=&#8220;left_to_right&#8220; shape_divider_position=&#8220;bottom&#8220; bg_image_animation=&#8220;none&#8220; shape_type=&#8220;&#8220;][vc_column column_padding=&#8220;no-extra-padding&#8220; column_padding_tablet=&#8220;inherit&#8220; column_padding_phone=&#8220;inherit&#8220; column_padding_position=&#8220;all&#8220; column_element_spacing=&#8220;default&#8220; background_color_opacity=&#8220;1&#8243; background_hover_color_opacity=&#8220;1&#8243; column_shadow=&#8220;none&#8220; column_border_radius=&#8220;none&#8220; column_link_target=&#8220;_self&#8220; column_position=&#8220;default&#8220; gradient_direction=&#8220;left_to_right&#8220; overlay_strength=&#8220;0.3&#8243; width=&#8220;1\/1&#8243; tablet_width_inherit=&#8220;default&#8220; tablet_text_alignment=&#8220;default&#8220; phone_text_alignment=&#8220;default&#8220; animation_type=&#8220;default&#8220; bg_image_animation=&#8220;none&#8220; border_type=&#8220;simple&#8220; column_border_width=&#8220;none&#8220; column_border_style=&#8220;solid&#8220;][vc_column_text]\n<p data-start=\"98\" data-end=\"252\">Es ist Zeit, anders durchzuatmen, die Natur statt des Verkehrs zu h\u00f6ren und die Abende in der Ruhe ausklingen zu lassen, die Bela krajina zu bieten hat.<\/p>\n<p data-start=\"254\" data-end=\"1191\">In unseren luxuri\u00f6sen Glamping-H\u00e4usern erwartet Sie unvergleichlicher Komfort. G\u00f6nnen Sie sich ein Spa-Erlebnis mit Saunen und Whirlpool, lassen Sie sich bei Massagen verw\u00f6hnen, entspannen Sie am Au\u00dfenpool oder werden Sie aktiv im Outdoor-Fitnesspark. Kinder entdecken sofort einen au\u00dfergew\u00f6hnlichen Spielparcours, und gemeinsam k\u00f6nnen Sie sich einer neuen Herausforderung auf dem Mini-Golf-Platz stellen. Wenn Sie Lust auf einen Abend mit der Verkostung hervorragender Weine aus Bela krajina haben, hei\u00dfen wir Sie in unserem privaten Weinkeller willkommen. F\u00fcr gr\u00f6\u00dfere Gruppen stehen gesellige Zusammenk\u00fcnfte unter dem traditionellen Kozolec (Heuharfe) zur Verf\u00fcgung. Au\u00dferdem bieten wir den Verleih von Fahrr\u00e4dern und E-Bikes zur Erkundung der wundersch\u00f6nen Region Bela krajina an. All das wird von einer besonderen, positiven Energie begleitet, dank derer Sie mit leichten Schritten und einem L\u00e4cheln nach Hause zur\u00fcckkehren werden.<\/p>\n<p data-start=\"1193\" data-end=\"1431\">Glamping Landgut Majer ist eine einzigartige Oase der Ruhe mit vielf\u00e4ltigem Angebot, eingebettet in unber\u00fchrte Natur \u2013 ein Ort, an dem der Geist zur Ruhe kommt, die Seele entspannt und das Herz h\u00f6her schl\u00e4gt. Auf dem Anwesen finden Sie:<\/p>\n<ul>\n<li data-start=\"1435\" data-end=\"1459\">8 luxuri\u00f6se Holzh\u00e4user;<\/li>\n<li data-start=\"1462\" data-end=\"1492\">SPA mit Saunen und Whirlpool;<\/li>\n<li data-start=\"1495\" data-end=\"1508\">Massageraum;<\/li>\n<li data-start=\"1511\" data-end=\"1522\">Au\u00dfenpool;<\/li>\n<li data-start=\"1525\" data-end=\"1546\">Outdoor-Fitnesspark;<\/li>\n<li data-start=\"1549\" data-end=\"1576\">Kinderspielplatz-Parcours;<\/li>\n<li data-start=\"1579\" data-end=\"1596\">Multi-Golf-Platz;<\/li>\n<li data-start=\"1599\" data-end=\"1620\">Privater Weinkeller;<\/li>\n<li data-start=\"1623\" data-end=\"1676\">Multifunktionaler traditioneller Kozolec (Heuharfe);<\/li>\n<\/ul>\n<p data-start=\"1678\" data-end=\"1784\">Unsere Fr\u00fchst\u00fccke empfehlen wir besonders \u2013 stets mit hausgemachten K\u00f6stlichkeiten vom Bauernhof Hlebec.<\/p>\n<p data-start=\"1678\" data-end=\"1784\">Reservierung <a href=\"mailto:info@rvm.si\">info@rvm.si<\/a><\/p>\n[\/vc_column_text][vc_gallery type=&#8220;flickity_static_height_style&#8220; images=&#8220;7650,7958,7795,6731,7654,7809,7813,7791,7658,6707,6719,6653&#8243; flickity_spacing=&#8220;default&#8220; flickity_controls=&#8220;pagination&#8220; flickity_overflow=&#8220;hidden&#8220; flickity_wrap_around=&#8220;wrap&#8220; flickity_box_shadow=&#8220;none&#8220; image_loading=&#8220;default&#8220; onclick=&#8220;link_image&#8220; flickity_img_height=&#8220;300&#8243;][\/vc_column][\/vc_row]\n","protected":false},"excerpt":{"rendered":"<p>[vc_row type=&#8220;in_container&#8220; full_screen_row_position=&#8220;middle&#8220; column_margin=&#8220;default&#8220; column_direction=&#8220;default&#8220; column_direction_tablet=&#8220;default&#8220; column_direction_phone=&#8220;default&#8220; scene_position=&#8220;center&#8220; bottom_padding=&#8220;50&#8243; bottom_padding_phone=&#8220;0&#8243; text_color=&#8220;dark&#8220; text_align=&#8220;left&#8220; row_border_radius=&#8220;none&#8220; row_border_radius_applies=&#8220;bg&#8220; overflow=&#8220;visible&#8220; overlay_strength=&#8220;0.3&#8243; gradient_direction=&#8220;left_to_right&#8220; shape_divider_position=&#8220;bottom&#8220; bg_image_animation=&#8220;none&#8220; shape_type=&#8220;&#8220;][vc_column column_padding=&#8220;no-extra-padding&#8220; column_padding_tablet=&#8220;inherit&#8220; column_padding_phone=&#8220;inherit&#8220; column_padding_position=&#8220;all&#8220; column_element_spacing=&#8220;default&#8220; background_color_opacity=&#8220;1&#8243; background_hover_color_opacity=&#8220;1&#8243; column_shadow=&#8220;none&#8220; column_border_radius=&#8220;none&#8220; column_link_target=&#8220;_self&#8220;&#8230;<\/p>\n","protected":false},"author":11,"featured_media":0,"parent":0,"menu_order":1,"comment_status":"closed","ping_status":"closed","template":"","meta":{"footnotes":""},"class_list":["post-7745","page","type-page","status-publish"],"yoast_head":"<!-- This site is optimized with the Yoast SEO plugin v27.2 - https:\/\/yoast.com\/product\/yoast-seo-wordpress\/ -->\n<title>Glamping - Resort Village Majer<\/title>\n<meta name=\"description\" content=\"Idili\u010dni Resort Village Majer ponuja glamping, suite in apartmaje ob Kolpi \u2013 u\u017eitek narave in udobja.\" \/>\n<meta name=\"robots\" content=\"index, follow, max-snippet:-1, max-image-preview:large, max-video-preview:-1\" \/>\n<link rel=\"canonical\" href=\"https:\/\/www.resortvillagemajer.si\/de\/glamping\/\" \/>\n<meta property=\"og:locale\" content=\"de_DE\" \/>\n<meta property=\"og:type\" content=\"article\" \/>\n<meta property=\"og:title\" content=\"Glamping - Resort Village Majer\" \/>\n<meta property=\"og:description\" content=\"Idili\u010dni Resort Village Majer ponuja glamping, suite in apartmaje ob Kolpi \u2013 u\u017eitek narave in udobja.\" \/>\n<meta property=\"og:url\" content=\"https:\/\/www.resortvillagemajer.si\/de\/glamping\/\" \/>\n<meta property=\"og:site_name\" content=\"Resort Village Majer\" \/>\n<meta property=\"article:publisher\" content=\"https:\/\/www.facebook.com\/ResortVillageMajer\" \/>\n<meta property=\"article:modified_time\" content=\"2026-03-29T15:12:03+00:00\" \/>\n<meta property=\"og:image\" content=\"https:\/\/www.resortvillagemajer.si\/wp-content\/uploads\/2021\/03\/logo.230x185.pokoncen.png\" \/>\n\t<meta property=\"og:image:width\" content=\"230\" \/>\n\t<meta property=\"og:image:height\" content=\"185\" \/>\n\t<meta property=\"og:image:type\" content=\"image\/png\" \/>\n<meta name=\"twitter:card\" content=\"summary_large_image\" \/>\n<meta name=\"twitter:label1\" content=\"Gesch\u00e4tzte Lesezeit\" \/>\n\t<meta name=\"twitter:data1\" content=\"4\u00a0Minuten\" \/>\n<script type=\"application\/ld+json\" class=\"yoast-schema-graph\">{\"@context\":\"https:\/\/schema.org\",\"@graph\":[{\"@type\":\"WebPage\",\"@id\":\"https:\/\/www.resortvillagemajer.si\/de\/glamping\/\",\"url\":\"https:\/\/www.resortvillagemajer.si\/de\/glamping\/\",\"name\":\"Glamping - Resort Village Majer\",\"isPartOf\":{\"@id\":\"https:\/\/www.resortvillagemajer.si\/de\/#website\"},\"datePublished\":\"2026-02-23T13:04:09+00:00\",\"dateModified\":\"2026-03-29T15:12:03+00:00\",\"description\":\"Idili\u010dni Resort Village Majer ponuja glamping, suite in apartmaje ob Kolpi \u2013 u\u017eitek narave in udobja.\",\"breadcrumb\":{\"@id\":\"https:\/\/www.resortvillagemajer.si\/de\/glamping\/#breadcrumb\"},\"inLanguage\":\"de\",\"potentialAction\":[{\"@type\":\"ReadAction\",\"target\":[\"https:\/\/www.resortvillagemajer.si\/de\/glamping\/\"]}]},{\"@type\":\"BreadcrumbList\",\"@id\":\"https:\/\/www.resortvillagemajer.si\/de\/glamping\/#breadcrumb\",\"itemListElement\":[{\"@type\":\"ListItem\",\"position\":1,\"name\":\"Sie suchten nach\",\"item\":\"https:\/\/www.resortvillagemajer.si\/de\/\"},{\"@type\":\"ListItem\",\"position\":2,\"name\":\"Glamping &#8211; Resort Village Majer\"}]},{\"@type\":\"WebSite\",\"@id\":\"https:\/\/www.resortvillagemajer.si\/de\/#website\",\"url\":\"https:\/\/www.resortvillagemajer.si\/de\/\",\"name\":\"Resort Village Majer\",\"description\":\"Srce Bele krajine\",\"publisher\":{\"@id\":\"https:\/\/www.resortvillagemajer.si\/de\/#organization\"},\"potentialAction\":[{\"@type\":\"SearchAction\",\"target\":{\"@type\":\"EntryPoint\",\"urlTemplate\":\"https:\/\/www.resortvillagemajer.si\/de\/?s={search_term_string}\"},\"query-input\":{\"@type\":\"PropertyValueSpecification\",\"valueRequired\":true,\"valueName\":\"search_term_string\"}}],\"inLanguage\":\"de\"},{\"@type\":\"Organization\",\"@id\":\"https:\/\/www.resortvillagemajer.si\/de\/#organization\",\"name\":\"Resort Village Majer\",\"url\":\"https:\/\/www.resortvillagemajer.si\/de\/\",\"logo\":{\"@type\":\"ImageObject\",\"inLanguage\":\"de\",\"@id\":\"https:\/\/www.resortvillagemajer.si\/de\/#\/schema\/logo\/image\/\",\"url\":\"https:\/\/www.resortvillagemajer.si\/wp-content\/uploads\/2021\/03\/logo.230x185.pokoncen.png\",\"contentUrl\":\"https:\/\/www.resortvillagemajer.si\/wp-content\/uploads\/2021\/03\/logo.230x185.pokoncen.png\",\"width\":230,\"height\":185,\"caption\":\"Resort Village Majer\"},\"image\":{\"@id\":\"https:\/\/www.resortvillagemajer.si\/de\/#\/schema\/logo\/image\/\"},\"sameAs\":[\"https:\/\/www.facebook.com\/ResortVillageMajer\",\"https:\/\/www.instagram.com\/ResortVillageMajer\",\"https:\/\/www.tripadvisor.com\/ResortVillageMajer\"]}]}<\/script>\n<!-- \/ Yoast SEO plugin. -->","yoast_head_json":{"title":"Glamping - Resort Village Majer","description":"Idili\u010dni Resort Village Majer ponuja glamping, suite in apartmaje ob Kolpi \u2013 u\u017eitek narave in udobja.","robots":{"index":"index","follow":"follow","max-snippet":"max-snippet:-1","max-image-preview":"max-image-preview:large","max-video-preview":"max-video-preview:-1"},"canonical":"https:\/\/www.resortvillagemajer.si\/de\/glamping\/","og_locale":"de_DE","og_type":"article","og_title":"Glamping - Resort Village Majer","og_description":"Idili\u010dni Resort Village Majer ponuja glamping, suite in apartmaje ob Kolpi \u2013 u\u017eitek narave in udobja.","og_url":"https:\/\/www.resortvillagemajer.si\/de\/glamping\/","og_site_name":"Resort Village Majer","article_publisher":"https:\/\/www.facebook.com\/ResortVillageMajer","article_modified_time":"2026-03-29T15:12:03+00:00","og_image":[{"width":230,"height":185,"url":"https:\/\/www.resortvillagemajer.si\/wp-content\/uploads\/2021\/03\/logo.230x185.pokoncen.png","type":"image\/png"}],"twitter_card":"summary_large_image","twitter_misc":{"Gesch\u00e4tzte Lesezeit":"4\u00a0Minuten"},"schema":{"@context":"https:\/\/schema.org","@graph":[{"@type":"WebPage","@id":"https:\/\/www.resortvillagemajer.si\/de\/glamping\/","url":"https:\/\/www.resortvillagemajer.si\/de\/glamping\/","name":"Glamping - Resort Village Majer","isPartOf":{"@id":"https:\/\/www.resortvillagemajer.si\/de\/#website"},"datePublished":"2026-02-23T13:04:09+00:00","dateModified":"2026-03-29T15:12:03+00:00","description":"Idili\u010dni Resort Village Majer ponuja glamping, suite in apartmaje ob Kolpi \u2013 u\u017eitek narave in udobja.","breadcrumb":{"@id":"https:\/\/www.resortvillagemajer.si\/de\/glamping\/#breadcrumb"},"inLanguage":"de","potentialAction":[{"@type":"ReadAction","target":["https:\/\/www.resortvillagemajer.si\/de\/glamping\/"]}]},{"@type":"BreadcrumbList","@id":"https:\/\/www.resortvillagemajer.si\/de\/glamping\/#breadcrumb","itemListElement":[{"@type":"ListItem","position":1,"name":"Sie suchten nach","item":"https:\/\/www.resortvillagemajer.si\/de\/"},{"@type":"ListItem","position":2,"name":"Glamping &#8211; Resort Village Majer"}]},{"@type":"WebSite","@id":"https:\/\/www.resortvillagemajer.si\/de\/#website","url":"https:\/\/www.resortvillagemajer.si\/de\/","name":"Resort Village Majer","description":"Srce Bele krajine","publisher":{"@id":"https:\/\/www.resortvillagemajer.si\/de\/#organization"},"potentialAction":[{"@type":"SearchAction","target":{"@type":"EntryPoint","urlTemplate":"https:\/\/www.resortvillagemajer.si\/de\/?s={search_term_string}"},"query-input":{"@type":"PropertyValueSpecification","valueRequired":true,"valueName":"search_term_string"}}],"inLanguage":"de"},{"@type":"Organization","@id":"https:\/\/www.resortvillagemajer.si\/de\/#organization","name":"Resort Village Majer","url":"https:\/\/www.resortvillagemajer.si\/de\/","logo":{"@type":"ImageObject","inLanguage":"de","@id":"https:\/\/www.resortvillagemajer.si\/de\/#\/schema\/logo\/image\/","url":"https:\/\/www.resortvillagemajer.si\/wp-content\/uploads\/2021\/03\/logo.230x185.pokoncen.png","contentUrl":"https:\/\/www.resortvillagemajer.si\/wp-content\/uploads\/2021\/03\/logo.230x185.pokoncen.png","width":230,"height":185,"caption":"Resort Village Majer"},"image":{"@id":"https:\/\/www.resortvillagemajer.si\/de\/#\/schema\/logo\/image\/"},"sameAs":["https:\/\/www.facebook.com\/ResortVillageMajer","https:\/\/www.instagram.com\/ResortVillageMajer","https:\/\/www.tripadvisor.com\/ResortVillageMajer"]}]}},"_links":{"self":[{"href":"https:\/\/www.resortvillagemajer.si\/de\/wp-json\/wp\/v2\/pages\/7745","targetHints":{"allow":["GET"]}}],"collection":[{"href":"https:\/\/www.resortvillagemajer.si\/de\/wp-json\/wp\/v2\/pages"}],"about":[{"href":"https:\/\/www.resortvillagemajer.si\/de\/wp-json\/wp\/v2\/types\/page"}],"author":[{"embeddable":true,"href":"https:\/\/www.resortvillagemajer.si\/de\/wp-json\/wp\/v2\/users\/11"}],"replies":[{"embeddable":true,"href":"https:\/\/www.resortvillagemajer.si\/de\/wp-json\/wp\/v2\/comments?post=7745"}],"version-history":[{"count":10,"href":"https:\/\/www.resortvillagemajer.si\/de\/wp-json\/wp\/v2\/pages\/7745\/revisions"}],"predecessor-version":[{"id":8001,"href":"https:\/\/www.resortvillagemajer.si\/de\/wp-json\/wp\/v2\/pages\/7745\/revisions\/8001"}],"wp:attachment":[{"href":"https:\/\/www.resortvillagemajer.si\/de\/wp-json\/wp\/v2\/media?parent=7745"}],"curies":[{"name":"wp","href":"https:\/\/api.w.org\/{rel}","templated":true}]}}