{"id":4957,"date":"2022-11-28T14:11:08","date_gmt":"2022-11-28T13:11:08","guid":{"rendered":"https:\/\/www.resortvillagemajer.si\/?page_id=4957"},"modified":"2026-04-23T14:26:59","modified_gmt":"2026-04-23T12:26:59","slug":"resort-village-majer-3","status":"publish","type":"page","link":"https:\/\/www.resortvillagemajer.si\/de\/https\/wwwresortvillagemajersi\/de\/aktivitaten\/","title":{"rendered":"Aktivitaten"},"content":{"rendered":"[vc_row type=&#8220;full_width_background&#8220; full_screen_row_position=&#8220;middle&#8220; column_margin=&#8220;90px&#8220; equal_height=&#8220;yes&#8220; content_placement=&#8220;middle&#8220; column_direction=&#8220;default&#8220; column_direction_tablet=&#8220;default&#8220; column_direction_phone=&#8220;default&#8220; scene_position=&#8220;center&#8220; top_padding=&#8220;80&#8243; bottom_padding=&#8220;60&#8243; top_padding_phone=&#8220;45&#8243; bottom_padding_phone=&#8220;10&#8243; text_color=&#8220;dark&#8220; text_align=&#8220;left&#8220; row_border_radius=&#8220;none&#8220; row_border_radius_applies=&#8220;bg&#8220; overflow=&#8220;visible&#8220; enable_gradient=&#8220;true&#8220; advanced_gradient_angle=&#8220;0&#8243; overlay_strength=&#8220;0.3&#8243; gradient_direction=&#8220;left_to_right&#8220; shape_divider_position=&#8220;bottom&#8220; bg_image_animation=&#8220;none&#8220; shape_type=&#8220;&#8220; gradient_type=&#8220;default&#8220;][vc_column column_padding=&#8220;no-extra-padding&#8220; column_padding_tablet=&#8220;inherit&#8220; column_padding_phone=&#8220;inherit&#8220; column_padding_position=&#8220;all&#8220; column_element_spacing=&#8220;default&#8220; background_color_opacity=&#8220;1&#8243; background_hover_color_opacity=&#8220;1&#8243; column_shadow=&#8220;none&#8220; column_border_radius=&#8220;none&#8220; column_link_target=&#8220;_self&#8220; column_position=&#8220;default&#8220; gradient_direction=&#8220;left_to_right&#8220; overlay_strength=&#8220;0.3&#8243; width=&#8220;1\/1&#8243; tablet_width_inherit=&#8220;default&#8220; tablet_text_alignment=&#8220;default&#8220; phone_text_alignment=&#8220;default&#8220; animation_type=&#8220;default&#8220; bg_image_animation=&#8220;none&#8220; border_type=&#8220;simple&#8220; column_border_width=&#8220;none&#8220; column_border_style=&#8220;solid&#8220;][vc_column_text]<strong>Bela Krajina<\/strong> verf\u00fcgt \u00fcber ein einzigartiges kulturelles Erbe. Seit Jahrhunderten leben hier verschiedene ethnische Gruppen zusammen, was dieser Region einen besonderen Charakter verliehen hat. Bis heute haben sich traditionelle Musik, T\u00e4nze, Trachten und Handwerksk\u00fcnste erhalten. Die touristische Vielfalt von Bela Krajina wird durch die nat\u00fcrlichen Sch\u00e4tze der Kolpa und die Besonderheiten der Karstlandschaft erg\u00e4nzt.<\/p>\n<p>Hier sind Sie, um lokale Besonderheiten kennenzulernen, unvergessliche kulturelle Veranstaltungen zu erleben oder Bela Krajina als ideale Destination f\u00fcr sportliche Aktivit\u00e4ten zu entdecken.<\/p>\n<p>Neben den Veranstaltungen und Workshops, die wir f\u00fcr Sie im <strong>Resort Village Majer<\/strong> organisieren k\u00f6nnen, informieren wir Sie auch gerne \u00fcber weitere M\u00f6glichkeiten in der Umgebung.<\/p>\n<p><a href=\"https:\/\/www.resortvillagemajer.si\/wp-content\/uploads\/2023\/12\/Erleben-sie-die-gastfreundschaft-im-herzen-von-Bela-krajina_angebot_DE.pdf\" target=\"_blank\" rel=\"noopener\"><strong>AKTIVIT\u00c4TENKATALOG BELA KRAJINA<\/strong><\/a>[\/vc_column_text][divider line_type=&#8220;No Line&#8220; custom_height=&#8220;25&#8243;]<div class=\"nectar-fancy-ul\" data-list-icon=\"icon-salient-thin-line\" data-animation=\"false\" data-animation-delay=\"0\" data-color=\"accent-color\" data-spacing=\"default\" data-alignment=\"left\"> <strong>ORGANISIERTE VERANSTALTUNGEN \/ RESORT VILLAGE MAJER<\/strong><\/p>\n<ul>\n<li>Picknick in der Natur;<\/li>\n<li>Backen des traditionellen Bela-Krajina-Fladenbrots;<\/li>\n<li>Gestaltung traditioneller Ostereier;<\/li>\n<li>Wein- und Olivenverkostung;<\/li>\n<li>Zubereitung regionaler Gerichte;<\/li>\n<li>Obsternte;<\/li>\n<\/ul>\n<p><strong>SPORTLICHE AKTIVIT\u00c4TEN \/ RESORT VILLAGE MAJER<\/strong><\/p>\n<ul>\n<li data-start=\"608\" data-end=\"651\">Kinderspielplatz und Outdoor-Fitnesspark;<\/li>\n<li data-start=\"654\" data-end=\"666\">Au\u00dfenpool;<\/li>\n<li data-start=\"669\" data-end=\"713\">Platz f\u00fcr Footgolf, Discgolf und Parkgolf;<\/li>\n<li data-start=\"716\" data-end=\"777\">Verleih von Ausr\u00fcstung f\u00fcr Footgolf, Discgolf und Parkgolf;<\/li>\n<li data-start=\"780\" data-end=\"797\">E-Bike-Verleih;<\/li>\n<li data-start=\"800\" data-end=\"815\">Fahrradverleih.<\/li>\n<\/ul>\n<p><strong>LOKALE VERANSTALTUNGEN<\/strong><\/p>\n<ul>\n<li><a href=\"https:\/\/www.belakrajina.si\/de\/erlebnisse\/\" target=\"_blank\" rel=\"noopener\">Workshops zu landwirtschaftlichen T\u00e4tigkeiten und Handwerk<\/a>;<\/li>\n<li><a href=\"https:\/\/www.belakrajina.si\/de\/geschmacker\/geschmack-von-bela-krajina\/\" target=\"_blank\" rel=\"noopener\">Kulinarische Erlebnisse<\/a>;<\/li>\n<li>Gef\u00fchrte Besichtigungen lokaler Sehensw\u00fcrdigkeiten;<\/li>\n<li>Besuch aktueller lokaler Veranstaltungen;<\/li>\n<\/ul>\n<p><strong>SPORTLICHE AKTIVIT\u00c4TEN<\/strong><\/p>\n<ul>\n<li><a href=\"https:\/\/www.belakrajina.si\/de\/erlebnisse\/vodna-dozivetja\/\" target=\"_blank\" rel=\"noopener\">Aktivit\u00e4ten an der Kolpa<\/a>;<\/li>\n<\/ul>\n<p>Die Kolpa, ein sehr sauberer und warmer Fluss, bietet nicht nur sommerliches Baden und Entspannen an malerischen, gr\u00fcnen Ufern mit gepflegten Badepl\u00e4tzen. Von Fr\u00fchling bis Herbst k\u00f6nnen Sie ihn mit dem Kajak, Kanu oder SUP erkunden. Ihren Tag k\u00f6nnen Sie auch mit stets unterhaltsamem Rafting bereichern. W\u00e4hrend der Fahrt mit dem Schlauchboot zeigen die auf den ersten Blick ruhigen Gew\u00e4sser auch ihre wildere Seite.<\/p>\n<ul>\n<li><a href=\"https:\/\/www.belakrajina.si\/de\/outdoor\/kolesarstvo\/\" target=\"_blank\" rel=\"noopener\">Radfahren<\/a>;<\/li>\n<li><a href=\"https:\/\/www.belakrajina.si\/de\/outdoor\/pohodnistvo\/\" target=\"_blank\" rel=\"noopener\">Wandern<\/a>;<\/li>\n<\/ul>\n<p>Unser Resort ist ein idealer Ausgangspunkt zur Erkundung von Bela Krajina, wo sich unz\u00e4hlige versteckte Ecken sowie nat\u00fcrliche und kulturelle Sehensw\u00fcrdigkeiten verbergen. Es gibt nichts Sch\u00f6neres, als sie mit dem Fahrrad oder zu Fu\u00df zu entdecken.<\/p>\n<ul>\n<li><a href=\"https:\/\/www.belakrajina.si\/de\/outdoor\/plezanje\/\" target=\"_blank\" rel=\"noopener\">Klettern<\/a>;<\/li>\n<li>Reiten;<\/li>\n<\/ul>\n<p> <\/div>[vc_gallery type=&#8220;flickity_static_height_style&#8220; images=&#8220;6503,6495,6479,6447,6427,6439,6221,6225,6190,6385,6588,6600,6604,6616,6620,6624,8136,8132,8124,8120,8114,8144,8148,8128&#8243; flickity_spacing=&#8220;default&#8220; flickity_controls=&#8220;pagination&#8220; flickity_overflow=&#8220;hidden&#8220; flickity_wrap_around=&#8220;wrap&#8220; flickity_box_shadow=&#8220;none&#8220; image_loading=&#8220;default&#8220; onclick=&#8220;link_image&#8220; flickity_img_height=&#8220;300&#8243;][\/vc_column][\/vc_row]\n","protected":false},"excerpt":{"rendered":"<p>[vc_row type=&#8220;full_width_background&#8220; full_screen_row_position=&#8220;middle&#8220; column_margin=&#8220;90px&#8220; equal_height=&#8220;yes&#8220; content_placement=&#8220;middle&#8220; column_direction=&#8220;default&#8220; column_direction_tablet=&#8220;default&#8220; column_direction_phone=&#8220;default&#8220; scene_position=&#8220;center&#8220; top_padding=&#8220;80&#8243; bottom_padding=&#8220;60&#8243; top_padding_phone=&#8220;45&#8243; bottom_padding_phone=&#8220;10&#8243; text_color=&#8220;dark&#8220; text_align=&#8220;left&#8220; row_border_radius=&#8220;none&#8220; row_border_radius_applies=&#8220;bg&#8220; overflow=&#8220;visible&#8220; enable_gradient=&#8220;true&#8220; advanced_gradient_angle=&#8220;0&#8243; overlay_strength=&#8220;0.3&#8243; gradient_direction=&#8220;left_to_right&#8220; shape_divider_position=&#8220;bottom&#8220; bg_image_animation=&#8220;none&#8220; shape_type=&#8220;&#8220; gradient_type=&#8220;default&#8220;][vc_column column_padding=&#8220;no-extra-padding&#8220; column_padding_tablet=&#8220;inherit&#8220; column_padding_phone=&#8220;inherit&#8220;&#8230;<\/p>\n","protected":false},"author":1,"featured_media":0,"parent":0,"menu_order":3,"comment_status":"closed","ping_status":"closed","template":"","meta":{"footnotes":""},"class_list":["post-4957","page","type-page","status-publish"],"yoast_head":"<!-- This site is optimized with the Yoast SEO plugin v27.2 - https:\/\/yoast.com\/product\/yoast-seo-wordpress\/ -->\n<title>Aktivitaten - Resort Village Majer<\/title>\n<meta name=\"robots\" content=\"index, follow, max-snippet:-1, max-image-preview:large, max-video-preview:-1\" \/>\n<link rel=\"canonical\" href=\"https:\/\/www.resortvillagemajer.si\/de\/https\/wwwresortvillagemajersi\/de\/aktivitaten\/\" \/>\n<meta property=\"og:locale\" content=\"de_DE\" \/>\n<meta property=\"og:type\" content=\"article\" \/>\n<meta property=\"og:title\" content=\"Aktivitaten - Resort Village Majer\" \/>\n<meta property=\"og:description\" content=\"[vc_row type=&#8220;full_width_background&#8220; full_screen_row_position=&#8220;middle&#8220; column_margin=&#8220;90px&#8220; equal_height=&#8220;yes&#8220; content_placement=&#8220;middle&#8220; column_direction=&#8220;default&#8220; column_direction_tablet=&#8220;default&#8220; column_direction_phone=&#8220;default&#8220; scene_position=&#8220;center&#8220; top_padding=&#8220;80&#8243; bottom_padding=&#8220;60&#8243; top_padding_phone=&#8220;45&#8243; bottom_padding_phone=&#8220;10&#8243; text_color=&#8220;dark&#8220; text_align=&#8220;left&#8220; row_border_radius=&#8220;none&#8220; row_border_radius_applies=&#8220;bg&#8220; overflow=&#8220;visible&#8220; enable_gradient=&#8220;true&#8220; advanced_gradient_angle=&#8220;0&#8243; overlay_strength=&#8220;0.3&#8243; gradient_direction=&#8220;left_to_right&#8220; shape_divider_position=&#8220;bottom&#8220; bg_image_animation=&#8220;none&#8220; shape_type=&#8220;&#8220; gradient_type=&#8220;default&#8220;][vc_column column_padding=&#8220;no-extra-padding&#8220; column_padding_tablet=&#8220;inherit&#8220; column_padding_phone=&#8220;inherit&#8220;...\" \/>\n<meta property=\"og:url\" content=\"https:\/\/www.resortvillagemajer.si\/de\/https\/wwwresortvillagemajersi\/de\/aktivitaten\/\" \/>\n<meta property=\"og:site_name\" content=\"Resort Village Majer\" \/>\n<meta property=\"article:publisher\" content=\"https:\/\/www.facebook.com\/ResortVillageMajer\" \/>\n<meta property=\"article:modified_time\" content=\"2026-04-23T12:26:59+00:00\" \/>\n<meta property=\"og:image\" content=\"https:\/\/www.resortvillagemajer.si\/wp-content\/uploads\/2021\/03\/logo.230x185.pokoncen.png\" \/>\n\t<meta property=\"og:image:width\" content=\"230\" \/>\n\t<meta property=\"og:image:height\" content=\"185\" \/>\n\t<meta property=\"og:image:type\" content=\"image\/png\" \/>\n<meta name=\"twitter:card\" content=\"summary_large_image\" \/>\n<meta name=\"twitter:label1\" content=\"Gesch\u00e4tzte Lesezeit\" \/>\n\t<meta name=\"twitter:data1\" content=\"7\u00a0Minuten\" \/>\n<script type=\"application\/ld+json\" class=\"yoast-schema-graph\">{\"@context\":\"https:\/\/schema.org\",\"@graph\":[{\"@type\":\"WebPage\",\"@id\":\"https:\/\/www.resortvillagemajer.si\/de\/https\/wwwresortvillagemajersi\/de\/aktivitaten\/\",\"url\":\"https:\/\/www.resortvillagemajer.si\/de\/https\/wwwresortvillagemajersi\/de\/aktivitaten\/\",\"name\":\"Aktivitaten - Resort Village Majer\",\"isPartOf\":{\"@id\":\"https:\/\/www.resortvillagemajer.si\/de\/#website\"},\"datePublished\":\"2022-11-28T13:11:08+00:00\",\"dateModified\":\"2026-04-23T12:26:59+00:00\",\"breadcrumb\":{\"@id\":\"https:\/\/www.resortvillagemajer.si\/de\/https\/wwwresortvillagemajersi\/de\/aktivitaten\/#breadcrumb\"},\"inLanguage\":\"de\",\"potentialAction\":[{\"@type\":\"ReadAction\",\"target\":[\"https:\/\/www.resortvillagemajer.si\/de\/https\/wwwresortvillagemajersi\/de\/aktivitaten\/\"]}]},{\"@type\":\"BreadcrumbList\",\"@id\":\"https:\/\/www.resortvillagemajer.si\/de\/https\/wwwresortvillagemajersi\/de\/aktivitaten\/#breadcrumb\",\"itemListElement\":[{\"@type\":\"ListItem\",\"position\":1,\"name\":\"Sie suchten nach\",\"item\":\"https:\/\/www.resortvillagemajer.si\/de\/\"},{\"@type\":\"ListItem\",\"position\":2,\"name\":\"Aktivitaten\"}]},{\"@type\":\"WebSite\",\"@id\":\"https:\/\/www.resortvillagemajer.si\/de\/#website\",\"url\":\"https:\/\/www.resortvillagemajer.si\/de\/\",\"name\":\"Resort Village Majer\",\"description\":\"Srce Bele krajine\",\"publisher\":{\"@id\":\"https:\/\/www.resortvillagemajer.si\/de\/#organization\"},\"potentialAction\":[{\"@type\":\"SearchAction\",\"target\":{\"@type\":\"EntryPoint\",\"urlTemplate\":\"https:\/\/www.resortvillagemajer.si\/de\/?s={search_term_string}\"},\"query-input\":{\"@type\":\"PropertyValueSpecification\",\"valueRequired\":true,\"valueName\":\"search_term_string\"}}],\"inLanguage\":\"de\"},{\"@type\":\"Organization\",\"@id\":\"https:\/\/www.resortvillagemajer.si\/de\/#organization\",\"name\":\"Resort Village Majer\",\"url\":\"https:\/\/www.resortvillagemajer.si\/de\/\",\"logo\":{\"@type\":\"ImageObject\",\"inLanguage\":\"de\",\"@id\":\"https:\/\/www.resortvillagemajer.si\/de\/#\/schema\/logo\/image\/\",\"url\":\"https:\/\/www.resortvillagemajer.si\/wp-content\/uploads\/2021\/03\/logo.230x185.pokoncen.png\",\"contentUrl\":\"https:\/\/www.resortvillagemajer.si\/wp-content\/uploads\/2021\/03\/logo.230x185.pokoncen.png\",\"width\":230,\"height\":185,\"caption\":\"Resort Village Majer\"},\"image\":{\"@id\":\"https:\/\/www.resortvillagemajer.si\/de\/#\/schema\/logo\/image\/\"},\"sameAs\":[\"https:\/\/www.facebook.com\/ResortVillageMajer\",\"https:\/\/www.instagram.com\/ResortVillageMajer\",\"https:\/\/www.tripadvisor.com\/ResortVillageMajer\"]}]}<\/script>\n<!-- \/ Yoast SEO plugin. -->","yoast_head_json":{"title":"Aktivitaten - Resort Village Majer","robots":{"index":"index","follow":"follow","max-snippet":"max-snippet:-1","max-image-preview":"max-image-preview:large","max-video-preview":"max-video-preview:-1"},"canonical":"https:\/\/www.resortvillagemajer.si\/de\/https\/wwwresortvillagemajersi\/de\/aktivitaten\/","og_locale":"de_DE","og_type":"article","og_title":"Aktivitaten - Resort Village Majer","og_description":"[vc_row type=&#8220;full_width_background&#8220; full_screen_row_position=&#8220;middle&#8220; column_margin=&#8220;90px&#8220; equal_height=&#8220;yes&#8220; content_placement=&#8220;middle&#8220; column_direction=&#8220;default&#8220; column_direction_tablet=&#8220;default&#8220; column_direction_phone=&#8220;default&#8220; scene_position=&#8220;center&#8220; top_padding=&#8220;80&#8243; bottom_padding=&#8220;60&#8243; top_padding_phone=&#8220;45&#8243; bottom_padding_phone=&#8220;10&#8243; text_color=&#8220;dark&#8220; text_align=&#8220;left&#8220; row_border_radius=&#8220;none&#8220; row_border_radius_applies=&#8220;bg&#8220; overflow=&#8220;visible&#8220; enable_gradient=&#8220;true&#8220; advanced_gradient_angle=&#8220;0&#8243; overlay_strength=&#8220;0.3&#8243; gradient_direction=&#8220;left_to_right&#8220; shape_divider_position=&#8220;bottom&#8220; bg_image_animation=&#8220;none&#8220; shape_type=&#8220;&#8220; gradient_type=&#8220;default&#8220;][vc_column column_padding=&#8220;no-extra-padding&#8220; column_padding_tablet=&#8220;inherit&#8220; column_padding_phone=&#8220;inherit&#8220;...","og_url":"https:\/\/www.resortvillagemajer.si\/de\/https\/wwwresortvillagemajersi\/de\/aktivitaten\/","og_site_name":"Resort Village Majer","article_publisher":"https:\/\/www.facebook.com\/ResortVillageMajer","article_modified_time":"2026-04-23T12:26:59+00:00","og_image":[{"width":230,"height":185,"url":"https:\/\/www.resortvillagemajer.si\/wp-content\/uploads\/2021\/03\/logo.230x185.pokoncen.png","type":"image\/png"}],"twitter_card":"summary_large_image","twitter_misc":{"Gesch\u00e4tzte Lesezeit":"7\u00a0Minuten"},"schema":{"@context":"https:\/\/schema.org","@graph":[{"@type":"WebPage","@id":"https:\/\/www.resortvillagemajer.si\/de\/https\/wwwresortvillagemajersi\/de\/aktivitaten\/","url":"https:\/\/www.resortvillagemajer.si\/de\/https\/wwwresortvillagemajersi\/de\/aktivitaten\/","name":"Aktivitaten - Resort Village Majer","isPartOf":{"@id":"https:\/\/www.resortvillagemajer.si\/de\/#website"},"datePublished":"2022-11-28T13:11:08+00:00","dateModified":"2026-04-23T12:26:59+00:00","breadcrumb":{"@id":"https:\/\/www.resortvillagemajer.si\/de\/https\/wwwresortvillagemajersi\/de\/aktivitaten\/#breadcrumb"},"inLanguage":"de","potentialAction":[{"@type":"ReadAction","target":["https:\/\/www.resortvillagemajer.si\/de\/https\/wwwresortvillagemajersi\/de\/aktivitaten\/"]}]},{"@type":"BreadcrumbList","@id":"https:\/\/www.resortvillagemajer.si\/de\/https\/wwwresortvillagemajersi\/de\/aktivitaten\/#breadcrumb","itemListElement":[{"@type":"ListItem","position":1,"name":"Sie suchten nach","item":"https:\/\/www.resortvillagemajer.si\/de\/"},{"@type":"ListItem","position":2,"name":"Aktivitaten"}]},{"@type":"WebSite","@id":"https:\/\/www.resortvillagemajer.si\/de\/#website","url":"https:\/\/www.resortvillagemajer.si\/de\/","name":"Resort Village Majer","description":"Srce Bele krajine","publisher":{"@id":"https:\/\/www.resortvillagemajer.si\/de\/#organization"},"potentialAction":[{"@type":"SearchAction","target":{"@type":"EntryPoint","urlTemplate":"https:\/\/www.resortvillagemajer.si\/de\/?s={search_term_string}"},"query-input":{"@type":"PropertyValueSpecification","valueRequired":true,"valueName":"search_term_string"}}],"inLanguage":"de"},{"@type":"Organization","@id":"https:\/\/www.resortvillagemajer.si\/de\/#organization","name":"Resort Village Majer","url":"https:\/\/www.resortvillagemajer.si\/de\/","logo":{"@type":"ImageObject","inLanguage":"de","@id":"https:\/\/www.resortvillagemajer.si\/de\/#\/schema\/logo\/image\/","url":"https:\/\/www.resortvillagemajer.si\/wp-content\/uploads\/2021\/03\/logo.230x185.pokoncen.png","contentUrl":"https:\/\/www.resortvillagemajer.si\/wp-content\/uploads\/2021\/03\/logo.230x185.pokoncen.png","width":230,"height":185,"caption":"Resort Village Majer"},"image":{"@id":"https:\/\/www.resortvillagemajer.si\/de\/#\/schema\/logo\/image\/"},"sameAs":["https:\/\/www.facebook.com\/ResortVillageMajer","https:\/\/www.instagram.com\/ResortVillageMajer","https:\/\/www.tripadvisor.com\/ResortVillageMajer"]}]}},"_links":{"self":[{"href":"https:\/\/www.resortvillagemajer.si\/de\/wp-json\/wp\/v2\/pages\/4957","targetHints":{"allow":["GET"]}}],"collection":[{"href":"https:\/\/www.resortvillagemajer.si\/de\/wp-json\/wp\/v2\/pages"}],"about":[{"href":"https:\/\/www.resortvillagemajer.si\/de\/wp-json\/wp\/v2\/types\/page"}],"author":[{"embeddable":true,"href":"https:\/\/www.resortvillagemajer.si\/de\/wp-json\/wp\/v2\/users\/1"}],"replies":[{"embeddable":true,"href":"https:\/\/www.resortvillagemajer.si\/de\/wp-json\/wp\/v2\/comments?post=4957"}],"version-history":[{"count":16,"href":"https:\/\/www.resortvillagemajer.si\/de\/wp-json\/wp\/v2\/pages\/4957\/revisions"}],"predecessor-version":[{"id":8150,"href":"https:\/\/www.resortvillagemajer.si\/de\/wp-json\/wp\/v2\/pages\/4957\/revisions\/8150"}],"wp:attachment":[{"href":"https:\/\/www.resortvillagemajer.si\/de\/wp-json\/wp\/v2\/media?parent=4957"}],"curies":[{"name":"wp","href":"https:\/\/api.w.org\/{rel}","templated":true}]}}