{"id":2823,"date":"2021-04-22T21:20:10","date_gmt":"2021-04-22T19:20:10","guid":{"rendered":"http:\/\/demo.resortvillagemajer.si\/?page_id=2823"},"modified":"2022-08-10T12:17:59","modified_gmt":"2022-08-10T10:17:59","slug":"krasinec","status":"publish","type":"page","link":"https:\/\/www.resortvillagemajer.si\/de\/resort-village-majer\/geschichten-der-vergangenheit\/krasinec\/","title":{"rendered":"Krasinec"},"content":{"rendered":"[vc_row type=&#8220;in_container&#8220; full_screen_row_position=&#8220;middle&#8220; column_margin=&#8220;default&#8220; column_direction=&#8220;default&#8220; column_direction_tablet=&#8220;default&#8220; column_direction_phone=&#8220;default&#8220; scene_position=&#8220;center&#8220; text_color=&#8220;dark&#8220; text_align=&#8220;left&#8220; row_border_radius=&#8220;none&#8220; row_border_radius_applies=&#8220;bg&#8220; overflow=&#8220;visible&#8220; overlay_strength=&#8220;0.3&#8243; gradient_direction=&#8220;left_to_right&#8220; shape_divider_position=&#8220;bottom&#8220; bg_image_animation=&#8220;none&#8220; shape_type=&#8220;&#8220;][vc_column column_padding=&#8220;no-extra-padding&#8220; column_padding_tablet=&#8220;inherit&#8220; column_padding_phone=&#8220;inherit&#8220; column_padding_position=&#8220;all&#8220; column_element_spacing=&#8220;default&#8220; background_color_opacity=&#8220;1&#8243; background_hover_color_opacity=&#8220;1&#8243; column_shadow=&#8220;none&#8220; column_border_radius=&#8220;none&#8220; column_link_target=&#8220;_self&#8220; column_position=&#8220;default&#8220; gradient_direction=&#8220;left_to_right&#8220; overlay_strength=&#8220;0.3&#8243; width=&#8220;1\/1&#8243; tablet_width_inherit=&#8220;default&#8220; tablet_text_alignment=&#8220;default&#8220; phone_text_alignment=&#8220;default&#8220; animation_type=&#8220;default&#8220; bg_image_animation=&#8220;none&#8220; border_type=&#8220;simple&#8220; column_border_width=&#8220;none&#8220; column_border_style=&#8220;solid&#8220;][vc_column_text]Krasinec ist ein Dorf in der N\u00e4he von Kolpa, zwischen Podzemelj und Griblje. Es r\u00fchmt sich ein reiches Kulturerbe und ist nicht weit vom H\u00fcgel Ku\u010dar entfernt, an dem eine wichtige Siedlung schon in der Urgeschichte stand und von dem das nahe gelegene Ackerland sowie der Flussverkehr \u00fcberwacht wurden. [\/vc_column_text][\/vc_column][\/vc_row][vc_row type=&#8220;in_container&#8220; full_screen_row_position=&#8220;middle&#8220; column_margin=&#8220;default&#8220; column_direction=&#8220;default&#8220; column_direction_tablet=&#8220;default&#8220; column_direction_phone=&#8220;default&#8220; scene_position=&#8220;center&#8220; bottom_padding_tablet=&#8220;20&#8243; text_color=&#8220;dark&#8220; text_align=&#8220;left&#8220; row_border_radius=&#8220;none&#8220; row_border_radius_applies=&#8220;bg&#8220; overflow=&#8220;visible&#8220; overlay_strength=&#8220;0.3&#8243; gradient_direction=&#8220;left_to_right&#8220; shape_divider_position=&#8220;bottom&#8220; bg_image_animation=&#8220;none&#8220; shape_type=&#8220;&#8220;][vc_column column_padding=&#8220;no-extra-padding&#8220; column_padding_tablet=&#8220;inherit&#8220; column_padding_phone=&#8220;inherit&#8220; column_padding_position=&#8220;all&#8220; column_element_spacing=&#8220;default&#8220; background_color_opacity=&#8220;1&#8243; background_hover_color_opacity=&#8220;1&#8243; column_shadow=&#8220;none&#8220; column_border_radius=&#8220;none&#8220; column_link_target=&#8220;_self&#8220; column_position=&#8220;default&#8220; gradient_direction=&#8220;left_to_right&#8220; overlay_strength=&#8220;0.3&#8243; width=&#8220;1\/1&#8243; tablet_width_inherit=&#8220;default&#8220; tablet_text_alignment=&#8220;default&#8220; phone_text_alignment=&#8220;default&#8220; animation_type=&#8220;default&#8220; bg_image_animation=&#8220;none&#8220; border_type=&#8220;simple&#8220; column_border_width=&#8220;none&#8220; column_border_style=&#8220;solid&#8220;][mvc_timeline_father][mvc_timeline_son maintitle=&#8220;Klassisches Altertum&#8220;]<div data-post-id=\"2867\" class=\"insert-page insert-page-2867 \">[vc_row type=&#8220;in_container&#8220; full_screen_row_position=&#8220;middle&#8220; column_margin=&#8220;default&#8220; column_direction=&#8220;default&#8220; column_direction_tablet=&#8220;default&#8220; column_direction_phone=&#8220;default&#8220; scene_position=&#8220;center&#8220; text_color=&#8220;dark&#8220; text_align=&#8220;left&#8220; row_border_radius=&#8220;none&#8220; row_border_radius_applies=&#8220;bg&#8220; overflow=&#8220;visible&#8220; overlay_strength=&#8220;0.3&#8243; gradient_direction=&#8220;left_to_right&#8220; shape_divider_position=&#8220;bottom&#8220; bg_image_animation=&#8220;none&#8220; shape_type=&#8220;&#8220;][vc_column column_padding=&#8220;no-extra-padding&#8220; column_padding_tablet=&#8220;inherit&#8220; column_padding_phone=&#8220;inherit&#8220; column_padding_position=&#8220;all&#8220; column_element_spacing=&#8220;default&#8220; background_color_opacity=&#8220;1&#8243; background_hover_color_opacity=&#8220;1&#8243; column_shadow=&#8220;none&#8220; column_border_radius=&#8220;none&#8220; column_link_target=&#8220;_self&#8220; column_position=&#8220;default&#8220; gradient_direction=&#8220;left_to_right&#8220; overlay_strength=&#8220;0.3&#8243; width=&#8220;1\/1&#8243; tablet_width_inherit=&#8220;default&#8220; tablet_text_alignment=&#8220;default&#8220; phone_text_alignment=&#8220;default&#8220; animation_type=&#8220;default&#8220; bg_image_animation=&#8220;none&#8220; border_type=&#8220;simple&#8220; column_border_width=&#8220;none&#8220; column_border_style=&#8220;solid&#8220;][vc_column_text]Die fr\u00fcheste Besiedlung im engeren Bereich des heutigen Dorfes Krasinec geh\u00f6rt in die R\u00f6merzeit (1.\u20136. Jh. n. Chr.). Auf dem alten Friedhof, weniger als einen halben Kilometer s\u00fcd\u00f6stlich des heutigen Dorfes, in der Ein\u00f6de namens Na vrhu , wurden alte flache (flache) verbrannte Gr\u00e4ber mit Zubeh\u00f6r entdeckt, die von den fr\u00fchesten Bewohnern sprechen. Sie m\u00fcssen an den \u00dcbergang in die andere Welt durch Feuer geglaubt und deshalb ihre Toten einge\u00e4schert haben. Die Asche des Verstorbenen wurde zusammen mit kleineren und gr\u00f6\u00dferen Tongef\u00e4\u00dfen und dem Schmuck des Verstorbenen auf einem flachen Friedhof beigesetzt und das Grab in der Regel mit einer Steinplatte bedeckt. Das alte Dorf bei Krasinec war eng mit den nahe gelegenen D\u00f6rfern Bor\u0161t und Cerkvi\u0161\u010de sowie mit einem gr\u00f6\u00dferen Dorf auf Otok verbunden, wo die \u00dcberreste von Backsteingeb\u00e4uden entdeckt wurden. In der Sp\u00e4tantike m\u00fcssen diese D\u00f6rfer eng mit der gut befestigten Siedlung auf dem Ku\u010dar-H\u00fcgel verbunden gewesen sein, die zu Beginn des 6. Jahrhunderts aufgegeben wurde.[\/vc_column_text][\/vc_column][\/vc_row]\n<\/div>[\/mvc_timeline_son][mvc_timeline_son maintitle=&#8220;Neuzeit&#8220;]<div data-post-id=\"2869\" class=\"insert-page insert-page-2869 \">[vc_row type=&#8220;in_container&#8220; full_screen_row_position=&#8220;middle&#8220; column_margin=&#8220;default&#8220; column_direction=&#8220;default&#8220; column_direction_tablet=&#8220;default&#8220; column_direction_phone=&#8220;default&#8220; scene_position=&#8220;center&#8220; text_color=&#8220;dark&#8220; text_align=&#8220;left&#8220; row_border_radius=&#8220;none&#8220; row_border_radius_applies=&#8220;bg&#8220; overflow=&#8220;visible&#8220; overlay_strength=&#8220;0.3&#8243; gradient_direction=&#8220;left_to_right&#8220; shape_divider_position=&#8220;bottom&#8220; bg_image_animation=&#8220;none&#8220; shape_type=&#8220;&#8220;][vc_column column_padding=&#8220;no-extra-padding&#8220; column_padding_tablet=&#8220;inherit&#8220; column_padding_phone=&#8220;inherit&#8220; column_padding_position=&#8220;all&#8220; column_element_spacing=&#8220;default&#8220; background_color_opacity=&#8220;1&#8243; background_hover_color_opacity=&#8220;1&#8243; column_shadow=&#8220;none&#8220; column_border_radius=&#8220;none&#8220; column_link_target=&#8220;_self&#8220; column_position=&#8220;default&#8220; gradient_direction=&#8220;left_to_right&#8220; overlay_strength=&#8220;0.3&#8243; width=&#8220;1\/1&#8243; tablet_width_inherit=&#8220;default&#8220; tablet_text_alignment=&#8220;default&#8220; phone_text_alignment=&#8220;default&#8220; animation_type=&#8220;default&#8220; bg_image_animation=&#8220;none&#8220; border_type=&#8220;simple&#8220; column_border_width=&#8220;none&#8220; column_border_style=&#8220;solid&#8220;][vc_gallery type=&#8220;flexslider_style&#8220; images=&#8220;454,453&#8243; onclick=&#8220;link_image&#8220;][vc_column_text]Die fr\u00fcheste Besiedlung im engeren Bereich des heutigen Dorfes Krasinec geh\u00f6rt in die R\u00f6merzeit (1.\u20136. Jh. n. Chr.). Auf dem alten Friedhof, weniger als einen halben Kilometer s\u00fcd\u00f6stlich des heutigen Dorfes, in der Ein\u00f6de namens Na vrhu, wurden alte flache verbrannte Gr\u00e4ber mit Zubeh\u00f6r entdeckt, die von den fr\u00fchesten, pr\u00e4historischen, Bewohnern sprechen. Sie m\u00fcssen an den \u00dcbergang in die andere Welt durch Feuer geglaubt und deshalb ihre Toten einge\u00e4schert haben. Die Asche des Verstorbenen wurde zusammen mit kleineren und gr\u00f6\u00dferen Tongef\u00e4\u00dfen und dem Schmuck des Verstorbenen auf einem flachen Friedhof beigesetzt und das Grab in der Regel mit einer Steinplatte bedeckt. Das alte Dorf bei Krasinec war eng mit den nahe gelegenen D\u00f6rfern Bor\u0161t und Cerkvi\u0161\u010de sowie mit einem gr\u00f6\u00dferen Dorf auf Otok verbunden, wo die \u00dcberreste von Backsteingeb\u00e4uden entdeckt wurden. In der Sp\u00e4tantike m\u00fcssen diese D\u00f6rfer mit der gut befestigten Siedlung auf dem Ku\u010dar-H\u00fcgel verbunden gewesen sein, die zu Beginn des 6. Jahrhunderts aufgegeben wurde.[\/vc_column_text][\/vc_column][\/vc_row]\n<\/div>[\/mvc_timeline_son][\/mvc_timeline_father][\/vc_column][\/vc_row]\n","protected":false},"excerpt":{"rendered":"<p>Lorem ipsum dolor sit amet, consectetur adipiscing elit. Nulla malesuada pulvinar nisl sed condimentum. Curabitur facilisis est mauris, a hendrerit magna condimentum quis. Cras augue dolor, laoreet non auctor quis, luctus nec lectus. Donec quis dolor sed enim consequat sollicitudin. Interdum et malesuada fames ac ante ipsum primis in faucibus. Vivamus rhoncus nibh a velit pellentesque pulvinar. Phasellus maximus varius risus non pellentesque. Nullam eu eros iaculis, convallis odio a, vulputate nisl. Fusce semper ligula mi, quis bibendum leo imperdiet at. Quisque metus dolor, posuere eget elit eget, eleifend tempor purus. Pellentesque lobortis dapibus diam, sit amet commodo nisl iaculis ut. Aliquam ac libero ipsum. Suspendisse porttitor dignissim turpis quis mollis. Sed vitae nulla congue, vestibulum magna quis, lacinia orci. Morbi eget malesuada metus, ac auctor nisi.<\/p>\n","protected":false},"author":1,"featured_media":0,"parent":2676,"menu_order":2,"comment_status":"closed","ping_status":"closed","template":"","meta":{"footnotes":""},"class_list":["post-2823","page","type-page","status-publish"],"yoast_head":"<!-- This site is optimized with the Yoast SEO plugin v27.2 - https:\/\/yoast.com\/product\/yoast-seo-wordpress\/ -->\n<title>Krasinec - Resort Village Majer<\/title>\n<meta name=\"robots\" content=\"index, follow, max-snippet:-1, max-image-preview:large, max-video-preview:-1\" \/>\n<link rel=\"canonical\" href=\"https:\/\/www.resortvillagemajer.si\/de\/resort-village-majer\/geschichten-der-vergangenheit\/krasinec\/\" \/>\n<meta property=\"og:locale\" content=\"de_DE\" \/>\n<meta property=\"og:type\" content=\"article\" \/>\n<meta property=\"og:title\" content=\"Krasinec - Resort Village Majer\" \/>\n<meta property=\"og:description\" content=\"Lorem ipsum dolor sit amet, consectetur adipiscing elit. Nulla malesuada pulvinar nisl sed condimentum. Curabitur facilisis est mauris, a hendrerit magna condimentum quis. Cras augue dolor, laoreet non auctor quis, luctus nec lectus. Donec quis dolor sed enim consequat sollicitudin. Interdum et malesuada fames ac ante ipsum primis in faucibus. Vivamus rhoncus nibh a velit pellentesque pulvinar. Phasellus maximus varius risus non pellentesque. Nullam eu eros iaculis, convallis odio a, vulputate nisl. Fusce semper ligula mi, quis bibendum leo imperdiet at. Quisque metus dolor, posuere eget elit eget, eleifend tempor purus. Pellentesque lobortis dapibus diam, sit amet commodo nisl iaculis ut. Aliquam ac libero ipsum. Suspendisse porttitor dignissim turpis quis mollis. Sed vitae nulla congue, vestibulum magna quis, lacinia orci. Morbi eget malesuada metus, ac auctor nisi.\" \/>\n<meta property=\"og:url\" content=\"https:\/\/www.resortvillagemajer.si\/de\/resort-village-majer\/geschichten-der-vergangenheit\/krasinec\/\" \/>\n<meta property=\"og:site_name\" content=\"Resort Village Majer\" \/>\n<meta property=\"article:publisher\" content=\"https:\/\/www.facebook.com\/ResortVillageMajer\" \/>\n<meta property=\"article:modified_time\" content=\"2022-08-10T10:17:59+00:00\" \/>\n<meta property=\"og:image\" content=\"https:\/\/www.resortvillagemajer.si\/wp-content\/uploads\/2021\/03\/logo.230x185.pokoncen.png\" \/>\n\t<meta property=\"og:image:width\" content=\"230\" \/>\n\t<meta property=\"og:image:height\" content=\"185\" \/>\n\t<meta property=\"og:image:type\" content=\"image\/png\" \/>\n<meta name=\"twitter:card\" content=\"summary_large_image\" \/>\n<meta name=\"twitter:label1\" content=\"Gesch\u00e4tzte Lesezeit\" \/>\n\t<meta name=\"twitter:data1\" content=\"1\u00a0Minute\" \/>\n<script type=\"application\/ld+json\" class=\"yoast-schema-graph\">{\"@context\":\"https:\/\/schema.org\",\"@graph\":[{\"@type\":\"WebPage\",\"@id\":\"https:\/\/www.resortvillagemajer.si\/de\/resort-village-majer\/geschichten-der-vergangenheit\/krasinec\/\",\"url\":\"https:\/\/www.resortvillagemajer.si\/de\/resort-village-majer\/geschichten-der-vergangenheit\/krasinec\/\",\"name\":\"Krasinec - Resort Village Majer\",\"isPartOf\":{\"@id\":\"https:\/\/www.resortvillagemajer.si\/de\/#website\"},\"datePublished\":\"2021-04-22T19:20:10+00:00\",\"dateModified\":\"2022-08-10T10:17:59+00:00\",\"breadcrumb\":{\"@id\":\"https:\/\/www.resortvillagemajer.si\/de\/resort-village-majer\/geschichten-der-vergangenheit\/krasinec\/#breadcrumb\"},\"inLanguage\":\"de\",\"potentialAction\":[{\"@type\":\"ReadAction\",\"target\":[\"https:\/\/www.resortvillagemajer.si\/de\/resort-village-majer\/geschichten-der-vergangenheit\/krasinec\/\"]}]},{\"@type\":\"BreadcrumbList\",\"@id\":\"https:\/\/www.resortvillagemajer.si\/de\/resort-village-majer\/geschichten-der-vergangenheit\/krasinec\/#breadcrumb\",\"itemListElement\":[{\"@type\":\"ListItem\",\"position\":1,\"name\":\"Sie suchten nach\",\"item\":\"https:\/\/www.resortvillagemajer.si\/de\/\"},{\"@type\":\"ListItem\",\"position\":2,\"name\":\"Geschichten der Vergangenheit\",\"item\":\"https:\/\/www.resortvillagemajer.si\/de\/geschichten-der-vergangenheit\/\"},{\"@type\":\"ListItem\",\"position\":3,\"name\":\"Krasinec\"}]},{\"@type\":\"WebSite\",\"@id\":\"https:\/\/www.resortvillagemajer.si\/de\/#website\",\"url\":\"https:\/\/www.resortvillagemajer.si\/de\/\",\"name\":\"Resort Village Majer\",\"description\":\"Srce Bele krajine\",\"publisher\":{\"@id\":\"https:\/\/www.resortvillagemajer.si\/de\/#organization\"},\"potentialAction\":[{\"@type\":\"SearchAction\",\"target\":{\"@type\":\"EntryPoint\",\"urlTemplate\":\"https:\/\/www.resortvillagemajer.si\/de\/?s={search_term_string}\"},\"query-input\":{\"@type\":\"PropertyValueSpecification\",\"valueRequired\":true,\"valueName\":\"search_term_string\"}}],\"inLanguage\":\"de\"},{\"@type\":\"Organization\",\"@id\":\"https:\/\/www.resortvillagemajer.si\/de\/#organization\",\"name\":\"Resort Village Majer\",\"url\":\"https:\/\/www.resortvillagemajer.si\/de\/\",\"logo\":{\"@type\":\"ImageObject\",\"inLanguage\":\"de\",\"@id\":\"https:\/\/www.resortvillagemajer.si\/de\/#\/schema\/logo\/image\/\",\"url\":\"https:\/\/www.resortvillagemajer.si\/wp-content\/uploads\/2021\/03\/logo.230x185.pokoncen.png\",\"contentUrl\":\"https:\/\/www.resortvillagemajer.si\/wp-content\/uploads\/2021\/03\/logo.230x185.pokoncen.png\",\"width\":230,\"height\":185,\"caption\":\"Resort Village Majer\"},\"image\":{\"@id\":\"https:\/\/www.resortvillagemajer.si\/de\/#\/schema\/logo\/image\/\"},\"sameAs\":[\"https:\/\/www.facebook.com\/ResortVillageMajer\",\"https:\/\/www.instagram.com\/ResortVillageMajer\",\"https:\/\/www.tripadvisor.com\/ResortVillageMajer\"]}]}<\/script>\n<!-- \/ Yoast SEO plugin. -->","yoast_head_json":{"title":"Krasinec - Resort Village Majer","robots":{"index":"index","follow":"follow","max-snippet":"max-snippet:-1","max-image-preview":"max-image-preview:large","max-video-preview":"max-video-preview:-1"},"canonical":"https:\/\/www.resortvillagemajer.si\/de\/resort-village-majer\/geschichten-der-vergangenheit\/krasinec\/","og_locale":"de_DE","og_type":"article","og_title":"Krasinec - Resort Village Majer","og_description":"Lorem ipsum dolor sit amet, consectetur adipiscing elit. Nulla malesuada pulvinar nisl sed condimentum. Curabitur facilisis est mauris, a hendrerit magna condimentum quis. Cras augue dolor, laoreet non auctor quis, luctus nec lectus. Donec quis dolor sed enim consequat sollicitudin. Interdum et malesuada fames ac ante ipsum primis in faucibus. Vivamus rhoncus nibh a velit pellentesque pulvinar. Phasellus maximus varius risus non pellentesque. Nullam eu eros iaculis, convallis odio a, vulputate nisl. Fusce semper ligula mi, quis bibendum leo imperdiet at. Quisque metus dolor, posuere eget elit eget, eleifend tempor purus. Pellentesque lobortis dapibus diam, sit amet commodo nisl iaculis ut. Aliquam ac libero ipsum. Suspendisse porttitor dignissim turpis quis mollis. Sed vitae nulla congue, vestibulum magna quis, lacinia orci. Morbi eget malesuada metus, ac auctor nisi.","og_url":"https:\/\/www.resortvillagemajer.si\/de\/resort-village-majer\/geschichten-der-vergangenheit\/krasinec\/","og_site_name":"Resort Village Majer","article_publisher":"https:\/\/www.facebook.com\/ResortVillageMajer","article_modified_time":"2022-08-10T10:17:59+00:00","og_image":[{"width":230,"height":185,"url":"https:\/\/www.resortvillagemajer.si\/wp-content\/uploads\/2021\/03\/logo.230x185.pokoncen.png","type":"image\/png"}],"twitter_card":"summary_large_image","twitter_misc":{"Gesch\u00e4tzte Lesezeit":"1\u00a0Minute"},"schema":{"@context":"https:\/\/schema.org","@graph":[{"@type":"WebPage","@id":"https:\/\/www.resortvillagemajer.si\/de\/resort-village-majer\/geschichten-der-vergangenheit\/krasinec\/","url":"https:\/\/www.resortvillagemajer.si\/de\/resort-village-majer\/geschichten-der-vergangenheit\/krasinec\/","name":"Krasinec - Resort Village Majer","isPartOf":{"@id":"https:\/\/www.resortvillagemajer.si\/de\/#website"},"datePublished":"2021-04-22T19:20:10+00:00","dateModified":"2022-08-10T10:17:59+00:00","breadcrumb":{"@id":"https:\/\/www.resortvillagemajer.si\/de\/resort-village-majer\/geschichten-der-vergangenheit\/krasinec\/#breadcrumb"},"inLanguage":"de","potentialAction":[{"@type":"ReadAction","target":["https:\/\/www.resortvillagemajer.si\/de\/resort-village-majer\/geschichten-der-vergangenheit\/krasinec\/"]}]},{"@type":"BreadcrumbList","@id":"https:\/\/www.resortvillagemajer.si\/de\/resort-village-majer\/geschichten-der-vergangenheit\/krasinec\/#breadcrumb","itemListElement":[{"@type":"ListItem","position":1,"name":"Sie suchten nach","item":"https:\/\/www.resortvillagemajer.si\/de\/"},{"@type":"ListItem","position":2,"name":"Geschichten der Vergangenheit","item":"https:\/\/www.resortvillagemajer.si\/de\/geschichten-der-vergangenheit\/"},{"@type":"ListItem","position":3,"name":"Krasinec"}]},{"@type":"WebSite","@id":"https:\/\/www.resortvillagemajer.si\/de\/#website","url":"https:\/\/www.resortvillagemajer.si\/de\/","name":"Resort Village Majer","description":"Srce Bele krajine","publisher":{"@id":"https:\/\/www.resortvillagemajer.si\/de\/#organization"},"potentialAction":[{"@type":"SearchAction","target":{"@type":"EntryPoint","urlTemplate":"https:\/\/www.resortvillagemajer.si\/de\/?s={search_term_string}"},"query-input":{"@type":"PropertyValueSpecification","valueRequired":true,"valueName":"search_term_string"}}],"inLanguage":"de"},{"@type":"Organization","@id":"https:\/\/www.resortvillagemajer.si\/de\/#organization","name":"Resort Village Majer","url":"https:\/\/www.resortvillagemajer.si\/de\/","logo":{"@type":"ImageObject","inLanguage":"de","@id":"https:\/\/www.resortvillagemajer.si\/de\/#\/schema\/logo\/image\/","url":"https:\/\/www.resortvillagemajer.si\/wp-content\/uploads\/2021\/03\/logo.230x185.pokoncen.png","contentUrl":"https:\/\/www.resortvillagemajer.si\/wp-content\/uploads\/2021\/03\/logo.230x185.pokoncen.png","width":230,"height":185,"caption":"Resort Village Majer"},"image":{"@id":"https:\/\/www.resortvillagemajer.si\/de\/#\/schema\/logo\/image\/"},"sameAs":["https:\/\/www.facebook.com\/ResortVillageMajer","https:\/\/www.instagram.com\/ResortVillageMajer","https:\/\/www.tripadvisor.com\/ResortVillageMajer"]}]}},"_links":{"self":[{"href":"https:\/\/www.resortvillagemajer.si\/de\/wp-json\/wp\/v2\/pages\/2823","targetHints":{"allow":["GET"]}}],"collection":[{"href":"https:\/\/www.resortvillagemajer.si\/de\/wp-json\/wp\/v2\/pages"}],"about":[{"href":"https:\/\/www.resortvillagemajer.si\/de\/wp-json\/wp\/v2\/types\/page"}],"author":[{"embeddable":true,"href":"https:\/\/www.resortvillagemajer.si\/de\/wp-json\/wp\/v2\/users\/1"}],"replies":[{"embeddable":true,"href":"https:\/\/www.resortvillagemajer.si\/de\/wp-json\/wp\/v2\/comments?post=2823"}],"version-history":[{"count":6,"href":"https:\/\/www.resortvillagemajer.si\/de\/wp-json\/wp\/v2\/pages\/2823\/revisions"}],"predecessor-version":[{"id":3798,"href":"https:\/\/www.resortvillagemajer.si\/de\/wp-json\/wp\/v2\/pages\/2823\/revisions\/3798"}],"up":[{"embeddable":true,"href":"https:\/\/www.resortvillagemajer.si\/de\/wp-json\/wp\/v2\/pages\/2676"}],"wp:attachment":[{"href":"https:\/\/www.resortvillagemajer.si\/de\/wp-json\/wp\/v2\/media?parent=2823"}],"curies":[{"name":"wp","href":"https:\/\/api.w.org\/{rel}","templated":true}]}}