{"id":2696,"date":"2021-04-22T21:12:26","date_gmt":"2021-04-22T19:12:26","guid":{"rendered":"http:\/\/demo.resortvillagemajer.si\/?page_id=2696"},"modified":"2022-12-09T16:51:26","modified_gmt":"2022-12-09T15:51:26","slug":"rechtlicher-hinweis","status":"publish","type":"page","link":"https:\/\/www.resortvillagemajer.si\/de\/rechtlicher-hinweis\/","title":{"rendered":"Rechtlicher Hinweis"},"content":{"rendered":"[vc_row type=&#8220;in_container&#8220; full_screen_row_position=&#8220;middle&#8220; column_margin=&#8220;default&#8220; column_direction=&#8220;default&#8220; column_direction_tablet=&#8220;default&#8220; column_direction_phone=&#8220;default&#8220; scene_position=&#8220;center&#8220; bottom_padding=&#8220;60&#8243; text_color=&#8220;dark&#8220; text_align=&#8220;left&#8220; row_border_radius=&#8220;none&#8220; row_border_radius_applies=&#8220;bg&#8220; overflow=&#8220;visible&#8220; overlay_strength=&#8220;0.3&#8243; gradient_direction=&#8220;left_to_right&#8220; shape_divider_position=&#8220;bottom&#8220; bg_image_animation=&#8220;none&#8220; shape_type=&#8220;&#8220;][vc_column column_padding=&#8220;no-extra-padding&#8220; column_padding_tablet=&#8220;inherit&#8220; column_padding_phone=&#8220;inherit&#8220; column_padding_position=&#8220;all&#8220; column_element_spacing=&#8220;default&#8220; background_color_opacity=&#8220;1&#8243; background_hover_color_opacity=&#8220;1&#8243; column_shadow=&#8220;none&#8220; column_border_radius=&#8220;none&#8220; column_link_target=&#8220;_self&#8220; column_position=&#8220;default&#8220; gradient_direction=&#8220;left_to_right&#8220; overlay_strength=&#8220;0.3&#8243; width=&#8220;1\/1&#8243; tablet_width_inherit=&#8220;default&#8220; tablet_text_alignment=&#8220;default&#8220; phone_text_alignment=&#8220;default&#8220; animation_type=&#8220;default&#8220; bg_image_animation=&#8220;none&#8220; border_type=&#8220;simple&#8220; column_border_width=&#8220;none&#8220; column_border_style=&#8220;solid&#8220;][vc_column_text]\n<div class=\"container\">\n<p>Allgemeine Bedingungen f\u00fcr die Nutzung der Website <a href=\"http:\/\/www.resortvillagemajer.si\">www.resortvillagemajer.si<\/a><\/p>\n<p><strong>1. Einleitung<\/strong><\/p>\n<p>Der Begriff Website in Zusammenhang mit dieser Mitteilung bezieht sich auf alle Websites auf der Adresse demo.resortvillagemajer.si.<\/p>\n<p>&nbsp;<\/p>\n<p><strong>2. Inhalt der Website<\/strong><\/p>\n<p>Alle Inhalte auf dieser Website sind informativer Natur und dienen vor allem der Auskunftserteilung. Das Unternehmen TGK, d.o.o. verpflichtet sich dazu, alles in seiner Kraft Stehende zu unternehmen, damit die Informationen auf dieser Website richtig, verl\u00e4sslich und hochwertig sind. Damit \u00fcbernimmt es keine Haftung f\u00fcr eventuelle Tippfehler und Verzug oder M\u00e4ngel bei der Eingabe von aktualisierten Angaben.<\/p>\n<p>&nbsp;<\/p>\n<p><strong>3. Schutz der Urheberrechte<\/strong><\/p>\n<p>Diese Website ist ausschlie\u00dfliches Eigentum des Unternehmens TGK, d.o.o. Jeder Missbrauch von Daten, Abbildungen, Texten und anderer Informationen, die Bestandteil dieser Website sind, ist verboten. Der Inhalt darf ohne vorangehende Kenntnis und Genehmigung des Unternehmens TGK, d.o.o. nicht kopiert, verbreitet oder anders verwendet werden.<\/p>\n<p>&nbsp;<\/p>\n<p><strong>4. Privatschutz<\/strong><\/p>\n<p>Beim ersten Besuch der Website wird auf Ihrem Computer ein \u00bbCookie\u00ab gespeichert, den Sie auch selbst entfernen oder mit den richtigen Einstellungen auch dessen Speicherung verhindern k\u00f6nnen. Cookies sind kleine Dateien, die f\u00fcr eine bessere Kommunikation mit der Website sorgen und mit deren Hilfe die Website zum Beispiel Ihre pers\u00f6nlichen Einstellungen leiten kann. Es ist wichtig zu wissen, dass man \u00fcber diese Dateien auf keinen Fall an Ihre pers\u00f6nlichen Angaben oder an Angaben, die sich auf Ihrem Computer befinden, au\u00dfer \u00f6ffentlich zug\u00e4nglicher Angaben (Browser, Betriebssystem, usw.), kommen kann. Alle Daten, die von Ihnen auf der Website eingegeben werden, kommen in ungesch\u00fctzter elektronischer Form zu uns, deshalb k\u00f6nnen sie auch von Dritten eingesehen werden. Zum Schutz Ihrer Identit\u00e4t und pers\u00f6nlichen Angaben bitten wir Sie, keine pers\u00f6nlichen Angaben einzugeben, f\u00fcr welche Sie nicht w\u00fcnschen, dass diese ver\u00f6ffentlicht werden.<\/p>\n<p>&nbsp;<\/p>\n<p><strong>5. Externe Verbindungen<\/strong><\/p>\n<p>Teil unserer Website sind auch Verbindungen zu Websites, die nicht Bestandteil dieser Website sind. F\u00fcr den Inhalt dieser Websites tragen wir keine Verantwortung.<\/p>\n<p>&nbsp;<\/p>\n<p><strong>6. \u00c4nderung der Bedingungen<\/strong><\/p>\n<p>TGK, d.o.o. beh\u00e4lt sich das Recht vor, die allgemeinen Bedingungen ohne vorangehende Benachrichtigung zu \u00e4ndern. \u00c4nderungen sind ab ihrer Ver\u00f6ffentlichung geltend. Aufgrund dieser Rechte sollten Sie bei jedem Besuch dieser Website sorgf\u00e4ltig die Verwendungsregeln und Bedingungen lesen.<\/p>\n<p>&nbsp;<\/p>\n<p><strong>7. Zust\u00e4ndiges Gericht<\/strong><\/p>\n<p>F\u00fcr Erkl\u00e4rungen und alle rechtlichen Fragen in Zusammenhang mit der Verwendung vom auf dieser Website ver\u00f6ffentlichen Material wird ausschlie\u00dflich slowenisches Recht angewandt. F\u00fcr alle Anspr\u00fcche und Streitigkeiten in Zusammenhang mit der Anwendung dieser Materiale ist das Gericht ist Ljubljana zust\u00e4ndig.<\/p>\n<p>&nbsp;<\/p>\n<p><strong>8. Cookies<\/strong><\/p>\n<p>Weitere Informationen \u00fcber Cookies finden Sie <a href=\"http:\/\/www.resortvillagemajer.si\/de\/cookies\/\">hier<\/a>.<\/p>\n<p>&nbsp;<\/p>\n<p><strong>9. Abschluss<\/strong><\/p>\n<p>Mit dem Besuch dieser Website erkl\u00e4ren Sie, dass Sie mit allen vorhergehend angef\u00fchrten Bedingungen vertraut sind und diesen zustimmen.<\/p>\n<\/div>\n[\/vc_column_text][\/vc_column][\/vc_row]\n","protected":false},"excerpt":{"rendered":"<p>[vc_row type=&#8220;in_container&#8220; full_screen_row_position=&#8220;middle&#8220; column_margin=&#8220;default&#8220; column_direction=&#8220;default&#8220; column_direction_tablet=&#8220;default&#8220; column_direction_phone=&#8220;default&#8220; scene_position=&#8220;center&#8220; bottom_padding=&#8220;60&#8243; text_color=&#8220;dark&#8220; text_align=&#8220;left&#8220; row_border_radius=&#8220;none&#8220; row_border_radius_applies=&#8220;bg&#8220; overflow=&#8220;visible&#8220; overlay_strength=&#8220;0.3&#8243; gradient_direction=&#8220;left_to_right&#8220; shape_divider_position=&#8220;bottom&#8220; bg_image_animation=&#8220;none&#8220; shape_type=&#8220;&#8220;][vc_column column_padding=&#8220;no-extra-padding&#8220; column_padding_tablet=&#8220;inherit&#8220; column_padding_phone=&#8220;inherit&#8220; column_padding_position=&#8220;all&#8220; column_element_spacing=&#8220;default&#8220; background_color_opacity=&#8220;1&#8243; background_hover_color_opacity=&#8220;1&#8243; column_shadow=&#8220;none&#8220; column_border_radius=&#8220;none&#8220; column_link_target=&#8220;_self&#8220; column_position=&#8220;default&#8220;&#8230;<\/p>\n","protected":false},"author":1,"featured_media":0,"parent":0,"menu_order":902,"comment_status":"closed","ping_status":"closed","template":"","meta":{"footnotes":""},"class_list":["post-2696","page","type-page","status-publish"],"yoast_head":"<!-- This site is optimized with the Yoast SEO plugin v27.2 - https:\/\/yoast.com\/product\/yoast-seo-wordpress\/ -->\n<title>Rechtlicher Hinweis - Resort Village Majer<\/title>\n<meta name=\"robots\" content=\"index, follow, max-snippet:-1, max-image-preview:large, max-video-preview:-1\" \/>\n<link rel=\"canonical\" href=\"https:\/\/www.resortvillagemajer.si\/de\/rechtlicher-hinweis\/\" \/>\n<meta property=\"og:locale\" content=\"de_DE\" \/>\n<meta property=\"og:type\" content=\"article\" \/>\n<meta property=\"og:title\" content=\"Rechtlicher Hinweis - Resort Village Majer\" \/>\n<meta property=\"og:description\" content=\"[vc_row type=&#8220;in_container&#8220; full_screen_row_position=&#8220;middle&#8220; column_margin=&#8220;default&#8220; column_direction=&#8220;default&#8220; column_direction_tablet=&#8220;default&#8220; column_direction_phone=&#8220;default&#8220; scene_position=&#8220;center&#8220; bottom_padding=&#8220;60&#8243; text_color=&#8220;dark&#8220; text_align=&#8220;left&#8220; row_border_radius=&#8220;none&#8220; row_border_radius_applies=&#8220;bg&#8220; overflow=&#8220;visible&#8220; overlay_strength=&#8220;0.3&#8243; gradient_direction=&#8220;left_to_right&#8220; shape_divider_position=&#8220;bottom&#8220; bg_image_animation=&#8220;none&#8220; shape_type=&#8220;&#8220;][vc_column column_padding=&#8220;no-extra-padding&#8220; column_padding_tablet=&#8220;inherit&#8220; column_padding_phone=&#8220;inherit&#8220; column_padding_position=&#8220;all&#8220; column_element_spacing=&#8220;default&#8220; background_color_opacity=&#8220;1&#8243; background_hover_color_opacity=&#8220;1&#8243; column_shadow=&#8220;none&#8220; column_border_radius=&#8220;none&#8220; column_link_target=&#8220;_self&#8220; column_position=&#8220;default&#8220;...\" \/>\n<meta property=\"og:url\" content=\"https:\/\/www.resortvillagemajer.si\/de\/rechtlicher-hinweis\/\" \/>\n<meta property=\"og:site_name\" content=\"Resort Village Majer\" \/>\n<meta property=\"article:publisher\" content=\"https:\/\/www.facebook.com\/ResortVillageMajer\" \/>\n<meta property=\"article:modified_time\" content=\"2022-12-09T15:51:26+00:00\" \/>\n<meta property=\"og:image\" content=\"https:\/\/www.resortvillagemajer.si\/wp-content\/uploads\/2021\/03\/logo.230x185.pokoncen.png\" \/>\n\t<meta property=\"og:image:width\" content=\"230\" \/>\n\t<meta property=\"og:image:height\" content=\"185\" \/>\n\t<meta property=\"og:image:type\" content=\"image\/png\" \/>\n<meta name=\"twitter:card\" content=\"summary_large_image\" \/>\n<meta name=\"twitter:label1\" content=\"Gesch\u00e4tzte Lesezeit\" \/>\n\t<meta name=\"twitter:data1\" content=\"2\u00a0Minuten\" \/>\n<script type=\"application\/ld+json\" class=\"yoast-schema-graph\">{\"@context\":\"https:\/\/schema.org\",\"@graph\":[{\"@type\":\"WebPage\",\"@id\":\"https:\/\/www.resortvillagemajer.si\/de\/rechtlicher-hinweis\/\",\"url\":\"https:\/\/www.resortvillagemajer.si\/de\/rechtlicher-hinweis\/\",\"name\":\"Rechtlicher Hinweis - Resort Village Majer\",\"isPartOf\":{\"@id\":\"https:\/\/www.resortvillagemajer.si\/de\/#website\"},\"datePublished\":\"2021-04-22T19:12:26+00:00\",\"dateModified\":\"2022-12-09T15:51:26+00:00\",\"breadcrumb\":{\"@id\":\"https:\/\/www.resortvillagemajer.si\/de\/rechtlicher-hinweis\/#breadcrumb\"},\"inLanguage\":\"de\",\"potentialAction\":[{\"@type\":\"ReadAction\",\"target\":[\"https:\/\/www.resortvillagemajer.si\/de\/rechtlicher-hinweis\/\"]}]},{\"@type\":\"BreadcrumbList\",\"@id\":\"https:\/\/www.resortvillagemajer.si\/de\/rechtlicher-hinweis\/#breadcrumb\",\"itemListElement\":[{\"@type\":\"ListItem\",\"position\":1,\"name\":\"Sie suchten nach\",\"item\":\"https:\/\/www.resortvillagemajer.si\/de\/\"},{\"@type\":\"ListItem\",\"position\":2,\"name\":\"Rechtlicher Hinweis\"}]},{\"@type\":\"WebSite\",\"@id\":\"https:\/\/www.resortvillagemajer.si\/de\/#website\",\"url\":\"https:\/\/www.resortvillagemajer.si\/de\/\",\"name\":\"Resort Village Majer\",\"description\":\"Srce Bele krajine\",\"publisher\":{\"@id\":\"https:\/\/www.resortvillagemajer.si\/de\/#organization\"},\"potentialAction\":[{\"@type\":\"SearchAction\",\"target\":{\"@type\":\"EntryPoint\",\"urlTemplate\":\"https:\/\/www.resortvillagemajer.si\/de\/?s={search_term_string}\"},\"query-input\":{\"@type\":\"PropertyValueSpecification\",\"valueRequired\":true,\"valueName\":\"search_term_string\"}}],\"inLanguage\":\"de\"},{\"@type\":\"Organization\",\"@id\":\"https:\/\/www.resortvillagemajer.si\/de\/#organization\",\"name\":\"Resort Village Majer\",\"url\":\"https:\/\/www.resortvillagemajer.si\/de\/\",\"logo\":{\"@type\":\"ImageObject\",\"inLanguage\":\"de\",\"@id\":\"https:\/\/www.resortvillagemajer.si\/de\/#\/schema\/logo\/image\/\",\"url\":\"https:\/\/www.resortvillagemajer.si\/wp-content\/uploads\/2021\/03\/logo.230x185.pokoncen.png\",\"contentUrl\":\"https:\/\/www.resortvillagemajer.si\/wp-content\/uploads\/2021\/03\/logo.230x185.pokoncen.png\",\"width\":230,\"height\":185,\"caption\":\"Resort Village Majer\"},\"image\":{\"@id\":\"https:\/\/www.resortvillagemajer.si\/de\/#\/schema\/logo\/image\/\"},\"sameAs\":[\"https:\/\/www.facebook.com\/ResortVillageMajer\",\"https:\/\/www.instagram.com\/ResortVillageMajer\",\"https:\/\/www.tripadvisor.com\/ResortVillageMajer\"]}]}<\/script>\n<!-- \/ Yoast SEO plugin. -->","yoast_head_json":{"title":"Rechtlicher Hinweis - Resort Village Majer","robots":{"index":"index","follow":"follow","max-snippet":"max-snippet:-1","max-image-preview":"max-image-preview:large","max-video-preview":"max-video-preview:-1"},"canonical":"https:\/\/www.resortvillagemajer.si\/de\/rechtlicher-hinweis\/","og_locale":"de_DE","og_type":"article","og_title":"Rechtlicher Hinweis - Resort Village Majer","og_description":"[vc_row type=&#8220;in_container&#8220; full_screen_row_position=&#8220;middle&#8220; column_margin=&#8220;default&#8220; column_direction=&#8220;default&#8220; column_direction_tablet=&#8220;default&#8220; column_direction_phone=&#8220;default&#8220; scene_position=&#8220;center&#8220; bottom_padding=&#8220;60&#8243; text_color=&#8220;dark&#8220; text_align=&#8220;left&#8220; row_border_radius=&#8220;none&#8220; row_border_radius_applies=&#8220;bg&#8220; overflow=&#8220;visible&#8220; overlay_strength=&#8220;0.3&#8243; gradient_direction=&#8220;left_to_right&#8220; shape_divider_position=&#8220;bottom&#8220; bg_image_animation=&#8220;none&#8220; shape_type=&#8220;&#8220;][vc_column column_padding=&#8220;no-extra-padding&#8220; column_padding_tablet=&#8220;inherit&#8220; column_padding_phone=&#8220;inherit&#8220; column_padding_position=&#8220;all&#8220; column_element_spacing=&#8220;default&#8220; background_color_opacity=&#8220;1&#8243; background_hover_color_opacity=&#8220;1&#8243; column_shadow=&#8220;none&#8220; column_border_radius=&#8220;none&#8220; column_link_target=&#8220;_self&#8220; column_position=&#8220;default&#8220;...","og_url":"https:\/\/www.resortvillagemajer.si\/de\/rechtlicher-hinweis\/","og_site_name":"Resort Village Majer","article_publisher":"https:\/\/www.facebook.com\/ResortVillageMajer","article_modified_time":"2022-12-09T15:51:26+00:00","og_image":[{"width":230,"height":185,"url":"https:\/\/www.resortvillagemajer.si\/wp-content\/uploads\/2021\/03\/logo.230x185.pokoncen.png","type":"image\/png"}],"twitter_card":"summary_large_image","twitter_misc":{"Gesch\u00e4tzte Lesezeit":"2\u00a0Minuten"},"schema":{"@context":"https:\/\/schema.org","@graph":[{"@type":"WebPage","@id":"https:\/\/www.resortvillagemajer.si\/de\/rechtlicher-hinweis\/","url":"https:\/\/www.resortvillagemajer.si\/de\/rechtlicher-hinweis\/","name":"Rechtlicher Hinweis - Resort Village Majer","isPartOf":{"@id":"https:\/\/www.resortvillagemajer.si\/de\/#website"},"datePublished":"2021-04-22T19:12:26+00:00","dateModified":"2022-12-09T15:51:26+00:00","breadcrumb":{"@id":"https:\/\/www.resortvillagemajer.si\/de\/rechtlicher-hinweis\/#breadcrumb"},"inLanguage":"de","potentialAction":[{"@type":"ReadAction","target":["https:\/\/www.resortvillagemajer.si\/de\/rechtlicher-hinweis\/"]}]},{"@type":"BreadcrumbList","@id":"https:\/\/www.resortvillagemajer.si\/de\/rechtlicher-hinweis\/#breadcrumb","itemListElement":[{"@type":"ListItem","position":1,"name":"Sie suchten nach","item":"https:\/\/www.resortvillagemajer.si\/de\/"},{"@type":"ListItem","position":2,"name":"Rechtlicher Hinweis"}]},{"@type":"WebSite","@id":"https:\/\/www.resortvillagemajer.si\/de\/#website","url":"https:\/\/www.resortvillagemajer.si\/de\/","name":"Resort Village Majer","description":"Srce Bele krajine","publisher":{"@id":"https:\/\/www.resortvillagemajer.si\/de\/#organization"},"potentialAction":[{"@type":"SearchAction","target":{"@type":"EntryPoint","urlTemplate":"https:\/\/www.resortvillagemajer.si\/de\/?s={search_term_string}"},"query-input":{"@type":"PropertyValueSpecification","valueRequired":true,"valueName":"search_term_string"}}],"inLanguage":"de"},{"@type":"Organization","@id":"https:\/\/www.resortvillagemajer.si\/de\/#organization","name":"Resort Village Majer","url":"https:\/\/www.resortvillagemajer.si\/de\/","logo":{"@type":"ImageObject","inLanguage":"de","@id":"https:\/\/www.resortvillagemajer.si\/de\/#\/schema\/logo\/image\/","url":"https:\/\/www.resortvillagemajer.si\/wp-content\/uploads\/2021\/03\/logo.230x185.pokoncen.png","contentUrl":"https:\/\/www.resortvillagemajer.si\/wp-content\/uploads\/2021\/03\/logo.230x185.pokoncen.png","width":230,"height":185,"caption":"Resort Village Majer"},"image":{"@id":"https:\/\/www.resortvillagemajer.si\/de\/#\/schema\/logo\/image\/"},"sameAs":["https:\/\/www.facebook.com\/ResortVillageMajer","https:\/\/www.instagram.com\/ResortVillageMajer","https:\/\/www.tripadvisor.com\/ResortVillageMajer"]}]}},"_links":{"self":[{"href":"https:\/\/www.resortvillagemajer.si\/de\/wp-json\/wp\/v2\/pages\/2696","targetHints":{"allow":["GET"]}}],"collection":[{"href":"https:\/\/www.resortvillagemajer.si\/de\/wp-json\/wp\/v2\/pages"}],"about":[{"href":"https:\/\/www.resortvillagemajer.si\/de\/wp-json\/wp\/v2\/types\/page"}],"author":[{"embeddable":true,"href":"https:\/\/www.resortvillagemajer.si\/de\/wp-json\/wp\/v2\/users\/1"}],"replies":[{"embeddable":true,"href":"https:\/\/www.resortvillagemajer.si\/de\/wp-json\/wp\/v2\/comments?post=2696"}],"version-history":[{"count":8,"href":"https:\/\/www.resortvillagemajer.si\/de\/wp-json\/wp\/v2\/pages\/2696\/revisions"}],"predecessor-version":[{"id":5192,"href":"https:\/\/www.resortvillagemajer.si\/de\/wp-json\/wp\/v2\/pages\/2696\/revisions\/5192"}],"wp:attachment":[{"href":"https:\/\/www.resortvillagemajer.si\/de\/wp-json\/wp\/v2\/media?parent=2696"}],"curies":[{"name":"wp","href":"https:\/\/api.w.org\/{rel}","templated":true}]}}