{"id":2680,"date":"2021-03-11T18:37:12","date_gmt":"2021-03-11T17:37:12","guid":{"rendered":"http:\/\/demo.resortvillagemajer.si\/?page_id=2680"},"modified":"2025-10-24T10:11:58","modified_gmt":"2025-10-24T08:11:58","slug":"kmetija-hlebec","status":"publish","type":"page","link":"https:\/\/www.resortvillagemajer.si\/de\/unsere-geschichte\/","title":{"rendered":"Geschichten von Gestern und Heute"},"content":{"rendered":"[vc_row type=&#8220;in_container&#8220; full_screen_row_position=&#8220;middle&#8220; column_margin=&#8220;default&#8220; column_direction=&#8220;default&#8220; column_direction_tablet=&#8220;default&#8220; column_direction_phone=&#8220;default&#8220; scene_position=&#8220;center&#8220; top_padding=&#8220;0&#8243; bottom_padding=&#8220;60&#8243; bottom_padding_phone=&#8220;15&#8243; text_color=&#8220;dark&#8220; text_align=&#8220;left&#8220; row_border_radius=&#8220;none&#8220; row_border_radius_applies=&#8220;bg&#8220; overflow=&#8220;visible&#8220; overlay_strength=&#8220;0.3&#8243; gradient_direction=&#8220;left_to_right&#8220; shape_divider_position=&#8220;bottom&#8220; bg_image_animation=&#8220;none&#8220; shape_type=&#8220;&#8220;][vc_column column_padding=&#8220;no-extra-padding&#8220; column_padding_tablet=&#8220;inherit&#8220; column_padding_phone=&#8220;inherit&#8220; column_padding_position=&#8220;all&#8220; column_element_spacing=&#8220;default&#8220; background_color_opacity=&#8220;1&#8243; background_hover_color_opacity=&#8220;1&#8243; column_shadow=&#8220;none&#8220; column_border_radius=&#8220;none&#8220; column_link_target=&#8220;_self&#8220; column_position=&#8220;default&#8220; gradient_direction=&#8220;left_to_right&#8220; overlay_strength=&#8220;0.3&#8243; width=&#8220;2\/3&#8243; tablet_width_inherit=&#8220;default&#8220; tablet_text_alignment=&#8220;default&#8220; phone_text_alignment=&#8220;default&#8220; animation_type=&#8220;default&#8220; bg_image_animation=&#8220;none&#8220; border_type=&#8220;simple&#8220; column_border_width=&#8220;none&#8220; column_border_style=&#8220;solid&#8220;][vc_column_text]Erleben Sie Bela Krajina wie nie zuvor.\u00a0Tauchen Sie ein in eine Welt, in der Geschichte auf modernen Komfort trifft. Im <strong data-start=\"246\" data-end=\"270\">Resort Village Majer<\/strong> erz\u00e4hlt jede Ecke ihre eigene Geschichte, weckt Neugier und l\u00e4dt Sie ein, den einzigartigen Charme von Bela Krajina zu entdecken.<\/p>\n<p data-start=\"404\" data-end=\"885\"><strong data-start=\"404\" data-end=\"477\">Das Herrenhaus Krasinec \u2013 Adelige Vergangenheit, moderner R\u00fcckzugsort<\/strong><br data-start=\"477\" data-end=\"480\" \/>Wir sind stolz darauf, dass das adelige <strong data-start=\"520\" data-end=\"543\">Herrenhaus Krasinec<\/strong> aus dem 17. Jahrhundert, das im Laufe der Jahrhunderte viele Besitzer wechselte, nun in unsere Obhut \u00fcbergegangen ist. Dieses Herrenhaus, bereits in den Schriften von Janez Vajkard Valvasor erw\u00e4hnt, wurde zu <strong data-start=\"752\" data-end=\"776\">Resort Village Majer<\/strong> verwandelt \u2013 ein Ort, an dem das au\u00dfergew\u00f6hnliche Erbe und die Geschichte unserer Region lebendig bleiben.<\/p>\n<p data-start=\"887\" data-end=\"1167\">Unsere Tourismusentwicklung folgt internationalen Nachhaltigkeitsstandards \u2013 im Einklang mit Natur, kulturellem Erbe und gesellschaftlicher Verantwortung. Auf dem Gel\u00e4nde des ehemaligen Herrenhauses steht noch heute ein Steinbau \u2013 ein stiller Zeuge der einst m\u00e4chtigen Residenz.<\/p>\n<p data-start=\"1169\" data-end=\"1226\"><strong>Jede Geschichte hat ihren Anfang. Das hier ist unserer.<\/strong><\/p>\n[\/vc_column_text][\/vc_column][vc_column column_padding=&#8220;no-extra-padding&#8220; column_padding_tablet=&#8220;inherit&#8220; column_padding_phone=&#8220;inherit&#8220; column_padding_position=&#8220;all&#8220; column_element_spacing=&#8220;default&#8220; background_color_opacity=&#8220;1&#8243; background_hover_color_opacity=&#8220;1&#8243; column_shadow=&#8220;none&#8220; column_border_radius=&#8220;none&#8220; column_link_target=&#8220;_self&#8220; column_position=&#8220;default&#8220; gradient_direction=&#8220;left_to_right&#8220; overlay_strength=&#8220;0.3&#8243; width=&#8220;1\/3&#8243; tablet_width_inherit=&#8220;default&#8220; tablet_text_alignment=&#8220;default&#8220; phone_text_alignment=&#8220;default&#8220; animation_type=&#8220;default&#8220; bg_image_animation=&#8220;none&#8220; border_type=&#8220;simple&#8220; column_border_width=&#8220;none&#8220; column_border_style=&#8220;solid&#8220;][image_with_animation image_url=&#8220;445&#8243; image_size=&#8220;medium&#8220; animation_type=&#8220;entrance&#8220; animation=&#8220;Fade In&#8220; hover_animation=&#8220;none&#8220; alignment=&#8220;right&#8220; border_radius=&#8220;none&#8220; box_shadow=&#8220;none&#8220; image_loading=&#8220;default&#8220; max_width=&#8220;100%&#8220; max_width_mobile=&#8220;default&#8220;][\/vc_column][vc_column column_padding=&#8220;no-extra-padding&#8220; column_padding_tablet=&#8220;inherit&#8220; column_padding_phone=&#8220;inherit&#8220; column_padding_position=&#8220;all&#8220; top_margin=&#8220;50&#8243; column_element_spacing=&#8220;default&#8220; background_color_opacity=&#8220;1&#8243; background_hover_color_opacity=&#8220;1&#8243; column_shadow=&#8220;none&#8220; column_border_radius=&#8220;none&#8220; column_link_target=&#8220;_self&#8220; column_position=&#8220;default&#8220; gradient_direction=&#8220;left_to_right&#8220; overlay_strength=&#8220;0.3&#8243; width=&#8220;1\/1&#8243; tablet_width_inherit=&#8220;default&#8220; tablet_text_alignment=&#8220;default&#8220; phone_text_alignment=&#8220;default&#8220; animation_type=&#8220;default&#8220; bg_image_animation=&#8220;none&#8220; border_type=&#8220;simple&#8220; column_border_width=&#8220;none&#8220; column_border_style=&#8220;solid&#8220;][vc_gallery type=&#8220;flickity_static_height_style&#8220; images=&#8220;452,448,430,431,428,507,506,459,458,432,454,436,508&#8243; flickity_spacing=&#8220;default&#8220; flickity_controls=&#8220;pagination&#8220; flickity_overflow=&#8220;hidden&#8220; flickity_wrap_around=&#8220;wrap&#8220; flickity_box_shadow=&#8220;none&#8220; image_loading=&#8220;default&#8220; onclick=&#8220;link_image&#8220; flickity_img_height=&#8220;300&#8243;][\/vc_column][\/vc_row][vc_row type=&#8220;full_width_background&#8220; full_screen_row_position=&#8220;middle&#8220; column_margin=&#8220;90px&#8220; equal_height=&#8220;yes&#8220; content_placement=&#8220;middle&#8220; column_direction=&#8220;default&#8220; column_direction_tablet=&#8220;default&#8220; column_direction_phone=&#8220;default&#8220; bg_color=&#8220;#7fc349&#8243; scene_position=&#8220;center&#8220; top_padding=&#8220;80&#8243; bottom_padding=&#8220;80&#8243; top_padding_phone=&#8220;45&#8243; bottom_padding_phone=&#8220;35&#8243; text_color=&#8220;light&#8220; text_align=&#8220;left&#8220; row_border_radius=&#8220;none&#8220; row_border_radius_applies=&#8220;bg&#8220; overflow=&#8220;visible&#8220; enable_gradient=&#8220;true&#8220; advanced_gradient_angle=&#8220;0&#8243; overlay_strength=&#8220;0.3&#8243; gradient_direction=&#8220;left_to_right&#8220; shape_divider_position=&#8220;bottom&#8220; bg_image_animation=&#8220;none&#8220; shape_type=&#8220;&#8220; gradient_type=&#8220;default&#8220;][vc_column column_padding=&#8220;no-extra-padding&#8220; column_padding_tablet=&#8220;inherit&#8220; column_padding_phone=&#8220;inherit&#8220; column_padding_position=&#8220;all&#8220; column_element_spacing=&#8220;default&#8220; background_color_opacity=&#8220;1&#8243; background_hover_color_opacity=&#8220;1&#8243; column_shadow=&#8220;none&#8220; column_border_radius=&#8220;none&#8220; column_link_target=&#8220;_self&#8220; column_position=&#8220;default&#8220; gradient_direction=&#8220;left_to_right&#8220; overlay_strength=&#8220;0.3&#8243; width=&#8220;1\/4&#8243; tablet_width_inherit=&#8220;default&#8220; tablet_text_alignment=&#8220;default&#8220; phone_text_alignment=&#8220;default&#8220; animation_type=&#8220;default&#8220; bg_image_animation=&#8220;none&#8220; border_type=&#8220;simple&#8220; column_border_width=&#8220;none&#8220; column_border_style=&#8220;solid&#8220;][image_with_animation image_url=&#8220;1120&#8243; image_size=&#8220;medium&#8220; animation_type=&#8220;entrance&#8220; animation=&#8220;Fade In&#8220; hover_animation=&#8220;none&#8220; alignment=&#8220;&#8220; border_radius=&#8220;none&#8220; box_shadow=&#8220;none&#8220; image_loading=&#8220;default&#8220; max_width=&#8220;100%&#8220; max_width_mobile=&#8220;default&#8220;][\/vc_column][vc_column column_padding=&#8220;no-extra-padding&#8220; column_padding_tablet=&#8220;inherit&#8220; column_padding_phone=&#8220;inherit&#8220; column_padding_position=&#8220;all&#8220; column_element_spacing=&#8220;default&#8220; background_color_opacity=&#8220;1&#8243; background_hover_color_opacity=&#8220;1&#8243; column_shadow=&#8220;none&#8220; column_border_radius=&#8220;none&#8220; column_link_target=&#8220;_self&#8220; column_position=&#8220;default&#8220; gradient_direction=&#8220;left_to_right&#8220; overlay_strength=&#8220;0.3&#8243; width=&#8220;3\/4&#8243; tablet_width_inherit=&#8220;default&#8220; tablet_text_alignment=&#8220;default&#8220; phone_text_alignment=&#8220;default&#8220; animation_type=&#8220;default&#8220; bg_image_animation=&#8220;none&#8220; border_type=&#8220;simple&#8220; column_border_width=&#8220;none&#8220; column_border_style=&#8220;solid&#8220;][vc_custom_heading text=&#8220;Bauernhof Hlebec \u2013 Tradition, die man schmeckt&#8220; use_theme_fonts=&#8220;yes&#8220;][divider line_type=&#8220;No Line&#8220; custom_height=&#8220;25&#8243;][vc_column_text]Genie\u00dfen Sie die Aromen unserer hofeigenen Produkte \u2013 mit Sorgfalt und Liebe zubereitet, sp\u00fcrbar in jedem Bissen. Von frisch gebackenem Brot \u00fcber hausgemachte Marmeladen bis hin zu regionalen Spezialit\u00e4ten \u2013 unser Fr\u00fchst\u00fcck ist ein wahres Fest f\u00fcr die Sinne.<\/p>\n<p data-start=\"383\" data-end=\"640\">Wir arbeiten eng mit lokalen Handwerkern, Produzenten und kulturellen Einrichtungen zusammen, um Ihnen authentische Erlebnisse zu bieten. Private Verkostungen? Selbstverst\u00e4ndlich. Und ja \u2013 alles wird nachhaltig angebaut, mit gr\u00f6\u00dftem Respekt f\u00fcr die Natur.<\/p>\n[\/vc_column_text][\/vc_column][\/vc_row][vc_row type=&#8220;full_width_content&#8220; full_screen_row_position=&#8220;middle&#8220; column_margin=&#8220;default&#8220; column_direction=&#8220;default&#8220; column_direction_tablet=&#8220;default&#8220; column_direction_phone=&#8220;default&#8220; bg_color=&#8220;#ffffff&#8220; scene_position=&#8220;center&#8220; top_padding=&#8220;80&#8243; bottom_padding=&#8220;50&#8243; top_padding_phone=&#8220;40&#8243; bottom_padding_phone=&#8220;5&#8243; text_color=&#8220;dark&#8220; text_align=&#8220;center&#8220; row_border_radius=&#8220;none&#8220; row_border_radius_applies=&#8220;bg&#8220; overflow=&#8220;visible&#8220; overlay_strength=&#8220;0.3&#8243; gradient_direction=&#8220;left_to_right&#8220; shape_divider_position=&#8220;bottom&#8220; bg_image_animation=&#8220;none&#8220; shape_type=&#8220;&#8220;][vc_column column_padding=&#8220;no-extra-padding&#8220; column_padding_tablet=&#8220;inherit&#8220; column_padding_phone=&#8220;inherit&#8220; column_padding_position=&#8220;all&#8220; column_element_spacing=&#8220;default&#8220; background_color_opacity=&#8220;1&#8243; background_hover_color_opacity=&#8220;1&#8243; column_shadow=&#8220;none&#8220; column_border_radius=&#8220;none&#8220; column_link_target=&#8220;_self&#8220; column_position=&#8220;default&#8220; gradient_direction=&#8220;left_to_right&#8220; overlay_strength=&#8220;0.3&#8243; width=&#8220;1\/1&#8243; tablet_width_inherit=&#8220;default&#8220; tablet_text_alignment=&#8220;default&#8220; phone_text_alignment=&#8220;default&#8220; animation_type=&#8220;default&#8220; bg_image_animation=&#8220;none&#8220; border_type=&#8220;simple&#8220; column_border_width=&#8220;none&#8220; column_border_style=&#8220;solid&#8220;][vc_custom_heading text=&#8220;Unsere Perfektion&#8220; font_container=&#8220;tag:h2|text_align:center&#8220; use_theme_fonts=&#8220;yes&#8220;][divider line_type=&#8220;No Line&#8220; custom_height=&#8220;25&#8243;][vc_column_text]Alles w\u00e4chst nachhaltig \u2013 im Einklang mit der Natur.[\/vc_column_text][divider line_type=&#8220;No Line&#8220; custom_height=&#8220;25&#8243;][vc_gallery type=&#8220;flickity_static_height_style&#8220; images=&#8220;7526&#8243; flickity_spacing=&#8220;default&#8220; flickity_controls=&#8220;none&#8220; flickity_overflow=&#8220;hidden&#8220; flickity_wrap_around=&#8220;wrap&#8220; flickity_box_shadow=&#8220;none&#8220; image_loading=&#8220;default&#8220; onclick=&#8220;link_image&#8220; flickity_img_height=&#8220;300&#8243;][\/vc_column][\/vc_row]\n","protected":false},"excerpt":{"rendered":"<p>[vc_row type=&#8220;in_container&#8220; full_screen_row_position=&#8220;middle&#8220; column_margin=&#8220;default&#8220; column_direction=&#8220;default&#8220; column_direction_tablet=&#8220;default&#8220; column_direction_phone=&#8220;default&#8220; scene_position=&#8220;center&#8220; top_padding=&#8220;0&#8243; bottom_padding=&#8220;60&#8243; bottom_padding_phone=&#8220;15&#8243; text_color=&#8220;dark&#8220; text_align=&#8220;left&#8220; row_border_radius=&#8220;none&#8220; row_border_radius_applies=&#8220;bg&#8220; overflow=&#8220;visible&#8220; overlay_strength=&#8220;0.3&#8243; gradient_direction=&#8220;left_to_right&#8220; shape_divider_position=&#8220;bottom&#8220; bg_image_animation=&#8220;none&#8220; shape_type=&#8220;&#8220;][vc_column column_padding=&#8220;no-extra-padding&#8220; column_padding_tablet=&#8220;inherit&#8220; column_padding_phone=&#8220;inherit&#8220; column_padding_position=&#8220;all&#8220; column_element_spacing=&#8220;default&#8220; background_color_opacity=&#8220;1&#8243; background_hover_color_opacity=&#8220;1&#8243; column_shadow=&#8220;none&#8220; column_border_radius=&#8220;none&#8220;&#8230;<\/p>\n","protected":false},"author":1,"featured_media":0,"parent":0,"menu_order":5,"comment_status":"closed","ping_status":"closed","template":"","meta":{"footnotes":""},"class_list":["post-2680","page","type-page","status-publish"],"yoast_head":"<!-- This site is optimized with the Yoast SEO plugin v27.2 - https:\/\/yoast.com\/product\/yoast-seo-wordpress\/ -->\n<title>Geschichten von Gestern und Heute - Resort Village Majer<\/title>\n<meta name=\"robots\" content=\"index, follow, max-snippet:-1, max-image-preview:large, max-video-preview:-1\" \/>\n<link rel=\"canonical\" href=\"https:\/\/www.resortvillagemajer.si\/de\/unsere-geschichte\/\" \/>\n<meta property=\"og:locale\" content=\"de_DE\" \/>\n<meta property=\"og:type\" content=\"article\" \/>\n<meta property=\"og:title\" content=\"Geschichten von Gestern und Heute - Resort Village Majer\" \/>\n<meta property=\"og:description\" content=\"[vc_row type=&#8220;in_container&#8220; full_screen_row_position=&#8220;middle&#8220; column_margin=&#8220;default&#8220; column_direction=&#8220;default&#8220; column_direction_tablet=&#8220;default&#8220; column_direction_phone=&#8220;default&#8220; scene_position=&#8220;center&#8220; top_padding=&#8220;0&#8243; bottom_padding=&#8220;60&#8243; bottom_padding_phone=&#8220;15&#8243; text_color=&#8220;dark&#8220; text_align=&#8220;left&#8220; row_border_radius=&#8220;none&#8220; row_border_radius_applies=&#8220;bg&#8220; overflow=&#8220;visible&#8220; overlay_strength=&#8220;0.3&#8243; gradient_direction=&#8220;left_to_right&#8220; shape_divider_position=&#8220;bottom&#8220; bg_image_animation=&#8220;none&#8220; shape_type=&#8220;&#8220;][vc_column column_padding=&#8220;no-extra-padding&#8220; column_padding_tablet=&#8220;inherit&#8220; column_padding_phone=&#8220;inherit&#8220; column_padding_position=&#8220;all&#8220; column_element_spacing=&#8220;default&#8220; background_color_opacity=&#8220;1&#8243; background_hover_color_opacity=&#8220;1&#8243; column_shadow=&#8220;none&#8220; column_border_radius=&#8220;none&#8220;...\" \/>\n<meta property=\"og:url\" content=\"https:\/\/www.resortvillagemajer.si\/de\/unsere-geschichte\/\" \/>\n<meta property=\"og:site_name\" content=\"Resort Village Majer\" \/>\n<meta property=\"article:publisher\" content=\"https:\/\/www.facebook.com\/ResortVillageMajer\" \/>\n<meta property=\"article:modified_time\" content=\"2025-10-24T08:11:58+00:00\" \/>\n<meta property=\"og:image\" content=\"https:\/\/www.resortvillagemajer.si\/wp-content\/uploads\/2021\/03\/logo.230x185.pokoncen.png\" \/>\n\t<meta property=\"og:image:width\" content=\"230\" \/>\n\t<meta property=\"og:image:height\" content=\"185\" \/>\n\t<meta property=\"og:image:type\" content=\"image\/png\" \/>\n<meta name=\"twitter:card\" content=\"summary_large_image\" \/>\n<meta name=\"twitter:label1\" content=\"Gesch\u00e4tzte Lesezeit\" \/>\n\t<meta name=\"twitter:data1\" content=\"3\u00a0Minuten\" \/>\n<script type=\"application\/ld+json\" class=\"yoast-schema-graph\">{\"@context\":\"https:\/\/schema.org\",\"@graph\":[{\"@type\":\"WebPage\",\"@id\":\"https:\/\/www.resortvillagemajer.si\/de\/unsere-geschichte\/\",\"url\":\"https:\/\/www.resortvillagemajer.si\/de\/unsere-geschichte\/\",\"name\":\"Geschichten von Gestern und Heute - Resort Village Majer\",\"isPartOf\":{\"@id\":\"https:\/\/www.resortvillagemajer.si\/de\/#website\"},\"datePublished\":\"2021-03-11T17:37:12+00:00\",\"dateModified\":\"2025-10-24T08:11:58+00:00\",\"breadcrumb\":{\"@id\":\"https:\/\/www.resortvillagemajer.si\/de\/unsere-geschichte\/#breadcrumb\"},\"inLanguage\":\"de\",\"potentialAction\":[{\"@type\":\"ReadAction\",\"target\":[\"https:\/\/www.resortvillagemajer.si\/de\/unsere-geschichte\/\"]}]},{\"@type\":\"BreadcrumbList\",\"@id\":\"https:\/\/www.resortvillagemajer.si\/de\/unsere-geschichte\/#breadcrumb\",\"itemListElement\":[{\"@type\":\"ListItem\",\"position\":1,\"name\":\"Sie suchten nach\",\"item\":\"https:\/\/www.resortvillagemajer.si\/de\/\"},{\"@type\":\"ListItem\",\"position\":2,\"name\":\"Geschichten von Gestern und Heute\"}]},{\"@type\":\"WebSite\",\"@id\":\"https:\/\/www.resortvillagemajer.si\/de\/#website\",\"url\":\"https:\/\/www.resortvillagemajer.si\/de\/\",\"name\":\"Resort Village Majer\",\"description\":\"Srce Bele krajine\",\"publisher\":{\"@id\":\"https:\/\/www.resortvillagemajer.si\/de\/#organization\"},\"potentialAction\":[{\"@type\":\"SearchAction\",\"target\":{\"@type\":\"EntryPoint\",\"urlTemplate\":\"https:\/\/www.resortvillagemajer.si\/de\/?s={search_term_string}\"},\"query-input\":{\"@type\":\"PropertyValueSpecification\",\"valueRequired\":true,\"valueName\":\"search_term_string\"}}],\"inLanguage\":\"de\"},{\"@type\":\"Organization\",\"@id\":\"https:\/\/www.resortvillagemajer.si\/de\/#organization\",\"name\":\"Resort Village Majer\",\"url\":\"https:\/\/www.resortvillagemajer.si\/de\/\",\"logo\":{\"@type\":\"ImageObject\",\"inLanguage\":\"de\",\"@id\":\"https:\/\/www.resortvillagemajer.si\/de\/#\/schema\/logo\/image\/\",\"url\":\"https:\/\/www.resortvillagemajer.si\/wp-content\/uploads\/2021\/03\/logo.230x185.pokoncen.png\",\"contentUrl\":\"https:\/\/www.resortvillagemajer.si\/wp-content\/uploads\/2021\/03\/logo.230x185.pokoncen.png\",\"width\":230,\"height\":185,\"caption\":\"Resort Village Majer\"},\"image\":{\"@id\":\"https:\/\/www.resortvillagemajer.si\/de\/#\/schema\/logo\/image\/\"},\"sameAs\":[\"https:\/\/www.facebook.com\/ResortVillageMajer\",\"https:\/\/www.instagram.com\/ResortVillageMajer\",\"https:\/\/www.tripadvisor.com\/ResortVillageMajer\"]}]}<\/script>\n<!-- \/ Yoast SEO plugin. -->","yoast_head_json":{"title":"Geschichten von Gestern und Heute - Resort Village Majer","robots":{"index":"index","follow":"follow","max-snippet":"max-snippet:-1","max-image-preview":"max-image-preview:large","max-video-preview":"max-video-preview:-1"},"canonical":"https:\/\/www.resortvillagemajer.si\/de\/unsere-geschichte\/","og_locale":"de_DE","og_type":"article","og_title":"Geschichten von Gestern und Heute - Resort Village Majer","og_description":"[vc_row type=&#8220;in_container&#8220; full_screen_row_position=&#8220;middle&#8220; column_margin=&#8220;default&#8220; column_direction=&#8220;default&#8220; column_direction_tablet=&#8220;default&#8220; column_direction_phone=&#8220;default&#8220; scene_position=&#8220;center&#8220; top_padding=&#8220;0&#8243; bottom_padding=&#8220;60&#8243; bottom_padding_phone=&#8220;15&#8243; text_color=&#8220;dark&#8220; text_align=&#8220;left&#8220; row_border_radius=&#8220;none&#8220; row_border_radius_applies=&#8220;bg&#8220; overflow=&#8220;visible&#8220; overlay_strength=&#8220;0.3&#8243; gradient_direction=&#8220;left_to_right&#8220; shape_divider_position=&#8220;bottom&#8220; bg_image_animation=&#8220;none&#8220; shape_type=&#8220;&#8220;][vc_column column_padding=&#8220;no-extra-padding&#8220; column_padding_tablet=&#8220;inherit&#8220; column_padding_phone=&#8220;inherit&#8220; column_padding_position=&#8220;all&#8220; column_element_spacing=&#8220;default&#8220; background_color_opacity=&#8220;1&#8243; background_hover_color_opacity=&#8220;1&#8243; column_shadow=&#8220;none&#8220; column_border_radius=&#8220;none&#8220;...","og_url":"https:\/\/www.resortvillagemajer.si\/de\/unsere-geschichte\/","og_site_name":"Resort Village Majer","article_publisher":"https:\/\/www.facebook.com\/ResortVillageMajer","article_modified_time":"2025-10-24T08:11:58+00:00","og_image":[{"width":230,"height":185,"url":"https:\/\/www.resortvillagemajer.si\/wp-content\/uploads\/2021\/03\/logo.230x185.pokoncen.png","type":"image\/png"}],"twitter_card":"summary_large_image","twitter_misc":{"Gesch\u00e4tzte Lesezeit":"3\u00a0Minuten"},"schema":{"@context":"https:\/\/schema.org","@graph":[{"@type":"WebPage","@id":"https:\/\/www.resortvillagemajer.si\/de\/unsere-geschichte\/","url":"https:\/\/www.resortvillagemajer.si\/de\/unsere-geschichte\/","name":"Geschichten von Gestern und Heute - Resort Village Majer","isPartOf":{"@id":"https:\/\/www.resortvillagemajer.si\/de\/#website"},"datePublished":"2021-03-11T17:37:12+00:00","dateModified":"2025-10-24T08:11:58+00:00","breadcrumb":{"@id":"https:\/\/www.resortvillagemajer.si\/de\/unsere-geschichte\/#breadcrumb"},"inLanguage":"de","potentialAction":[{"@type":"ReadAction","target":["https:\/\/www.resortvillagemajer.si\/de\/unsere-geschichte\/"]}]},{"@type":"BreadcrumbList","@id":"https:\/\/www.resortvillagemajer.si\/de\/unsere-geschichte\/#breadcrumb","itemListElement":[{"@type":"ListItem","position":1,"name":"Sie suchten nach","item":"https:\/\/www.resortvillagemajer.si\/de\/"},{"@type":"ListItem","position":2,"name":"Geschichten von Gestern und Heute"}]},{"@type":"WebSite","@id":"https:\/\/www.resortvillagemajer.si\/de\/#website","url":"https:\/\/www.resortvillagemajer.si\/de\/","name":"Resort Village Majer","description":"Srce Bele krajine","publisher":{"@id":"https:\/\/www.resortvillagemajer.si\/de\/#organization"},"potentialAction":[{"@type":"SearchAction","target":{"@type":"EntryPoint","urlTemplate":"https:\/\/www.resortvillagemajer.si\/de\/?s={search_term_string}"},"query-input":{"@type":"PropertyValueSpecification","valueRequired":true,"valueName":"search_term_string"}}],"inLanguage":"de"},{"@type":"Organization","@id":"https:\/\/www.resortvillagemajer.si\/de\/#organization","name":"Resort Village Majer","url":"https:\/\/www.resortvillagemajer.si\/de\/","logo":{"@type":"ImageObject","inLanguage":"de","@id":"https:\/\/www.resortvillagemajer.si\/de\/#\/schema\/logo\/image\/","url":"https:\/\/www.resortvillagemajer.si\/wp-content\/uploads\/2021\/03\/logo.230x185.pokoncen.png","contentUrl":"https:\/\/www.resortvillagemajer.si\/wp-content\/uploads\/2021\/03\/logo.230x185.pokoncen.png","width":230,"height":185,"caption":"Resort Village Majer"},"image":{"@id":"https:\/\/www.resortvillagemajer.si\/de\/#\/schema\/logo\/image\/"},"sameAs":["https:\/\/www.facebook.com\/ResortVillageMajer","https:\/\/www.instagram.com\/ResortVillageMajer","https:\/\/www.tripadvisor.com\/ResortVillageMajer"]}]}},"_links":{"self":[{"href":"https:\/\/www.resortvillagemajer.si\/de\/wp-json\/wp\/v2\/pages\/2680","targetHints":{"allow":["GET"]}}],"collection":[{"href":"https:\/\/www.resortvillagemajer.si\/de\/wp-json\/wp\/v2\/pages"}],"about":[{"href":"https:\/\/www.resortvillagemajer.si\/de\/wp-json\/wp\/v2\/types\/page"}],"author":[{"embeddable":true,"href":"https:\/\/www.resortvillagemajer.si\/de\/wp-json\/wp\/v2\/users\/1"}],"replies":[{"embeddable":true,"href":"https:\/\/www.resortvillagemajer.si\/de\/wp-json\/wp\/v2\/comments?post=2680"}],"version-history":[{"count":14,"href":"https:\/\/www.resortvillagemajer.si\/de\/wp-json\/wp\/v2\/pages\/2680\/revisions"}],"predecessor-version":[{"id":7529,"href":"https:\/\/www.resortvillagemajer.si\/de\/wp-json\/wp\/v2\/pages\/2680\/revisions\/7529"}],"wp:attachment":[{"href":"https:\/\/www.resortvillagemajer.si\/de\/wp-json\/wp\/v2\/media?parent=2680"}],"curies":[{"name":"wp","href":"https:\/\/api.w.org\/{rel}","templated":true}]}}